{"id":415,"date":"2017-05-26T09:31:11","date_gmt":"2017-05-26T07:31:11","guid":{"rendered":"https:\/\/ele.inmsol.com\/?page_id=415\/"},"modified":"2019-11-13T12:44:31","modified_gmt":"2019-11-13T11:44:31","slug":"kulturelle-aktivitaeten-und-ausfluege","status":"publish","type":"page","link":"https:\/\/ele.inmsol.com\/de\/kulturelle-aktivitaeten-und-ausfluege\/","title":{"rendered":"Kulturelle Aktivit\u00e4ten und Ausfl\u00fcge"},"content":{"rendered":"<div id=\"pl-415\"  class=\"panel-layout\" ><div id=\"pg-415-0\"  class=\"panel-grid panel-has-style\" ><div class=\"siteorigin-panels-stretch panel-row-style panel-row-style-for-415-0\" data-stretch-type=\"full\" ><div id=\"pgc-415-0-0\"  class=\"panel-grid-cell\" ><div id=\"panel-415-0-0-0\" class=\"so-panel widget widget_sow-image panel-first-child panel-last-child\" data-index=\"0\" ><div\n\t\t\t\n\t\t\tclass=\"so-widget-sow-image so-widget-sow-image-default-dbf295114b96-415\"\n\t\t\t\n\t\t>\n<div class=\"sow-image-container\">\n\t\t<img \n\tsrc=\"https:\/\/ele.inmsol.com\/wp-content\/uploads\/2017\/04\/actividad-visita-alhambra-877x450.jpg\" width=\"877\" height=\"450\" srcset=\"https:\/\/ele.inmsol.com\/wp-content\/uploads\/2017\/04\/actividad-visita-alhambra-877x450.jpg 877w, https:\/\/ele.inmsol.com\/wp-content\/uploads\/2017\/04\/actividad-visita-alhambra-877x450-600x308.jpg 600w, https:\/\/ele.inmsol.com\/wp-content\/uploads\/2017\/04\/actividad-visita-alhambra-877x450-768x394.jpg 768w\" sizes=\"(max-width: 877px) 100vw, 877px\" title=\"Actividad-visita-Alhambra-877&#215;450\" alt=\"\" \t\tclass=\"so-widget-image\"\/>\n\t<\/div>\n\n<\/div><\/div><\/div><\/div><\/div><div id=\"pg-415-1\"  class=\"panel-grid panel-no-style\" ><div id=\"pgc-415-1-0\"  class=\"panel-grid-cell\" ><div id=\"panel-415-1-0-0\" class=\"so-panel widget widget_sow-editor panel-first-child panel-last-child\" data-index=\"1\" ><div\n\t\t\t\n\t\t\tclass=\"so-widget-sow-editor so-widget-sow-editor-base\"\n\t\t\t\n\t\t>\n<div class=\"siteorigin-widget-tinymce textwidget\">\n\t<section class=\"post-entry\">\n<p class=\"rteleft\"><strong>Jede Woche organisiert Instituto Mediterraneo Sol ein Programm mit kulturelle und kreative Aktivit\u00e4ten f\u00fcr unsere Sch\u00fcler. Es ist nicht nur f\u00fcr diese, die ein Spachkurs gew\u00e4hlt haben, aber auch f\u00fcr diese, die ein spezielle Kurs gew\u00e4hlt haben, wie der Ausbildungkurs f\u00fcr Spanischlehrer. <\/strong><\/p>\n<p>Dieses Programm beg\u00fcnstigt das Lernen vom Spanisch w\u00e4hrend erleichtert der kulturelle Beitritt der Sch\u00fcler. F\u00fcr die Teilnehmer des Ausbildungskurs f\u00fcr Spanischlehrer gibt es ein extra Vorteil. Sie k\u00f6nnen am Kursprogramm teilnehmen und auch machen:<\/p>\n<ul>\n<li>Bemerkungen \u00fcber den Kurs<\/li>\n<li>Zeichnung des Kurs<\/li>\n<li>Teilnahme am Kursinhalt<\/li>\n<\/ul>\n<p>Einige Aktivit\u00e4ten sind kostenlos und einige werden bezahlt.<\/p>\n<p class=\"rtecenter\"><b>Kostenl\u00f6se Aktivit\u00e4ten:<\/b><\/p>\n<ul>\n<li>Klase von Geschichte, Literatur, Kultur von Spanien und Latin America.<\/li>\n<li>Diskussion \u00fcber Themen aktuellen des spanischsprachiges Welt.<\/li>\n<li>Kurzfilme Werkstatt.<\/li>\n<li>Musik Werkstatt.<\/li>\n<li>Vorf\u00fchrung von spanischen Filmen<\/li>\n<li>Besuch in Cuarto Real de Santo Domingo.<\/li>\n<li>Schreiben und Vokabul\u00e4r Werkstatt.<\/li>\n<li>Besuch in Albaicin und Sacromonte.<\/li>\n<li>Besuch im Zentrum und die Quartel von Realejo.<\/li>\n<li>Besuch in Carmen de los Martires.<\/li>\n<li>Besuch in den Orten, die relativ mit Lorca sind.<\/li>\n<li>Graffiti Fahrt.<\/li>\n<li>Statuefahrt<\/li>\n<li>Besuch im Museum Casa de los Tiros<\/li>\n<li>Besuch im Museum Jose Guerrero<\/li>\n<\/ul>\n<p class=\"rtecenter\"><b>Bezahlte Aktivit\u00e4aten: <\/b><\/p>\n<ul>\n<li>Besuch im Museum von Federico Garcia Lorca in Huerta de San Vincente: 6\u20ac\/Student<\/li>\n<li>Besuch in Museum Fuente Vaqueros: 13\u20ac\/Student<\/li>\n<li>Besuch in Monasterio de la Cartuja: 6\u20ac\/Student<\/li>\n<li>Besuch im Cathedral und Capilla Real: 9\u20ac\/Student<\/li>\n<li>Besuch im Museum von Manuel de Falla: 6\u20ac\/Student<\/li>\n<li>Besuch in Alhambra und Generalige: 35\u20ac\/Student<\/li>\n<li>Besuch in Parque de las Ciencias und Planetarium: 9\u20ac\/Student<\/li>\n<li>Besuch in Museum Memoria Historica de Andalucia: 8\u20ac\/Student<\/li>\n<li>Flamenco in Sacromonte: 20-25\u20ac\/Student<\/li>\n<li>Tapas: 14\u20ac\/Student. Mit 3 Portionen.<\/li>\n<li>Churros con chocolate: 5\u20ac\/Student<\/li>\n<li>Hammam und Massage (15 min) von 2 Uhren: 25\u20ac\/Student<\/li>\n<\/ul>\n<p><strong>Ausfl\u00fcge und zus\u00e4tzliche Kurse <\/strong><\/p>\n<p>Diese Ausfl\u00fcge und diese Kurse werden nicht von unsere Lehrer durchgef\u00fchrt. Es gibt Proffesionale von jeden Bericht, die verantw\u00f6rtlich f\u00fcr jede Aktivit\u00e4t sind.<\/p>\n<\/p>\n<ul>\n<li><strong>Seville: 59\u20ac* <\/strong><\/li>\n<li><strong>Cordoba: 53\u20ac* <\/strong><\/li>\n<li><strong>Costa Tropical\/Pueblos Blancos: 44\u20ac* <\/strong><\/li>\n<li><strong>La Alpujarra: 42\u20ac* <\/strong><\/li>\n<li><strong>Marrakech: 195\u20ac* <\/strong><\/li>\n<li><strong>Ronda: 59\u20ac*<\/strong><\/li>\n<\/ul>\n<p class=\"rtecenter\"><strong>Die Preise sind approximativ. Der Ausflugpreis enthaltet: <\/strong><\/p>\n<ul>\n<li><strong>F\u00fchrungsfahrt: alla Aktivit\u00e4ten werden, wie alle die Klasse, auf Spanisch durchgef\u00fchrt.<\/strong><\/li>\n<li><strong>Transport mit Bus oder Minibus <\/strong><\/li>\n<li><strong>Eintrittskarte f\u00fcr alla die besuchende Monumente <\/strong><\/li>\n<li><strong>Versicherung<\/strong><\/li>\n<\/ul>\n<p><strong>Zus\u00e4tzliche Kurse (Die Preise h\u00e4ngen von die Yahl der Sch\u00fcler ab.)<\/strong><\/p>\n<ul>\n<li>Sevillanas Klasse, ein traditionelle Tanz von Andalusia der von vier Teile enthaltet.<\/li>\n<li>Flamenco Klasse<\/li>\n<li>Guitar Klasse<\/li>\n<li>Pferd reiten<\/li>\n<li>Ski Klasse in Sierra Nevada<\/li>\n<li>Kochen Klasse<\/li>\n<li>Keramik Klasse<\/li>\n<\/ul>\n<\/section>\n<\/div>\n<\/div><\/div><\/div><\/div><\/div>","protected":false},"excerpt":{"rendered":"<p>Jede Woche organisiert Instituto Mediterraneo Sol ein Programm mit kulturelle und kreative Aktivit\u00e4ten f\u00fcr unsere Sch\u00fcler. Es ist nicht nur f\u00fcr diese, die ein Spachkurs gew\u00e4hlt haben, aber auch f\u00fcr diese, die ein spezielle Kurs gew\u00e4hlt haben, wie der Ausbildungkurs f\u00fcr Spanischlehrer. Dieses Programm beg\u00fcnstigt das Lernen vom Spanisch w\u00e4hrend erleichtert der kulturelle Beitritt der Sch\u00fcler. F\u00fcr die Teilnehmer des&#8230;<\/p>\n","protected":false},"author":8,"featured_media":0,"parent":0,"menu_order":0,"comment_status":"closed","ping_status":"closed","template":"","meta":{"inline_featured_image":false,"_monsterinsights_skip_tracking":false,"_monsterinsights_sitenote_active":false,"_monsterinsights_sitenote_note":"","_monsterinsights_sitenote_category":0,"_genesis_hide_title":false,"_genesis_hide_breadcrumbs":false,"_genesis_hide_singular_image":false,"_genesis_hide_footer_widgets":false,"_genesis_custom_body_class":"","_genesis_custom_post_class":"","_genesis_layout":"","footnotes":""},"class_list":{"0":"post-415","1":"page","2":"type-page","3":"status-publish","5":"entry"},"yoast_head":"<!-- This site is optimized with the Yoast SEO plugin v27.4 - https:\/\/yoast.com\/product\/yoast-seo-wordpress\/ -->\n<title>Kulturelle Aktivit\u00e4ten und Ausfl\u00fcge - iNMSOL ELE<\/title>\n<meta name=\"robots\" content=\"index, follow, max-snippet:-1, max-image-preview:large, max-video-preview:-1\" \/>\n<link rel=\"canonical\" href=\"https:\/\/ele.inmsol.com\/de\/kulturelle-aktivitaeten-und-ausfluege\/\" \/>\n<meta property=\"og:locale\" content=\"de_DE\" \/>\n<meta property=\"og:type\" content=\"article\" \/>\n<meta property=\"og:title\" content=\"Kulturelle Aktivit\u00e4ten und Ausfl\u00fcge - iNMSOL ELE\" \/>\n<meta property=\"og:description\" content=\"Jede Woche organisiert Instituto Mediterraneo Sol ein Programm mit kulturelle und kreative Aktivit\u00e4ten f\u00fcr unsere Sch\u00fcler. Es ist nicht nur f\u00fcr diese, die ein Spachkurs gew\u00e4hlt haben, aber auch f\u00fcr diese, die ein spezielle Kurs gew\u00e4hlt haben, wie der Ausbildungkurs f\u00fcr Spanischlehrer. Dieses Programm beg\u00fcnstigt das Lernen vom Spanisch w\u00e4hrend erleichtert der kulturelle Beitritt der Sch\u00fcler. F\u00fcr die Teilnehmer des...\" \/>\n<meta property=\"og:url\" content=\"https:\/\/ele.inmsol.com\/de\/kulturelle-aktivitaeten-und-ausfluege\/\" \/>\n<meta property=\"og:site_name\" content=\"iNMSOL ELE\" \/>\n<meta property=\"article:publisher\" content=\"https:\/\/www.facebook.com\/spanishcourses\" \/>\n<meta property=\"article:modified_time\" content=\"2019-11-13T11:44:31+00:00\" \/>\n<meta name=\"twitter:card\" content=\"summary_large_image\" \/>\n<meta name=\"twitter:site\" content=\"@StudyInGranada\" \/>\n<meta name=\"twitter:label1\" content=\"Gesch\u00e4tzte Lesezeit\" \/>\n\t<meta name=\"twitter:data1\" content=\"2\u00a0Minuten\" \/>\n<script type=\"application\/ld+json\" class=\"yoast-schema-graph\">{\"@context\":\"https:\\\/\\\/schema.org\",\"@graph\":[{\"@type\":\"WebPage\",\"@id\":\"https:\\\/\\\/ele.inmsol.com\\\/de\\\/kulturelle-aktivitaeten-und-ausfluege\\\/\",\"url\":\"https:\\\/\\\/ele.inmsol.com\\\/de\\\/kulturelle-aktivitaeten-und-ausfluege\\\/\",\"name\":\"Kulturelle Aktivit\u00e4ten und Ausfl\u00fcge - iNMSOL ELE\",\"isPartOf\":{\"@id\":\"https:\\\/\\\/ele.inmsol.com\\\/en\\\/#website\"},\"datePublished\":\"2017-05-26T07:31:11+00:00\",\"dateModified\":\"2019-11-13T11:44:31+00:00\",\"breadcrumb\":{\"@id\":\"https:\\\/\\\/ele.inmsol.com\\\/de\\\/kulturelle-aktivitaeten-und-ausfluege\\\/#breadcrumb\"},\"inLanguage\":\"de\",\"potentialAction\":[{\"@type\":\"ReadAction\",\"target\":[\"https:\\\/\\\/ele.inmsol.com\\\/de\\\/kulturelle-aktivitaeten-und-ausfluege\\\/\"]}]},{\"@type\":\"BreadcrumbList\",\"@id\":\"https:\\\/\\\/ele.inmsol.com\\\/de\\\/kulturelle-aktivitaeten-und-ausfluege\\\/#breadcrumb\",\"itemListElement\":[{\"@type\":\"ListItem\",\"position\":1,\"name\":\"Portada\",\"item\":\"https:\\\/\\\/ele.inmsol.com\\\/de\\\/\"},{\"@type\":\"ListItem\",\"position\":2,\"name\":\"Kulturelle Aktivit\u00e4ten und Ausfl\u00fcge\"}]},{\"@type\":\"WebSite\",\"@id\":\"https:\\\/\\\/ele.inmsol.com\\\/en\\\/#website\",\"url\":\"https:\\\/\\\/ele.inmsol.com\\\/en\\\/\",\"name\":\"iNMSOL ELE\",\"description\":\"Cursos Profesores Espa\u00f1ol ELE\",\"potentialAction\":[{\"@type\":\"SearchAction\",\"target\":{\"@type\":\"EntryPoint\",\"urlTemplate\":\"https:\\\/\\\/ele.inmsol.com\\\/en\\\/?s={search_term_string}\"},\"query-input\":{\"@type\":\"PropertyValueSpecification\",\"valueRequired\":true,\"valueName\":\"search_term_string\"}}],\"inLanguage\":\"de\"}]}<\/script>\n<!-- \/ Yoast SEO plugin. -->","yoast_head_json":{"title":"Kulturelle Aktivit\u00e4ten und Ausfl\u00fcge - iNMSOL ELE","robots":{"index":"index","follow":"follow","max-snippet":"max-snippet:-1","max-image-preview":"max-image-preview:large","max-video-preview":"max-video-preview:-1"},"canonical":"https:\/\/ele.inmsol.com\/de\/kulturelle-aktivitaeten-und-ausfluege\/","og_locale":"de_DE","og_type":"article","og_title":"Kulturelle Aktivit\u00e4ten und Ausfl\u00fcge - iNMSOL ELE","og_description":"Jede Woche organisiert Instituto Mediterraneo Sol ein Programm mit kulturelle und kreative Aktivit\u00e4ten f\u00fcr unsere Sch\u00fcler. Es ist nicht nur f\u00fcr diese, die ein Spachkurs gew\u00e4hlt haben, aber auch f\u00fcr diese, die ein spezielle Kurs gew\u00e4hlt haben, wie der Ausbildungkurs f\u00fcr Spanischlehrer. Dieses Programm beg\u00fcnstigt das Lernen vom Spanisch w\u00e4hrend erleichtert der kulturelle Beitritt der Sch\u00fcler. F\u00fcr die Teilnehmer des...","og_url":"https:\/\/ele.inmsol.com\/de\/kulturelle-aktivitaeten-und-ausfluege\/","og_site_name":"iNMSOL ELE","article_publisher":"https:\/\/www.facebook.com\/spanishcourses","article_modified_time":"2019-11-13T11:44:31+00:00","twitter_card":"summary_large_image","twitter_site":"@StudyInGranada","twitter_misc":{"Gesch\u00e4tzte Lesezeit":"2\u00a0Minuten"},"schema":{"@context":"https:\/\/schema.org","@graph":[{"@type":"WebPage","@id":"https:\/\/ele.inmsol.com\/de\/kulturelle-aktivitaeten-und-ausfluege\/","url":"https:\/\/ele.inmsol.com\/de\/kulturelle-aktivitaeten-und-ausfluege\/","name":"Kulturelle Aktivit\u00e4ten und Ausfl\u00fcge - iNMSOL ELE","isPartOf":{"@id":"https:\/\/ele.inmsol.com\/en\/#website"},"datePublished":"2017-05-26T07:31:11+00:00","dateModified":"2019-11-13T11:44:31+00:00","breadcrumb":{"@id":"https:\/\/ele.inmsol.com\/de\/kulturelle-aktivitaeten-und-ausfluege\/#breadcrumb"},"inLanguage":"de","potentialAction":[{"@type":"ReadAction","target":["https:\/\/ele.inmsol.com\/de\/kulturelle-aktivitaeten-und-ausfluege\/"]}]},{"@type":"BreadcrumbList","@id":"https:\/\/ele.inmsol.com\/de\/kulturelle-aktivitaeten-und-ausfluege\/#breadcrumb","itemListElement":[{"@type":"ListItem","position":1,"name":"Portada","item":"https:\/\/ele.inmsol.com\/de\/"},{"@type":"ListItem","position":2,"name":"Kulturelle Aktivit\u00e4ten und Ausfl\u00fcge"}]},{"@type":"WebSite","@id":"https:\/\/ele.inmsol.com\/en\/#website","url":"https:\/\/ele.inmsol.com\/en\/","name":"iNMSOL ELE","description":"Cursos Profesores Espa\u00f1ol ELE","potentialAction":[{"@type":"SearchAction","target":{"@type":"EntryPoint","urlTemplate":"https:\/\/ele.inmsol.com\/en\/?s={search_term_string}"},"query-input":{"@type":"PropertyValueSpecification","valueRequired":true,"valueName":"search_term_string"}}],"inLanguage":"de"}]}},"_links":{"self":[{"href":"https:\/\/ele.inmsol.com\/de\/wp-json\/wp\/v2\/pages\/415","targetHints":{"allow":["GET"]}}],"collection":[{"href":"https:\/\/ele.inmsol.com\/de\/wp-json\/wp\/v2\/pages"}],"about":[{"href":"https:\/\/ele.inmsol.com\/de\/wp-json\/wp\/v2\/types\/page"}],"author":[{"embeddable":true,"href":"https:\/\/ele.inmsol.com\/de\/wp-json\/wp\/v2\/users\/8"}],"replies":[{"embeddable":true,"href":"https:\/\/ele.inmsol.com\/de\/wp-json\/wp\/v2\/comments?post=415"}],"version-history":[{"count":0,"href":"https:\/\/ele.inmsol.com\/de\/wp-json\/wp\/v2\/pages\/415\/revisions"}],"wp:attachment":[{"href":"https:\/\/ele.inmsol.com\/de\/wp-json\/wp\/v2\/media?parent=415"}],"curies":[{"name":"wp","href":"https:\/\/api.w.org\/{rel}","templated":true}]}}