{"id":537,"date":"2017-05-31T10:18:56","date_gmt":"2017-05-31T08:18:56","guid":{"rendered":"https:\/\/ele.inmsol.com\/?page_id=537\/"},"modified":"2019-11-13T13:10:24","modified_gmt":"2019-11-13T12:10:24","slug":"unterkunft","status":"publish","type":"page","link":"https:\/\/ele.inmsol.com\/de\/unterkunft\/","title":{"rendered":"Unterkunft"},"content":{"rendered":"<div id=\"pl-537\"  class=\"panel-layout\" ><div id=\"pg-537-0\"  class=\"panel-grid panel-has-style\" ><div class=\"siteorigin-panels-stretch panel-row-style panel-row-style-for-537-0\" data-stretch-type=\"full\" ><div id=\"pgc-537-0-0\"  class=\"panel-grid-cell\" ><div id=\"panel-537-0-0-0\" class=\"so-panel widget widget_sow-image panel-first-child panel-last-child\" data-index=\"0\" ><div\n\t\t\t\n\t\t\tclass=\"so-widget-sow-image so-widget-sow-image-default-dbf295114b96-537\"\n\t\t\t\n\t\t>\n<div class=\"sow-image-container\">\n\t\t<img \n\tsrc=\"https:\/\/ele.inmsol.com\/wp-content\/uploads\/2017\/04\/alojamiento-piso-compartido2-877x450.jpg\" width=\"877\" height=\"450\" srcset=\"https:\/\/ele.inmsol.com\/wp-content\/uploads\/2017\/04\/alojamiento-piso-compartido2-877x450.jpg 877w, https:\/\/ele.inmsol.com\/wp-content\/uploads\/2017\/04\/alojamiento-piso-compartido2-877x450-600x308.jpg 600w, https:\/\/ele.inmsol.com\/wp-content\/uploads\/2017\/04\/alojamiento-piso-compartido2-877x450-768x394.jpg 768w\" sizes=\"(max-width: 877px) 100vw, 877px\" title=\"Alojamiento iNMSOL\" alt=\"Alojamiento iNMSOL\" \t\tclass=\"so-widget-image\"\/>\n\t<\/div>\n\n<\/div><\/div><\/div><\/div><\/div><div id=\"pg-537-1\"  class=\"panel-grid panel-no-style\" ><div id=\"pgc-537-1-0\"  class=\"panel-grid-cell\" ><div id=\"panel-537-1-0-0\" class=\"so-panel widget widget_sow-editor panel-first-child panel-last-child\" data-index=\"1\" ><div\n\t\t\t\n\t\t\tclass=\"so-widget-sow-editor so-widget-sow-editor-base\"\n\t\t\t\n\t\t>\n<div class=\"siteorigin-widget-tinymce textwidget\">\n\t<section class=\"post-entry\">Gerne sind wir Ihnen auf Ihren Wunsch hin bei der Unterkunftssuche als Vermittler behilflich und garantieren Ihnen somit, dass diese bei Ihrer Ankunft frei ist.<b>Allgemeine Bedingungen f\u00fcr die Unterk\u00fcnfte:<\/b> <\/p>\n<ul>\n<li>Die Aufenthaltswoche f\u00e4ngt am <b>Sonntag vor Kursbeginn an und endet am Samstag nach Kursende<\/b>.<\/li>\n<li><b>Zuschl\u00e4ge: <\/b>\n<ul>\n<li><b>Zus\u00e4tzliche N\u00e4chte:<\/b> Jede zus\u00e4tzliche Nacht hat einen Extrapreis, je nach der vom Sch\u00fclern gew\u00e4hlten Unterkunftsart.<\/li>\n<li><b>Begleitperson:<\/b> Der Sch\u00fcler kann von einer Person begleitet werden, die zwar nicht am Unterricht teilnimmt, aber eine Unterkunft ben\u00f6tigt. Diese \u201cBegleitpersonen\u201d haben einen Sonderpreis f\u00fcr die von ihnen gew\u00e4hlte Unterkunft zu entrichten (s. <a href=\"https:\/\/www.inmsol.com\/de\/preise\/\"><b>Preise<\/b><\/a>) und k\u00f6nnen an den von der Schule angebotenen au\u00dferschulischen Aktivit\u00e4ten teilnehmen.<\/li>\n<\/ul>\n<\/li>\n<li><b>Ankunftszeit:<\/b> Gegen <b>16:00 Uhr<\/b><\/li>\n<li><b>Abreisezeit:<\/b> Vor <b>12:00 Uhr<\/b>.<\/li>\n<li>Jedem Teilnehmer wird das n\u00f6tige Bettzeug zur Verf\u00fcgung gestellt (Kissen, Bettlaken, Decken usw.), Handt\u00fccher und Toilettenartikel m\u00fcssen selbst mitgebracht werden.<\/li>\n<li>Die <b>durchschnittliche Entfernung<\/b> der Unterk\u00fcnfte zur Schule betr\u00e4gt in Granada <b>15-20 Gehminuten<\/b>.<\/li>\n<\/ul>\n<p><b>Es kann zwischen folgenden Modalit\u00e4ten gew\u00e4hlt werden: <\/b><\/p>\n<ul>\n<li><b>Wohngemeinschaft:<\/b> Vollst\u00e4ndig m\u00f6blierte Appartements.\n<ul>\n<li>Die Zimmer sind folgenderma\u00dfen ausgestattet: Bett, Schrank, Schreibtisch, Stuhl<\/li>\n<li>Gemeinschaftsbereiche:\n<ul>\n<li>entsprechend eingerichtetes Wohnzimmer mit TV, TDT, DVD<\/li>\n<li>K\u00fcche mit Herd, K\u00fchlschrank, Waschmaschine<\/li>\n<li>Badezimmer<\/li>\n<\/ul>\n<\/li>\n<\/ul>\n<\/li>\n<li><b>\u201cGastfamilie\u201d:<\/b> <b><i>Halbpension <\/i><\/b>(zwei Mahlzeiten: Fr\u00fchst\u00fcck und Mittag- oder Abendessen) und <i><b>Vollpension<\/b><\/i> (drei Mahlzeiten: Fr\u00fchst\u00fcck, Mittag- und Abendessen) im Einzel- oder Doppelzimmer. Einmal w\u00f6chentlich wird die W\u00e4sche gewaschen. Bei der Anmeldung m\u00fcssen Ern\u00e4hrungsgewohnheiten und eventuelle Allergien oder Unvertr\u00e4glichkeiten angegeben werden. Ausserdem sollte der Sch\u00fcler mitteilen, ob er Raucher oder Nichtraucher ist.<\/li>\n<\/ul>\n<ul>\n<li><b>Reservierung exklusiver Hotels, Hostals oder Appartements:<\/b> Wenn gew\u00fcnscht, kann Instituto Mediterr\u00e1neo Sol auch diese Unterkunftsart buchen. Der Preis h\u00e4ngt von den Anspr\u00fcchen und W\u00fcnschen des Teilnehmers ab.<\/li>\n<\/ul>\n<\/section>\n<\/div>\n<\/div><\/div><\/div><\/div><\/div>","protected":false},"excerpt":{"rendered":"<p>Gerne sind wir Ihnen auf Ihren Wunsch hin bei der Unterkunftssuche als Vermittler behilflich und garantieren Ihnen somit, dass diese bei Ihrer Ankunft frei ist.Allgemeine Bedingungen f\u00fcr die Unterk\u00fcnfte: Die Aufenthaltswoche f\u00e4ngt am Sonntag vor Kursbeginn an und endet am Samstag nach Kursende. Zuschl\u00e4ge: Zus\u00e4tzliche N\u00e4chte: Jede zus\u00e4tzliche Nacht hat einen Extrapreis, je nach der vom Sch\u00fclern gew\u00e4hlten Unterkunftsart. Begleitperson:&#8230;<\/p>\n","protected":false},"author":8,"featured_media":0,"parent":0,"menu_order":0,"comment_status":"closed","ping_status":"closed","template":"","meta":{"inline_featured_image":false,"_monsterinsights_skip_tracking":false,"_monsterinsights_sitenote_active":false,"_monsterinsights_sitenote_note":"","_monsterinsights_sitenote_category":0,"_genesis_hide_title":false,"_genesis_hide_breadcrumbs":false,"_genesis_hide_singular_image":false,"_genesis_hide_footer_widgets":false,"_genesis_custom_body_class":"","_genesis_custom_post_class":"","_genesis_layout":"","footnotes":""},"class_list":{"0":"post-537","1":"page","2":"type-page","3":"status-publish","5":"entry"},"yoast_head":"<!-- This site is optimized with the Yoast SEO plugin v27.4 - https:\/\/yoast.com\/product\/yoast-seo-wordpress\/ -->\n<title>Unterkunft - iNMSOL ELE<\/title>\n<meta name=\"robots\" content=\"index, follow, max-snippet:-1, max-image-preview:large, max-video-preview:-1\" \/>\n<link rel=\"canonical\" href=\"https:\/\/ele.inmsol.com\/de\/unterkunft\/\" \/>\n<meta property=\"og:locale\" content=\"de_DE\" \/>\n<meta property=\"og:type\" content=\"article\" \/>\n<meta property=\"og:title\" content=\"Unterkunft - iNMSOL ELE\" \/>\n<meta property=\"og:description\" content=\"Gerne sind wir Ihnen auf Ihren Wunsch hin bei der Unterkunftssuche als Vermittler behilflich und garantieren Ihnen somit, dass diese bei Ihrer Ankunft frei ist.Allgemeine Bedingungen f\u00fcr die Unterk\u00fcnfte: Die Aufenthaltswoche f\u00e4ngt am Sonntag vor Kursbeginn an und endet am Samstag nach Kursende. Zuschl\u00e4ge: Zus\u00e4tzliche N\u00e4chte: Jede zus\u00e4tzliche Nacht hat einen Extrapreis, je nach der vom Sch\u00fclern gew\u00e4hlten Unterkunftsart. Begleitperson:...\" \/>\n<meta property=\"og:url\" content=\"https:\/\/ele.inmsol.com\/de\/unterkunft\/\" \/>\n<meta property=\"og:site_name\" content=\"iNMSOL ELE\" \/>\n<meta property=\"article:publisher\" content=\"https:\/\/www.facebook.com\/spanishcourses\" \/>\n<meta property=\"article:modified_time\" content=\"2019-11-13T12:10:24+00:00\" \/>\n<meta name=\"twitter:card\" content=\"summary_large_image\" \/>\n<meta name=\"twitter:site\" content=\"@StudyInGranada\" \/>\n<meta name=\"twitter:label1\" content=\"Gesch\u00e4tzte Lesezeit\" \/>\n\t<meta name=\"twitter:data1\" content=\"2\u00a0Minuten\" \/>\n<script type=\"application\/ld+json\" class=\"yoast-schema-graph\">{\"@context\":\"https:\\\/\\\/schema.org\",\"@graph\":[{\"@type\":\"WebPage\",\"@id\":\"https:\\\/\\\/ele.inmsol.com\\\/de\\\/unterkunft\\\/\",\"url\":\"https:\\\/\\\/ele.inmsol.com\\\/de\\\/unterkunft\\\/\",\"name\":\"Unterkunft - iNMSOL ELE\",\"isPartOf\":{\"@id\":\"https:\\\/\\\/ele.inmsol.com\\\/en\\\/#website\"},\"datePublished\":\"2017-05-31T08:18:56+00:00\",\"dateModified\":\"2019-11-13T12:10:24+00:00\",\"breadcrumb\":{\"@id\":\"https:\\\/\\\/ele.inmsol.com\\\/de\\\/unterkunft\\\/#breadcrumb\"},\"inLanguage\":\"de\",\"potentialAction\":[{\"@type\":\"ReadAction\",\"target\":[\"https:\\\/\\\/ele.inmsol.com\\\/de\\\/unterkunft\\\/\"]}]},{\"@type\":\"BreadcrumbList\",\"@id\":\"https:\\\/\\\/ele.inmsol.com\\\/de\\\/unterkunft\\\/#breadcrumb\",\"itemListElement\":[{\"@type\":\"ListItem\",\"position\":1,\"name\":\"Portada\",\"item\":\"https:\\\/\\\/ele.inmsol.com\\\/de\\\/\"},{\"@type\":\"ListItem\",\"position\":2,\"name\":\"Unterkunft\"}]},{\"@type\":\"WebSite\",\"@id\":\"https:\\\/\\\/ele.inmsol.com\\\/en\\\/#website\",\"url\":\"https:\\\/\\\/ele.inmsol.com\\\/en\\\/\",\"name\":\"iNMSOL ELE\",\"description\":\"Cursos Profesores Espa\u00f1ol ELE\",\"potentialAction\":[{\"@type\":\"SearchAction\",\"target\":{\"@type\":\"EntryPoint\",\"urlTemplate\":\"https:\\\/\\\/ele.inmsol.com\\\/en\\\/?s={search_term_string}\"},\"query-input\":{\"@type\":\"PropertyValueSpecification\",\"valueRequired\":true,\"valueName\":\"search_term_string\"}}],\"inLanguage\":\"de\"}]}<\/script>\n<!-- \/ Yoast SEO plugin. -->","yoast_head_json":{"title":"Unterkunft - iNMSOL ELE","robots":{"index":"index","follow":"follow","max-snippet":"max-snippet:-1","max-image-preview":"max-image-preview:large","max-video-preview":"max-video-preview:-1"},"canonical":"https:\/\/ele.inmsol.com\/de\/unterkunft\/","og_locale":"de_DE","og_type":"article","og_title":"Unterkunft - iNMSOL ELE","og_description":"Gerne sind wir Ihnen auf Ihren Wunsch hin bei der Unterkunftssuche als Vermittler behilflich und garantieren Ihnen somit, dass diese bei Ihrer Ankunft frei ist.Allgemeine Bedingungen f\u00fcr die Unterk\u00fcnfte: Die Aufenthaltswoche f\u00e4ngt am Sonntag vor Kursbeginn an und endet am Samstag nach Kursende. Zuschl\u00e4ge: Zus\u00e4tzliche N\u00e4chte: Jede zus\u00e4tzliche Nacht hat einen Extrapreis, je nach der vom Sch\u00fclern gew\u00e4hlten Unterkunftsart. Begleitperson:...","og_url":"https:\/\/ele.inmsol.com\/de\/unterkunft\/","og_site_name":"iNMSOL ELE","article_publisher":"https:\/\/www.facebook.com\/spanishcourses","article_modified_time":"2019-11-13T12:10:24+00:00","twitter_card":"summary_large_image","twitter_site":"@StudyInGranada","twitter_misc":{"Gesch\u00e4tzte Lesezeit":"2\u00a0Minuten"},"schema":{"@context":"https:\/\/schema.org","@graph":[{"@type":"WebPage","@id":"https:\/\/ele.inmsol.com\/de\/unterkunft\/","url":"https:\/\/ele.inmsol.com\/de\/unterkunft\/","name":"Unterkunft - iNMSOL ELE","isPartOf":{"@id":"https:\/\/ele.inmsol.com\/en\/#website"},"datePublished":"2017-05-31T08:18:56+00:00","dateModified":"2019-11-13T12:10:24+00:00","breadcrumb":{"@id":"https:\/\/ele.inmsol.com\/de\/unterkunft\/#breadcrumb"},"inLanguage":"de","potentialAction":[{"@type":"ReadAction","target":["https:\/\/ele.inmsol.com\/de\/unterkunft\/"]}]},{"@type":"BreadcrumbList","@id":"https:\/\/ele.inmsol.com\/de\/unterkunft\/#breadcrumb","itemListElement":[{"@type":"ListItem","position":1,"name":"Portada","item":"https:\/\/ele.inmsol.com\/de\/"},{"@type":"ListItem","position":2,"name":"Unterkunft"}]},{"@type":"WebSite","@id":"https:\/\/ele.inmsol.com\/en\/#website","url":"https:\/\/ele.inmsol.com\/en\/","name":"iNMSOL ELE","description":"Cursos Profesores Espa\u00f1ol ELE","potentialAction":[{"@type":"SearchAction","target":{"@type":"EntryPoint","urlTemplate":"https:\/\/ele.inmsol.com\/en\/?s={search_term_string}"},"query-input":{"@type":"PropertyValueSpecification","valueRequired":true,"valueName":"search_term_string"}}],"inLanguage":"de"}]}},"_links":{"self":[{"href":"https:\/\/ele.inmsol.com\/de\/wp-json\/wp\/v2\/pages\/537","targetHints":{"allow":["GET"]}}],"collection":[{"href":"https:\/\/ele.inmsol.com\/de\/wp-json\/wp\/v2\/pages"}],"about":[{"href":"https:\/\/ele.inmsol.com\/de\/wp-json\/wp\/v2\/types\/page"}],"author":[{"embeddable":true,"href":"https:\/\/ele.inmsol.com\/de\/wp-json\/wp\/v2\/users\/8"}],"replies":[{"embeddable":true,"href":"https:\/\/ele.inmsol.com\/de\/wp-json\/wp\/v2\/comments?post=537"}],"version-history":[{"count":0,"href":"https:\/\/ele.inmsol.com\/de\/wp-json\/wp\/v2\/pages\/537\/revisions"}],"wp:attachment":[{"href":"https:\/\/ele.inmsol.com\/de\/wp-json\/wp\/v2\/media?parent=537"}],"curies":[{"name":"wp","href":"https:\/\/api.w.org\/{rel}","templated":true}]}}