{"id":609,"date":"2017-05-31T11:56:19","date_gmt":"2017-05-31T09:56:19","guid":{"rendered":"https:\/\/ele.inmsol.com\/?page_id=609\/"},"modified":"2024-03-27T09:46:07","modified_gmt":"2024-03-27T08:46:07","slug":"cervantes-institutqualitaetsgarantie","status":"publish","type":"page","link":"https:\/\/ele.inmsol.com\/de\/cervantes-institutqualitaetsgarantie\/","title":{"rendered":"Instituto Cervantes"},"content":{"rendered":"<div id=\"pl-609\"  class=\"panel-layout\" ><div id=\"pg-609-0\"  class=\"panel-grid panel-no-style\" ><div id=\"pgc-609-0-0\"  class=\"panel-grid-cell\" ><div id=\"panel-609-0-0-0\" class=\"so-panel widget widget_sow-editor panel-first-child panel-last-child\" data-index=\"0\" ><div\n\t\t\t\n\t\t\tclass=\"so-widget-sow-editor so-widget-sow-editor-base\"\n\t\t\t\n\t\t>\n<div class=\"siteorigin-widget-tinymce textwidget\">\n\t\n<p><span class=\"inline inline-right\"><img decoding=\"async\" class=\"image image-_original \" title=\"\" src=\"http:\/\/www.cursos-profesores-ele.com\/sites\/default\/files\/images\/cervantes_0.jpg\" alt=\"\" width=\"200\" height=\"174\"\/><\/span><\/p>\n<p>&nbsp;<\/p>\n<\/div>\n<\/div><\/div><\/div><div id=\"pgc-609-0-1\"  class=\"panel-grid-cell\" ><div id=\"panel-609-0-1-0\" class=\"so-panel widget widget_sow-editor panel-first-child panel-last-child\" data-index=\"1\" ><div\n\t\t\t\n\t\t\tclass=\"so-widget-sow-editor so-widget-sow-editor-base\"\n\t\t\t\n\t\t><h3 class=\"widget-title\">Wozu Spanisch in einem Instituto Cervantes akkreditierten Zentrum lernen?<\/h3>\n<div class=\"siteorigin-widget-tinymce textwidget\">\n\t<div class=\"siteorigin-widget-tinymce textwidget\">\n<p>Die <a href=\"https:\/\/acreditacion.cervantes.es\/\" target=\"_blank\" rel=\"noopener noreferrer\"><strong>akkreditierte Zentren<\/strong><\/a>:<\/p>\n<p>&nbsp;<\/p>\n<ul>\n<li>Erf\u00fcllen die Qualit\u00e4tsvoraussetzungen des Spanischlehrens.<\/li>\n<li>Erf\u00fcllen die legale Voraussetzungen um zu lehren.<\/li>\n<li>Verf\u00fcgen \u00fcber geeignete Mittel um zu lehren.<\/li>\n<li>Z\u00e4hlen auf ein Lehrergruppe, die \u00fcber geeigneten Titel und Bildung verf\u00fcgen.<\/li>\n<li>Bieten einen Lehrplan, die eine geeignete Fortschritt garantieren.<\/li>\n<li>Setzen einen H\u00f6chstzahl von Sch\u00fclern per Unterricht fest.<\/li>\n<li>F\u00fchren eine wahrhaftige Werbung in Zusammenhang mit dem Angebot durch.<\/li>\n<li>Teilen ausf\u00fchrliche Kurs- und komplement\u00e4r Dienstleistungspreise.<\/li>\n<\/ul>\n<p>&nbsp;<\/p>\n<p>Das <strong>Instituto Cervantes<\/strong> erledigt periodische Besichtigungen und erneuern jedes drei Jahre die Akkreditierungen.<\/p>\n<p>&nbsp;<\/p>\n<p>Nur die akkreditierte Zentren d\u00fcrfen spezifische <strong>Instituto Cervantes<\/strong> Siegel ben\u00fctzen.<\/p>\n<\/div>\n<\/div>\n<\/div><\/div><\/div><\/div><\/div>","protected":false},"excerpt":{"rendered":"<p>&nbsp; Die akkreditierte Zentren: &nbsp; Erf\u00fcllen die Qualit\u00e4tsvoraussetzungen des Spanischlehrens. Erf\u00fcllen die legale Voraussetzungen um zu lehren. Verf\u00fcgen \u00fcber geeignete Mittel um zu lehren. Z\u00e4hlen auf ein Lehrergruppe, die \u00fcber geeigneten Titel und Bildung verf\u00fcgen. Bieten einen Lehrplan, die eine geeignete Fortschritt garantieren. Setzen einen H\u00f6chstzahl von Sch\u00fclern per Unterricht fest. F\u00fchren eine wahrhaftige Werbung in Zusammenhang mit dem Angebot&#8230;<\/p>\n","protected":false},"author":8,"featured_media":0,"parent":0,"menu_order":0,"comment_status":"closed","ping_status":"closed","template":"","meta":{"inline_featured_image":false,"_monsterinsights_skip_tracking":false,"_monsterinsights_sitenote_active":false,"_monsterinsights_sitenote_note":"","_monsterinsights_sitenote_category":0,"_genesis_hide_title":false,"_genesis_hide_breadcrumbs":false,"_genesis_hide_singular_image":false,"_genesis_hide_footer_widgets":false,"_genesis_custom_body_class":"","_genesis_custom_post_class":"","_genesis_layout":"full-width-content","footnotes":""},"class_list":{"0":"post-609","1":"page","2":"type-page","3":"status-publish","5":"entry"},"yoast_head":"<!-- This site is optimized with the Yoast SEO plugin v27.4 - https:\/\/yoast.com\/product\/yoast-seo-wordpress\/ -->\n<title>Instituto Cervantes - iNMSOL ELE<\/title>\n<meta name=\"description\" content=\"Nur die akkreditierte Zentren d\u00fcrfen spezifische Instituto Cervantes Siegel ben\u00fctzen.\" \/>\n<meta name=\"robots\" content=\"index, follow, max-snippet:-1, max-image-preview:large, max-video-preview:-1\" \/>\n<link rel=\"canonical\" href=\"https:\/\/ele.inmsol.com\/instituto-cervantes\/\" \/>\n<meta property=\"og:locale\" content=\"de_DE\" \/>\n<meta property=\"og:type\" content=\"article\" \/>\n<meta property=\"og:title\" content=\"Instituto Cervantes - iNMSOL ELE\" \/>\n<meta property=\"og:description\" content=\"Nur die akkreditierte Zentren d\u00fcrfen spezifische Instituto Cervantes Siegel ben\u00fctzen.\" \/>\n<meta property=\"og:url\" content=\"https:\/\/ele.inmsol.com\/instituto-cervantes\/\" \/>\n<meta property=\"og:site_name\" content=\"iNMSOL ELE\" \/>\n<meta property=\"article:publisher\" content=\"https:\/\/www.facebook.com\/spanishcourses\" \/>\n<meta property=\"article:modified_time\" content=\"2024-03-27T08:46:07+00:00\" \/>\n<meta name=\"twitter:card\" content=\"summary_large_image\" \/>\n<meta name=\"twitter:site\" content=\"@StudyInGranada\" \/>\n<meta name=\"twitter:label1\" content=\"Gesch\u00e4tzte Lesezeit\" \/>\n\t<meta name=\"twitter:data1\" content=\"1\u00a0Minute\" \/>\n<script type=\"application\/ld+json\" class=\"yoast-schema-graph\">{\"@context\":\"https:\\\/\\\/schema.org\",\"@graph\":[{\"@type\":\"WebPage\",\"@id\":\"https:\\\/\\\/ele.inmsol.com\\\/instituto-cervantes\\\/\",\"url\":\"https:\\\/\\\/ele.inmsol.com\\\/instituto-cervantes\\\/\",\"name\":\"Instituto Cervantes - iNMSOL ELE\",\"isPartOf\":{\"@id\":\"https:\\\/\\\/ele.inmsol.com\\\/en\\\/#website\"},\"datePublished\":\"2017-05-31T09:56:19+00:00\",\"dateModified\":\"2024-03-27T08:46:07+00:00\",\"description\":\"Nur die akkreditierte Zentren d\u00fcrfen spezifische Instituto Cervantes Siegel ben\u00fctzen.\",\"breadcrumb\":{\"@id\":\"https:\\\/\\\/ele.inmsol.com\\\/instituto-cervantes\\\/#breadcrumb\"},\"inLanguage\":\"de\",\"potentialAction\":[{\"@type\":\"ReadAction\",\"target\":[\"https:\\\/\\\/ele.inmsol.com\\\/instituto-cervantes\\\/\"]}]},{\"@type\":\"BreadcrumbList\",\"@id\":\"https:\\\/\\\/ele.inmsol.com\\\/instituto-cervantes\\\/#breadcrumb\",\"itemListElement\":[{\"@type\":\"ListItem\",\"position\":1,\"name\":\"Portada\",\"item\":\"https:\\\/\\\/ele.inmsol.com\\\/de\\\/\"},{\"@type\":\"ListItem\",\"position\":2,\"name\":\"Instituto Cervantes\"}]},{\"@type\":\"WebSite\",\"@id\":\"https:\\\/\\\/ele.inmsol.com\\\/en\\\/#website\",\"url\":\"https:\\\/\\\/ele.inmsol.com\\\/en\\\/\",\"name\":\"iNMSOL ELE\",\"description\":\"Cursos Profesores Espa\u00f1ol ELE\",\"potentialAction\":[{\"@type\":\"SearchAction\",\"target\":{\"@type\":\"EntryPoint\",\"urlTemplate\":\"https:\\\/\\\/ele.inmsol.com\\\/en\\\/?s={search_term_string}\"},\"query-input\":{\"@type\":\"PropertyValueSpecification\",\"valueRequired\":true,\"valueName\":\"search_term_string\"}}],\"inLanguage\":\"de\"}]}<\/script>\n<!-- \/ Yoast SEO plugin. -->","yoast_head_json":{"title":"Instituto Cervantes - iNMSOL ELE","description":"Nur die akkreditierte Zentren d\u00fcrfen spezifische Instituto Cervantes Siegel ben\u00fctzen.","robots":{"index":"index","follow":"follow","max-snippet":"max-snippet:-1","max-image-preview":"max-image-preview:large","max-video-preview":"max-video-preview:-1"},"canonical":"https:\/\/ele.inmsol.com\/instituto-cervantes\/","og_locale":"de_DE","og_type":"article","og_title":"Instituto Cervantes - iNMSOL ELE","og_description":"Nur die akkreditierte Zentren d\u00fcrfen spezifische Instituto Cervantes Siegel ben\u00fctzen.","og_url":"https:\/\/ele.inmsol.com\/instituto-cervantes\/","og_site_name":"iNMSOL ELE","article_publisher":"https:\/\/www.facebook.com\/spanishcourses","article_modified_time":"2024-03-27T08:46:07+00:00","twitter_card":"summary_large_image","twitter_site":"@StudyInGranada","twitter_misc":{"Gesch\u00e4tzte Lesezeit":"1\u00a0Minute"},"schema":{"@context":"https:\/\/schema.org","@graph":[{"@type":"WebPage","@id":"https:\/\/ele.inmsol.com\/instituto-cervantes\/","url":"https:\/\/ele.inmsol.com\/instituto-cervantes\/","name":"Instituto Cervantes - iNMSOL ELE","isPartOf":{"@id":"https:\/\/ele.inmsol.com\/en\/#website"},"datePublished":"2017-05-31T09:56:19+00:00","dateModified":"2024-03-27T08:46:07+00:00","description":"Nur die akkreditierte Zentren d\u00fcrfen spezifische Instituto Cervantes Siegel ben\u00fctzen.","breadcrumb":{"@id":"https:\/\/ele.inmsol.com\/instituto-cervantes\/#breadcrumb"},"inLanguage":"de","potentialAction":[{"@type":"ReadAction","target":["https:\/\/ele.inmsol.com\/instituto-cervantes\/"]}]},{"@type":"BreadcrumbList","@id":"https:\/\/ele.inmsol.com\/instituto-cervantes\/#breadcrumb","itemListElement":[{"@type":"ListItem","position":1,"name":"Portada","item":"https:\/\/ele.inmsol.com\/de\/"},{"@type":"ListItem","position":2,"name":"Instituto Cervantes"}]},{"@type":"WebSite","@id":"https:\/\/ele.inmsol.com\/en\/#website","url":"https:\/\/ele.inmsol.com\/en\/","name":"iNMSOL ELE","description":"Cursos Profesores Espa\u00f1ol ELE","potentialAction":[{"@type":"SearchAction","target":{"@type":"EntryPoint","urlTemplate":"https:\/\/ele.inmsol.com\/en\/?s={search_term_string}"},"query-input":{"@type":"PropertyValueSpecification","valueRequired":true,"valueName":"search_term_string"}}],"inLanguage":"de"}]}},"_links":{"self":[{"href":"https:\/\/ele.inmsol.com\/de\/wp-json\/wp\/v2\/pages\/609","targetHints":{"allow":["GET"]}}],"collection":[{"href":"https:\/\/ele.inmsol.com\/de\/wp-json\/wp\/v2\/pages"}],"about":[{"href":"https:\/\/ele.inmsol.com\/de\/wp-json\/wp\/v2\/types\/page"}],"author":[{"embeddable":true,"href":"https:\/\/ele.inmsol.com\/de\/wp-json\/wp\/v2\/users\/8"}],"replies":[{"embeddable":true,"href":"https:\/\/ele.inmsol.com\/de\/wp-json\/wp\/v2\/comments?post=609"}],"version-history":[{"count":0,"href":"https:\/\/ele.inmsol.com\/de\/wp-json\/wp\/v2\/pages\/609\/revisions"}],"wp:attachment":[{"href":"https:\/\/ele.inmsol.com\/de\/wp-json\/wp\/v2\/media?parent=609"}],"curies":[{"name":"wp","href":"https:\/\/api.w.org\/{rel}","templated":true}]}}