{"id":856,"date":"2017-06-02T13:10:42","date_gmt":"2017-06-02T11:10:42","guid":{"rendered":"https:\/\/ele.inmsol.com\/?page_id=856\/"},"modified":"2024-03-27T09:46:48","modified_gmt":"2024-03-27T08:46:48","slug":"akkreditationen","status":"publish","type":"page","link":"https:\/\/ele.inmsol.com\/de\/spanisch-granada\/akkreditationen\/","title":{"rendered":"Akkreditationen"},"content":{"rendered":"<table style=\"height: 884px;\" border=\"0\" width=\"582\" cellspacing=\"0\" cellpadding=\"2\" align=\"center\">\n<tbody>\n<tr bgcolor=\"#ffffff\">\n<td align=\"center\"><a href=\"https:\/\/ele.inmsol.com\/wp-content\/uploads\/2017\/06\/Acredita2pq.jpg\"><img decoding=\"async\" class=\"wp-image-14873 aligncenter\" src=\"https:\/\/ele.inmsol.com\/wp-content\/uploads\/2017\/06\/Acredita2pq.jpg\" alt=\"Acredita2pq\" width=\"176\" height=\"146\" \/><\/a><\/td>\n<td style=\"padding-left: 30px;\">\n<div>Instituto Mediterr\u00e1neo Sol hat die Akkreditierung des <strong>Instituto Cervantes<\/strong> erhalten. Dies\u00a0bedeutet, dass es die vom \u00a0kkreditierungssystem f\u00fcr Zentren des Instituto Cervantes<\/div>\n<div>festgelegten Bedingungen erf\u00fcllt und somit die einzige Internationale Akkreditierung erlangt,\u00a0die ausschlie\u00dflich auf die Vermittlung von Spanisch als Fremdsprache spezialisiert ist.<\/div>\n<\/td>\n<\/tr>\n<tr bgcolor=\"#ffffff\">\n<td align=\"center\"><\/td>\n<td style=\"padding-left: 30px;\"><strong>Vereinigung der Spanischschulen Granadas.<\/strong><\/td>\n<\/tr>\n<tr bgcolor=\"#ffffff\">\n<td align=\"center\"><img decoding=\"async\" class=\"alignleft size-medium wp-image-25038\" src=\"https:\/\/ele.inmsol.com\/wp-content\/uploads\/2017\/06\/Logo_Esp_Ver_Bla-03-04-04-300x300.jpg\" alt=\"Logo_Esp_Ver_Bla-03-04-04\" width=\"300\" height=\"300\" \/><\/td>\n<td style=\"padding-left: 30px;\">Dem <strong><em>FEDELE <\/em><\/strong>(Spanische Vereinigung der Schulen f\u00fcr Spanisch als Fremdsprache).<\/td>\n<\/tr>\n<tr bgcolor=\"#ffffff\">\n<td align=\"center\">\u00a0<a href=\"https:\/\/ele.inmsol.com\/wp-content\/uploads\/2017\/06\/logo-bildungsurlaub-.png\"><img decoding=\"async\" class=\"alignnone wp-image-20736 size-full\" src=\"https:\/\/ele.inmsol.com\/wp-content\/uploads\/2017\/06\/logo-bildungsurlaub-.png\" alt=\"\" width=\"240\" height=\"120\" \/><\/a><\/td>\n<td style=\"padding-left: 30px;\">Unsere Kurse sind in Deutschland (von den Bundesl\u00e4ndern Berlin, Brandenburg, Hamburg, Rheinland Pfalz und Schleswig-Holstein) sowie in \u00d6sterreich als <strong><em>Bildungsurlaub <\/em><\/strong>anerkannt.<\/td>\n<\/tr>\n<tr bgcolor=\"#ffffff\">\n<td align=\"center\">\u00a0<a href=\"https:\/\/ele.inmsol.com\/wp-content\/uploads\/2017\/06\/camara-comercio-madrid.jpg\"><img decoding=\"async\" class=\"alignnone wp-image-4749\" src=\"https:\/\/ele.inmsol.com\/wp-content\/uploads\/2017\/06\/camara-comercio-madrid.jpg\" alt=\"camara comercio madrid\" width=\"155\" height=\"45\" \/><\/a><\/td>\n<td style=\"padding-left: 30px;\">Pr\u00fcfungszentrum f\u00fcr die Gesch\u00e4ftsspanischpr\u00fcfungen der <strong>Industrie- und Handelskammer (Wirtschaftspanisch, Tourismus und Spanisch f\u00fcr\u00a0<\/strong><strong>\u00c4rzte) von Madrid.<\/strong><\/td>\n<\/tr>\n<tr bgcolor=\"#ffffff\">\n<td align=\"center\"><a href=\"https:\/\/ele.inmsol.com\/wp-content\/uploads\/2017\/06\/Logo-DELE.jpg\"><img decoding=\"async\" class=\" wp-image-15367 aligncenter\" src=\"https:\/\/ele.inmsol.com\/wp-content\/uploads\/2017\/06\/Logo-DELE.jpg\" alt=\"Logo DELE\" width=\"154\" height=\"136\" \/><\/a><\/td>\n<td style=\"padding-left: 30px;\">Wir bieten das ganze Jahr \u00fcber Vorbereitungskurse f\u00fcr das <strong>D.E.L.E Examen<\/strong>, f\u00fcr alle 3 Niveaus (Inicial, Intermedio und Superior) an. Instituto Mediterr\u00e1neo Sol ist ein anerkanntes Zentrum von FEDELE-Granada, das die D.E.L.E. Spanischtests des Instituto Cervantes, in dieser Stadt durchf\u00fchrt<\/td>\n<\/tr>\n<tr bgcolor=\"#ffffff\">\n<td align=\"center\">\u00a0<a href=\"https:\/\/ele.inmsol.com\/wp-content\/uploads\/2017\/06\/calidad.gif\"><img decoding=\"async\" class=\"alignnone size-full wp-image-4736\" src=\"https:\/\/ele.inmsol.com\/wp-content\/uploads\/2017\/06\/calidad.gif\" alt=\"calidad\" width=\"108\" height=\"45\" \/><\/a><\/td>\n<td style=\"padding-left: 30px;\">Das Rathaus von Granada hat iNMSOL die Auszeichnung \u201cConsumo y Calidad\u201c verliehen. Der Preis kommt der Schule, f\u00fcr die professionelle Arbeit die geleistet wird und wurde, zu Ehren, da allen etablierten Anforderungen des AREA DE MEDIO AMBIENTE (Umwelt, Gesundheit, Konsum) vorbildhaft Folge geleistet werden.<\/td>\n<\/tr>\n<tr bgcolor=\"#ffffff\">\n<td align=\"center\"><a href=\"https:\/\/ele.inmsol.com\/wp-content\/uploads\/2017\/06\/EU-flag-Erasmus150x33.png\"><img decoding=\"async\" class=\"alignnone wp-image-20778 size-full\" src=\"https:\/\/ele.inmsol.com\/wp-content\/uploads\/2017\/06\/EU-flag-Erasmus150x33.png\" alt=\"\" width=\"150\" height=\"33\" \/><\/a><\/td>\n<td style=\"padding-left: 30px;\">iNMSOL <strong>\u201cTeaching Trainning Course\u201d<\/strong> is recognized as an Erasmus Plus Programme by European Comission. Students can get a scholarship to attend it.<\/td>\n<\/tr>\n<tr bgcolor=\"#ffffff\">\n<td align=\"center\"><a href=\"https:\/\/www.inmsol.com\/wp-content\/uploads\/2014\/06\/logo-C.-examinador.jpg\"><img decoding=\"async\" class=\"alignnone size-thumbnail wp-image-7736\" src=\"https:\/\/ele.inmsol.com\/wp-content\/uploads\/2017\/06\/logo-C.-examinador-150x150.jpg\" alt=\"logo C. examinador\" width=\"150\" height=\"150\" \/><\/a><\/td>\n<td style=\"padding-left: 30px;\"><b>FIDESCU<\/b> (Foundation for Research and Development of the Spanish Culture).<\/td>\n<\/tr>\n<tr bgcolor=\"#ffffff\">\n<td align=\"center\"><a href=\"https:\/\/ele.inmsol.com\/wp-content\/uploads\/2017\/06\/logoaeea.jpg\"><img decoding=\"async\" class=\"alignnone wp-image-4965\" src=\"https:\/\/ele.inmsol.com\/wp-content\/uploads\/2017\/06\/logoaeea.jpg\" alt=\"logoaeea\" width=\"167\" height=\"138\" \/><\/a><\/td>\n<td style=\"padding-left: 30px;\">der Vereinigung der Spanisch-Sprachschulen von Andalusien <strong><em>AEEA.<\/em><\/strong><\/td>\n<\/tr>\n<tr bgcolor=\"#ffffff\">\n<td align=\"center\">\u00a0<a href=\"https:\/\/ele.inmsol.com\/wp-content\/uploads\/2017\/06\/CSN.gif\"><img decoding=\"async\" class=\"alignnone size-full wp-image-6867\" src=\"https:\/\/ele.inmsol.com\/wp-content\/uploads\/2017\/06\/CSN.gif\" alt=\"CSN\" width=\"332\" height=\"59\" \/><\/a><\/td>\n<td style=\"padding-left: 30px;\">Au\u03b2erdem sind unsrere Schulen und Programme authorisiert Studenten, die Stipendien von der zentralen Hilfskommision f\u00fcr schwedische Studenten <strong>CSN <\/strong>bekommen, aufzunehmen.<\/td>\n<\/tr>\n<tr bgcolor=\"#ffffff\">\n<td align=\"center\">\u00a0<a href=\"https:\/\/www.inmsol.com\/wp-content\/uploads\/2014\/08\/logo_cece2.jpg\"><img decoding=\"async\" class=\"alignnone wp-image-8521 size-thumbnail\" src=\"https:\/\/ele.inmsol.com\/wp-content\/uploads\/2017\/06\/logo_cece2-150x150.jpg\" alt=\"logo_cece[2]\" width=\"150\" height=\"150\" \/><\/a><\/td>\n<td style=\"padding-left: 30px;\"><strong>C.E.C.E.<\/strong> (Andalusian Federation of Private Teaching Centres).<\/td>\n<\/tr>\n<tr bgcolor=\"#ffffff\">\n<td align=\"center\"><a href=\"https:\/\/www.inmsol.com\/wp-content\/uploads\/2014\/08\/logoAFTIEimp.jpg\"><img decoding=\"async\" class=\"alignnone size-thumbnail wp-image-8507\" src=\"https:\/\/ele.inmsol.com\/wp-content\/uploads\/2017\/06\/logoAFTIEimp-150x150.jpg\" alt=\"logoAFTIEimp\" width=\"150\" height=\"150\" \/><\/a><\/td>\n<td style=\"padding-left: 30px;\"><strong>AFTIE<\/strong> (Association for the Promotion of Language Tourism in Spain).<\/td>\n<\/tr>\n<\/tbody>\n<\/table>\n","protected":false},"excerpt":{"rendered":"<p>Instituto Mediterr\u00e1neo Sol hat die Akkreditierung des Instituto Cervantes erhalten. Dies\u00a0bedeutet, dass es die vom \u00a0kkreditierungssystem f\u00fcr Zentren des Instituto Cervantes festgelegten Bedingungen erf\u00fcllt und somit die einzige Internationale Akkreditierung erlangt,\u00a0die ausschlie\u00dflich auf die Vermittlung von Spanisch als Fremdsprache spezialisiert ist. Vereinigung der Spanischschulen Granadas. Dem FEDELE (Spanische Vereinigung der Schulen f\u00fcr Spanisch als Fremdsprache). \u00a0 Unsere Kurse sind in&#8230;<\/p>\n","protected":false},"author":8,"featured_media":0,"parent":863,"menu_order":0,"comment_status":"closed","ping_status":"closed","template":"","meta":{"inline_featured_image":false,"_monsterinsights_skip_tracking":false,"_monsterinsights_sitenote_active":false,"_monsterinsights_sitenote_note":"","_monsterinsights_sitenote_category":0,"_genesis_hide_title":false,"_genesis_hide_breadcrumbs":false,"_genesis_hide_singular_image":false,"_genesis_hide_footer_widgets":false,"_genesis_custom_body_class":"","_genesis_custom_post_class":"","_genesis_layout":"","footnotes":""},"class_list":{"0":"post-856","1":"page","2":"type-page","3":"status-publish","5":"entry"},"yoast_head":"<!-- This site is optimized with the Yoast SEO plugin v27.4 - https:\/\/yoast.com\/product\/yoast-seo-wordpress\/ -->\n<title>Akkreditationen - iNMSOL ELE<\/title>\n<meta name=\"robots\" content=\"index, follow, max-snippet:-1, max-image-preview:large, max-video-preview:-1\" \/>\n<link rel=\"canonical\" href=\"https:\/\/ele.inmsol.com\/inmsol\/acreditaciones\/\" \/>\n<meta property=\"og:locale\" content=\"de_DE\" \/>\n<meta property=\"og:type\" content=\"article\" \/>\n<meta property=\"og:title\" content=\"Akkreditationen - iNMSOL ELE\" \/>\n<meta property=\"og:description\" content=\"Instituto Mediterr\u00e1neo Sol hat die Akkreditierung des Instituto Cervantes erhalten. Dies\u00a0bedeutet, dass es die vom \u00a0kkreditierungssystem f\u00fcr Zentren des Instituto Cervantes festgelegten Bedingungen erf\u00fcllt und somit die einzige Internationale Akkreditierung erlangt,\u00a0die ausschlie\u00dflich auf die Vermittlung von Spanisch als Fremdsprache spezialisiert ist. Vereinigung der Spanischschulen Granadas. Dem FEDELE (Spanische Vereinigung der Schulen f\u00fcr Spanisch als Fremdsprache). \u00a0 Unsere Kurse sind in...\" \/>\n<meta property=\"og:url\" content=\"https:\/\/ele.inmsol.com\/inmsol\/acreditaciones\/\" \/>\n<meta property=\"og:site_name\" content=\"iNMSOL ELE\" \/>\n<meta property=\"article:publisher\" content=\"https:\/\/www.facebook.com\/spanishcourses\" \/>\n<meta property=\"article:modified_time\" content=\"2024-03-27T08:46:48+00:00\" \/>\n<meta property=\"og:image\" content=\"https:\/\/ele.inmsol.com\/wp-content\/uploads\/2017\/06\/Acredita2pq.jpg\" \/>\n<meta name=\"twitter:card\" content=\"summary_large_image\" \/>\n<meta name=\"twitter:site\" content=\"@StudyInGranada\" \/>\n<meta name=\"twitter:label1\" content=\"Gesch\u00e4tzte Lesezeit\" \/>\n\t<meta name=\"twitter:data1\" content=\"1\u00a0Minute\" \/>\n<script type=\"application\/ld+json\" class=\"yoast-schema-graph\">{\"@context\":\"https:\\\/\\\/schema.org\",\"@graph\":[{\"@type\":\"WebPage\",\"@id\":\"https:\\\/\\\/ele.inmsol.com\\\/inmsol\\\/acreditaciones\\\/\",\"url\":\"https:\\\/\\\/ele.inmsol.com\\\/inmsol\\\/acreditaciones\\\/\",\"name\":\"Akkreditationen - iNMSOL ELE\",\"isPartOf\":{\"@id\":\"https:\\\/\\\/ele.inmsol.com\\\/en\\\/#website\"},\"primaryImageOfPage\":{\"@id\":\"https:\\\/\\\/ele.inmsol.com\\\/inmsol\\\/acreditaciones\\\/#primaryimage\"},\"image\":{\"@id\":\"https:\\\/\\\/ele.inmsol.com\\\/inmsol\\\/acreditaciones\\\/#primaryimage\"},\"thumbnailUrl\":\"https:\\\/\\\/ele.inmsol.com\\\/wp-content\\\/uploads\\\/2017\\\/06\\\/Acredita2pq.jpg\",\"datePublished\":\"2017-06-02T11:10:42+00:00\",\"dateModified\":\"2024-03-27T08:46:48+00:00\",\"breadcrumb\":{\"@id\":\"https:\\\/\\\/ele.inmsol.com\\\/inmsol\\\/acreditaciones\\\/#breadcrumb\"},\"inLanguage\":\"de\",\"potentialAction\":[{\"@type\":\"ReadAction\",\"target\":[\"https:\\\/\\\/ele.inmsol.com\\\/inmsol\\\/acreditaciones\\\/\"]}]},{\"@type\":\"ImageObject\",\"inLanguage\":\"de\",\"@id\":\"https:\\\/\\\/ele.inmsol.com\\\/inmsol\\\/acreditaciones\\\/#primaryimage\",\"url\":\"https:\\\/\\\/ele.inmsol.com\\\/wp-content\\\/uploads\\\/2017\\\/06\\\/Acredita2pq.jpg\",\"contentUrl\":\"https:\\\/\\\/ele.inmsol.com\\\/wp-content\\\/uploads\\\/2017\\\/06\\\/Acredita2pq.jpg\"},{\"@type\":\"BreadcrumbList\",\"@id\":\"https:\\\/\\\/ele.inmsol.com\\\/inmsol\\\/acreditaciones\\\/#breadcrumb\",\"itemListElement\":[{\"@type\":\"ListItem\",\"position\":1,\"name\":\"Portada\",\"item\":\"https:\\\/\\\/ele.inmsol.com\\\/de\\\/\"},{\"@type\":\"ListItem\",\"position\":2,\"name\":\"iNMSOL\",\"item\":\"https:\\\/\\\/ele.inmsol.com\\\/de\\\/spanisch-granada\\\/\"},{\"@type\":\"ListItem\",\"position\":3,\"name\":\"Akkreditationen\"}]},{\"@type\":\"WebSite\",\"@id\":\"https:\\\/\\\/ele.inmsol.com\\\/en\\\/#website\",\"url\":\"https:\\\/\\\/ele.inmsol.com\\\/en\\\/\",\"name\":\"iNMSOL ELE\",\"description\":\"Cursos Profesores Espa\u00f1ol ELE\",\"potentialAction\":[{\"@type\":\"SearchAction\",\"target\":{\"@type\":\"EntryPoint\",\"urlTemplate\":\"https:\\\/\\\/ele.inmsol.com\\\/en\\\/?s={search_term_string}\"},\"query-input\":{\"@type\":\"PropertyValueSpecification\",\"valueRequired\":true,\"valueName\":\"search_term_string\"}}],\"inLanguage\":\"de\"}]}<\/script>\n<!-- \/ Yoast SEO plugin. -->","yoast_head_json":{"title":"Akkreditationen - iNMSOL ELE","robots":{"index":"index","follow":"follow","max-snippet":"max-snippet:-1","max-image-preview":"max-image-preview:large","max-video-preview":"max-video-preview:-1"},"canonical":"https:\/\/ele.inmsol.com\/inmsol\/acreditaciones\/","og_locale":"de_DE","og_type":"article","og_title":"Akkreditationen - iNMSOL ELE","og_description":"Instituto Mediterr\u00e1neo Sol hat die Akkreditierung des Instituto Cervantes erhalten. Dies\u00a0bedeutet, dass es die vom \u00a0kkreditierungssystem f\u00fcr Zentren des Instituto Cervantes festgelegten Bedingungen erf\u00fcllt und somit die einzige Internationale Akkreditierung erlangt,\u00a0die ausschlie\u00dflich auf die Vermittlung von Spanisch als Fremdsprache spezialisiert ist. Vereinigung der Spanischschulen Granadas. Dem FEDELE (Spanische Vereinigung der Schulen f\u00fcr Spanisch als Fremdsprache). \u00a0 Unsere Kurse sind in...","og_url":"https:\/\/ele.inmsol.com\/inmsol\/acreditaciones\/","og_site_name":"iNMSOL ELE","article_publisher":"https:\/\/www.facebook.com\/spanishcourses","article_modified_time":"2024-03-27T08:46:48+00:00","og_image":[{"url":"https:\/\/ele.inmsol.com\/wp-content\/uploads\/2017\/06\/Acredita2pq.jpg","type":"","width":"","height":""}],"twitter_card":"summary_large_image","twitter_site":"@StudyInGranada","twitter_misc":{"Gesch\u00e4tzte Lesezeit":"1\u00a0Minute"},"schema":{"@context":"https:\/\/schema.org","@graph":[{"@type":"WebPage","@id":"https:\/\/ele.inmsol.com\/inmsol\/acreditaciones\/","url":"https:\/\/ele.inmsol.com\/inmsol\/acreditaciones\/","name":"Akkreditationen - iNMSOL ELE","isPartOf":{"@id":"https:\/\/ele.inmsol.com\/en\/#website"},"primaryImageOfPage":{"@id":"https:\/\/ele.inmsol.com\/inmsol\/acreditaciones\/#primaryimage"},"image":{"@id":"https:\/\/ele.inmsol.com\/inmsol\/acreditaciones\/#primaryimage"},"thumbnailUrl":"https:\/\/ele.inmsol.com\/wp-content\/uploads\/2017\/06\/Acredita2pq.jpg","datePublished":"2017-06-02T11:10:42+00:00","dateModified":"2024-03-27T08:46:48+00:00","breadcrumb":{"@id":"https:\/\/ele.inmsol.com\/inmsol\/acreditaciones\/#breadcrumb"},"inLanguage":"de","potentialAction":[{"@type":"ReadAction","target":["https:\/\/ele.inmsol.com\/inmsol\/acreditaciones\/"]}]},{"@type":"ImageObject","inLanguage":"de","@id":"https:\/\/ele.inmsol.com\/inmsol\/acreditaciones\/#primaryimage","url":"https:\/\/ele.inmsol.com\/wp-content\/uploads\/2017\/06\/Acredita2pq.jpg","contentUrl":"https:\/\/ele.inmsol.com\/wp-content\/uploads\/2017\/06\/Acredita2pq.jpg"},{"@type":"BreadcrumbList","@id":"https:\/\/ele.inmsol.com\/inmsol\/acreditaciones\/#breadcrumb","itemListElement":[{"@type":"ListItem","position":1,"name":"Portada","item":"https:\/\/ele.inmsol.com\/de\/"},{"@type":"ListItem","position":2,"name":"iNMSOL","item":"https:\/\/ele.inmsol.com\/de\/spanisch-granada\/"},{"@type":"ListItem","position":3,"name":"Akkreditationen"}]},{"@type":"WebSite","@id":"https:\/\/ele.inmsol.com\/en\/#website","url":"https:\/\/ele.inmsol.com\/en\/","name":"iNMSOL ELE","description":"Cursos Profesores Espa\u00f1ol ELE","potentialAction":[{"@type":"SearchAction","target":{"@type":"EntryPoint","urlTemplate":"https:\/\/ele.inmsol.com\/en\/?s={search_term_string}"},"query-input":{"@type":"PropertyValueSpecification","valueRequired":true,"valueName":"search_term_string"}}],"inLanguage":"de"}]}},"_links":{"self":[{"href":"https:\/\/ele.inmsol.com\/de\/wp-json\/wp\/v2\/pages\/856","targetHints":{"allow":["GET"]}}],"collection":[{"href":"https:\/\/ele.inmsol.com\/de\/wp-json\/wp\/v2\/pages"}],"about":[{"href":"https:\/\/ele.inmsol.com\/de\/wp-json\/wp\/v2\/types\/page"}],"author":[{"embeddable":true,"href":"https:\/\/ele.inmsol.com\/de\/wp-json\/wp\/v2\/users\/8"}],"replies":[{"embeddable":true,"href":"https:\/\/ele.inmsol.com\/de\/wp-json\/wp\/v2\/comments?post=856"}],"version-history":[{"count":0,"href":"https:\/\/ele.inmsol.com\/de\/wp-json\/wp\/v2\/pages\/856\/revisions"}],"up":[{"embeddable":true,"href":"https:\/\/ele.inmsol.com\/de\/wp-json\/wp\/v2\/pages\/863"}],"wp:attachment":[{"href":"https:\/\/ele.inmsol.com\/de\/wp-json\/wp\/v2\/media?parent=856"}],"curies":[{"name":"wp","href":"https:\/\/api.w.org\/{rel}","templated":true}]}}