{"id":863,"date":"2017-06-02T12:34:47","date_gmt":"2017-06-02T10:34:47","guid":{"rendered":"https:\/\/ele.inmsol.com\/?page_id=863\/"},"modified":"2019-11-14T00:40:02","modified_gmt":"2019-11-13T23:40:02","slug":"spanisch-granada","status":"publish","type":"page","link":"https:\/\/ele.inmsol.com\/de\/spanisch-granada\/","title":{"rendered":"iNMSOL"},"content":{"rendered":"<div id=\"pl-863\"  class=\"panel-layout\" ><div id=\"pg-863-0\"  class=\"panel-grid panel-has-style\" ><div class=\"siteorigin-panels-stretch panel-row-style panel-row-style-for-863-0\" data-stretch-type=\"full\" ><div id=\"pgc-863-0-0\"  class=\"panel-grid-cell panel-grid-cell-empty\" ><\/div><\/div><\/div><div id=\"pg-863-1\"  class=\"panel-grid panel-has-style\" ><div class=\"siteorigin-panels-stretch panel-row-style panel-row-style-for-863-1\" data-stretch-type=\"full\" ><div id=\"pgc-863-1-0\"  class=\"panel-grid-cell\" ><div id=\"panel-863-1-0-0\" class=\"so-panel widget widget_sow-editor panel-first-child panel-last-child\" data-index=\"0\" ><div class=\"panel-widget-style panel-widget-style-for-863-1-0-0\" ><div\n\t\t\t\n\t\t\tclass=\"so-widget-sow-editor so-widget-sow-editor-base\"\n\t\t\t\n\t\t>\n<div class=\"siteorigin-widget-tinymce textwidget\">\n\t<p><b>Sprachschule iNMSOL f\u00fcr Spanisch in Granada\u00a0<\/b>\u00a0seit 1992 in der sch\u00f6nen Stadt der Alhambra, die zum Weltkulturerbe geh\u00f6rt, gegr\u00fcndet.\u00a0<a href=\"https:\/\/www.inmsol.com\/de\/die-stadt-granada\/\">Granada<\/a>\u00a0befindet sich in einer bevorzugten Lage \u2013 nur 30 Minuten vom Nationalpark\u00a0<b>Sierra Nevada<\/b>\u00a0und dessen Schigebiet und 45 Fahrminuten von der Costa Tropical entfernt.<\/p>\n<p>Die Schule liegt mitten im Stadtzentrum, in dem urspr\u00fcnglichen Stadtviertel\u00a0<b>El Realejo<\/b>, weniger als 5 Minuten zu Fu\u00df von der Puerta Real, der Kathedrale, der Gran Via de Col\u00f3n, von Theatern, Hotels, Restaurants und Gesch\u00e4ften entfernt. Nicht zuletzt k\u00f6nnen Sie in unserem Insitut in Granada Spanisch in einem der historischen Viertel der Stadt lernen \u2013 nur \u201ceinen Katzensprung\u201d vom Herzen Granadas entfernt und somit von allen Annehmlichkeiten umgeben.<\/p>\n<p><b>Instituto Mediterr\u00e1neo Sol\u00a0<\/b>(vom Instituto Cervantes akkreditiert) verf\u00fcgt \u00fcber f\u00fcnf mit Fernsehern, Video-, DVD- und CD-Playern ausgestatteten Klassenr\u00e4umen. All das schafft, zusammen mit der geringen Anzahl an Studenten pro Klasse (maximal 8), eine sehr famili\u00e4re und vertraute Atmosph\u00e4re, die ein sehr nat\u00fcrliches Erlernen der Sprache erm\u00f6glicht.<\/p>\n<p>Die den Studenten<b>\u00a0kostenlos\u00a0<\/b>zur Verf\u00fcgung stehenden<b>\u00a0Dienstleistungen\u00a0<\/b>sind:<\/p>\n<ul>\n<li>Sprachleistungstest zu Beginn des Aufenthalts<\/li>\n<li>Begr\u00fcssungsordner<\/li>\n<li>Anwesenheitsbescheinigung nach Abschluss des Kurses<\/li>\n<li>w\u00f6chentliche Tutorien<\/li>\n<li>Leihb\u00fccherei<\/li>\n<li>Videothek (mit VHS und DVD)<\/li>\n<li>Internetzugang<\/li>\n<li>WiFi in der ganzen Schule<\/li>\n<li>iNMSOL-Studentenausweis, mit dem man Rabatte in verschiedenen Einrichtungen Granadas erh\u00e4lt<\/li>\n<\/ul>\n<table border=\"0\" width=\"100%\" cellspacing=\"0\" cellpadding=\"0\">\n<tbody>\n<tr valign=\"top\" bgcolor=\"#ffffff\">\n<td><b>Instituto Mediterr\u00e1neo Sol<\/b>Enriqueta Lozano 17<br \/>18009 GRANADA<br \/>(ESPA\u00d1A)<br \/>iNMSOL auf dem Stadtplan<\/td>\n<\/tr>\n<\/tbody>\n<\/table>\n<\/div>\n<\/div><\/div><\/div><\/div><\/div><\/div><\/div>","protected":false},"excerpt":{"rendered":"<p>Sprachschule iNMSOL f\u00fcr Spanisch in Granada\u00a0\u00a0seit 1992 in der sch\u00f6nen Stadt der Alhambra, die zum Weltkulturerbe geh\u00f6rt, gegr\u00fcndet.\u00a0Granada\u00a0befindet sich in einer bevorzugten Lage \u2013 nur 30 Minuten vom Nationalpark\u00a0Sierra Nevada\u00a0und dessen Schigebiet und 45 Fahrminuten von der Costa Tropical entfernt. Die Schule liegt mitten im Stadtzentrum, in dem urspr\u00fcnglichen Stadtviertel\u00a0El Realejo, weniger als 5 Minuten zu Fu\u00df von der Puerta&#8230;<\/p>\n","protected":false},"author":8,"featured_media":0,"parent":0,"menu_order":0,"comment_status":"closed","ping_status":"closed","template":"","meta":{"inline_featured_image":false,"_monsterinsights_skip_tracking":false,"_monsterinsights_sitenote_active":false,"_monsterinsights_sitenote_note":"","_monsterinsights_sitenote_category":0,"_genesis_hide_title":false,"_genesis_hide_breadcrumbs":false,"_genesis_hide_singular_image":false,"_genesis_hide_footer_widgets":false,"_genesis_custom_body_class":"","_genesis_custom_post_class":"","_genesis_layout":"","footnotes":""},"class_list":{"0":"post-863","1":"page","2":"type-page","3":"status-publish","5":"entry"},"yoast_head":"<!-- This site is optimized with the Yoast SEO plugin v27.4 - https:\/\/yoast.com\/product\/yoast-seo-wordpress\/ -->\n<title>iNMSOL - iNMSOL ELE<\/title>\n<meta name=\"robots\" content=\"index, follow, max-snippet:-1, max-image-preview:large, max-video-preview:-1\" \/>\n<link rel=\"canonical\" href=\"https:\/\/ele.inmsol.com\/de\/spanisch-granada\/\" \/>\n<meta property=\"og:locale\" content=\"de_DE\" \/>\n<meta property=\"og:type\" content=\"article\" \/>\n<meta property=\"og:title\" content=\"iNMSOL - iNMSOL ELE\" \/>\n<meta property=\"og:description\" content=\"Sprachschule iNMSOL f\u00fcr Spanisch in Granada\u00a0\u00a0seit 1992 in der sch\u00f6nen Stadt der Alhambra, die zum Weltkulturerbe geh\u00f6rt, gegr\u00fcndet.\u00a0Granada\u00a0befindet sich in einer bevorzugten Lage \u2013 nur 30 Minuten vom Nationalpark\u00a0Sierra Nevada\u00a0und dessen Schigebiet und 45 Fahrminuten von der Costa Tropical entfernt. Die Schule liegt mitten im Stadtzentrum, in dem urspr\u00fcnglichen Stadtviertel\u00a0El Realejo, weniger als 5 Minuten zu Fu\u00df von der Puerta...\" \/>\n<meta property=\"og:url\" content=\"https:\/\/ele.inmsol.com\/de\/spanisch-granada\/\" \/>\n<meta property=\"og:site_name\" content=\"iNMSOL ELE\" \/>\n<meta property=\"article:publisher\" content=\"https:\/\/www.facebook.com\/spanishcourses\" \/>\n<meta property=\"article:modified_time\" content=\"2019-11-13T23:40:02+00:00\" \/>\n<meta name=\"twitter:card\" content=\"summary_large_image\" \/>\n<meta name=\"twitter:site\" content=\"@StudyInGranada\" \/>\n<meta name=\"twitter:label1\" content=\"Gesch\u00e4tzte Lesezeit\" \/>\n\t<meta name=\"twitter:data1\" content=\"1\u00a0Minute\" \/>\n<script type=\"application\/ld+json\" class=\"yoast-schema-graph\">{\"@context\":\"https:\\\/\\\/schema.org\",\"@graph\":[{\"@type\":\"WebPage\",\"@id\":\"https:\\\/\\\/ele.inmsol.com\\\/de\\\/spanisch-granada\\\/\",\"url\":\"https:\\\/\\\/ele.inmsol.com\\\/de\\\/spanisch-granada\\\/\",\"name\":\"iNMSOL - iNMSOL ELE\",\"isPartOf\":{\"@id\":\"https:\\\/\\\/ele.inmsol.com\\\/en\\\/#website\"},\"datePublished\":\"2017-06-02T10:34:47+00:00\",\"dateModified\":\"2019-11-13T23:40:02+00:00\",\"breadcrumb\":{\"@id\":\"https:\\\/\\\/ele.inmsol.com\\\/de\\\/spanisch-granada\\\/#breadcrumb\"},\"inLanguage\":\"de\",\"potentialAction\":[{\"@type\":\"ReadAction\",\"target\":[\"https:\\\/\\\/ele.inmsol.com\\\/de\\\/spanisch-granada\\\/\"]}]},{\"@type\":\"BreadcrumbList\",\"@id\":\"https:\\\/\\\/ele.inmsol.com\\\/de\\\/spanisch-granada\\\/#breadcrumb\",\"itemListElement\":[{\"@type\":\"ListItem\",\"position\":1,\"name\":\"Portada\",\"item\":\"https:\\\/\\\/ele.inmsol.com\\\/de\\\/\"},{\"@type\":\"ListItem\",\"position\":2,\"name\":\"iNMSOL\"}]},{\"@type\":\"WebSite\",\"@id\":\"https:\\\/\\\/ele.inmsol.com\\\/en\\\/#website\",\"url\":\"https:\\\/\\\/ele.inmsol.com\\\/en\\\/\",\"name\":\"iNMSOL ELE\",\"description\":\"Cursos Profesores Espa\u00f1ol ELE\",\"potentialAction\":[{\"@type\":\"SearchAction\",\"target\":{\"@type\":\"EntryPoint\",\"urlTemplate\":\"https:\\\/\\\/ele.inmsol.com\\\/en\\\/?s={search_term_string}\"},\"query-input\":{\"@type\":\"PropertyValueSpecification\",\"valueRequired\":true,\"valueName\":\"search_term_string\"}}],\"inLanguage\":\"de\"}]}<\/script>\n<!-- \/ Yoast SEO plugin. -->","yoast_head_json":{"title":"iNMSOL - iNMSOL ELE","robots":{"index":"index","follow":"follow","max-snippet":"max-snippet:-1","max-image-preview":"max-image-preview:large","max-video-preview":"max-video-preview:-1"},"canonical":"https:\/\/ele.inmsol.com\/de\/spanisch-granada\/","og_locale":"de_DE","og_type":"article","og_title":"iNMSOL - iNMSOL ELE","og_description":"Sprachschule iNMSOL f\u00fcr Spanisch in Granada\u00a0\u00a0seit 1992 in der sch\u00f6nen Stadt der Alhambra, die zum Weltkulturerbe geh\u00f6rt, gegr\u00fcndet.\u00a0Granada\u00a0befindet sich in einer bevorzugten Lage \u2013 nur 30 Minuten vom Nationalpark\u00a0Sierra Nevada\u00a0und dessen Schigebiet und 45 Fahrminuten von der Costa Tropical entfernt. Die Schule liegt mitten im Stadtzentrum, in dem urspr\u00fcnglichen Stadtviertel\u00a0El Realejo, weniger als 5 Minuten zu Fu\u00df von der Puerta...","og_url":"https:\/\/ele.inmsol.com\/de\/spanisch-granada\/","og_site_name":"iNMSOL ELE","article_publisher":"https:\/\/www.facebook.com\/spanishcourses","article_modified_time":"2019-11-13T23:40:02+00:00","twitter_card":"summary_large_image","twitter_site":"@StudyInGranada","twitter_misc":{"Gesch\u00e4tzte Lesezeit":"1\u00a0Minute"},"schema":{"@context":"https:\/\/schema.org","@graph":[{"@type":"WebPage","@id":"https:\/\/ele.inmsol.com\/de\/spanisch-granada\/","url":"https:\/\/ele.inmsol.com\/de\/spanisch-granada\/","name":"iNMSOL - iNMSOL ELE","isPartOf":{"@id":"https:\/\/ele.inmsol.com\/en\/#website"},"datePublished":"2017-06-02T10:34:47+00:00","dateModified":"2019-11-13T23:40:02+00:00","breadcrumb":{"@id":"https:\/\/ele.inmsol.com\/de\/spanisch-granada\/#breadcrumb"},"inLanguage":"de","potentialAction":[{"@type":"ReadAction","target":["https:\/\/ele.inmsol.com\/de\/spanisch-granada\/"]}]},{"@type":"BreadcrumbList","@id":"https:\/\/ele.inmsol.com\/de\/spanisch-granada\/#breadcrumb","itemListElement":[{"@type":"ListItem","position":1,"name":"Portada","item":"https:\/\/ele.inmsol.com\/de\/"},{"@type":"ListItem","position":2,"name":"iNMSOL"}]},{"@type":"WebSite","@id":"https:\/\/ele.inmsol.com\/en\/#website","url":"https:\/\/ele.inmsol.com\/en\/","name":"iNMSOL ELE","description":"Cursos Profesores Espa\u00f1ol ELE","potentialAction":[{"@type":"SearchAction","target":{"@type":"EntryPoint","urlTemplate":"https:\/\/ele.inmsol.com\/en\/?s={search_term_string}"},"query-input":{"@type":"PropertyValueSpecification","valueRequired":true,"valueName":"search_term_string"}}],"inLanguage":"de"}]}},"_links":{"self":[{"href":"https:\/\/ele.inmsol.com\/de\/wp-json\/wp\/v2\/pages\/863","targetHints":{"allow":["GET"]}}],"collection":[{"href":"https:\/\/ele.inmsol.com\/de\/wp-json\/wp\/v2\/pages"}],"about":[{"href":"https:\/\/ele.inmsol.com\/de\/wp-json\/wp\/v2\/types\/page"}],"author":[{"embeddable":true,"href":"https:\/\/ele.inmsol.com\/de\/wp-json\/wp\/v2\/users\/8"}],"replies":[{"embeddable":true,"href":"https:\/\/ele.inmsol.com\/de\/wp-json\/wp\/v2\/comments?post=863"}],"version-history":[{"count":0,"href":"https:\/\/ele.inmsol.com\/de\/wp-json\/wp\/v2\/pages\/863\/revisions"}],"wp:attachment":[{"href":"https:\/\/ele.inmsol.com\/de\/wp-json\/wp\/v2\/media?parent=863"}],"curies":[{"name":"wp","href":"https:\/\/api.w.org\/{rel}","templated":true}]}}