{"id":1827,"date":"2017-04-19T09:03:19","date_gmt":"2017-04-19T07:03:19","guid":{"rendered":"https:\/\/ele.inmsol.com\/inicio\/"},"modified":"2019-10-23T01:39:52","modified_gmt":"2019-10-22T23:39:52","slug":"inicio","status":"publish","type":"page","link":"https:\/\/ele.inmsol.com\/en\/","title":{"rendered":"Inicio"},"content":{"rendered":"<div id=\"pl-1827\"  class=\"panel-layout\" ><div id=\"pg-1827-0\"  class=\"panel-grid panel-has-style\" ><div class=\"siteorigin-panels-stretch panel-row-style panel-row-style-for-1827-0\" data-stretch-type=\"full\" ><div id=\"pgc-1827-0-0\"  class=\"panel-grid-cell\" ><div id=\"panel-1827-0-0-0\" class=\"so-panel widget widget_widget_cur widget_cur panel-first-child panel-last-child\" data-index=\"0\" ><div class=\"wrap\">                \n                <div class=\"item first impar\">\n                    <div class=\"texto\">\n                        <p class=\"num\">02<\/p>\n                        <p class=\"letter\">Non-Native Teachers<\/p>\n                        <p>This course is specifically designed for teachers in the field of junior and adult education and may qualify for European Key Action1 grant assistance with Erasmus + program.<\/p>\n                        \n                        <a class=\"button\" href=\"https:\/\/ele.inmsol.com\/en\/cursos-espanol\/training-courses-teachers-spanish\/\">View course<\/a>\n                    <\/div>\n\n                    <div class=\"image\">\n                        <img decoding=\"async\" width=\"672\" height=\"460\" src=\"https:\/\/ele.inmsol.com\/wp-content\/uploads\/2017\/05\/profesor-nativo-clase-672x460.png\" class=\"attachment-curso_destacado size-curso_destacado wp-post-image\" alt=\"\" srcset=\"https:\/\/ele.inmsol.com\/wp-content\/uploads\/2017\/05\/profesor-nativo-clase-672x460.png 672w, https:\/\/ele.inmsol.com\/wp-content\/uploads\/2017\/05\/profesor-nativo-clase-600x411.png 600w, https:\/\/ele.inmsol.com\/wp-content\/uploads\/2017\/05\/profesor-nativo-clase.png 754w\" sizes=\"(max-width: 672px) 100vw, 672px\" \/>                    <\/div>\n                    \n                <\/div>\n                            \n                <div class=\"item first par\">\n                    <div class=\"texto\">\n                        <p class=\"num\">06<\/p>\n                        <p class=\"letter\">Inscripci\u00f3n<\/p>\n                                                \n                        <a class=\"button\" href=\"https:\/\/ele.inmsol.com\/en\/cursos-espanol\/inscripcion\/\">View course<\/a>\n                    <\/div>\n\n                    <div class=\"image\">\n                                            <\/div>\n                    \n                <\/div>\n            <\/div><\/div><\/div><\/div><\/div><div id=\"pg-1827-1\"  class=\"panel-grid panel-has-style\" ><div class=\"text-color panel-row-style panel-row-style-for-1827-1\" id=\"secciones-destacadas\" ><div id=\"pgc-1827-1-0\"  class=\"panel-grid-cell\" ><div id=\"panel-1827-1-0-0\" class=\"so-panel widget widget_sow-editor panel-first-child panel-last-child\" data-index=\"1\" ><div class=\"panel-widget-style panel-widget-style-for-1827-1-0-0\" ><div\n\t\t\t\n\t\t\tclass=\"so-widget-sow-editor so-widget-sow-editor-base\"\n\t\t\t\n\t\t>\n<div class=\"siteorigin-widget-tinymce textwidget\">\n\t<div class=\"secciones-destacadas\"><a href=\"\/en\/faq\/\" title=\"Frequently Asked Questions\">Frequently Asked Questions<\/a><\/div>\n<\/div>\n<\/div><\/div><\/div><\/div><div id=\"pgc-1827-1-1\"  class=\"panel-grid-cell\" ><div id=\"panel-1827-1-1-0\" class=\"so-panel widget widget_sow-editor panel-first-child panel-last-child\" data-index=\"2\" ><div class=\"panel-widget-style panel-widget-style-for-1827-1-1-0\" ><div\n\t\t\t\n\t\t\tclass=\"so-widget-sow-editor so-widget-sow-editor-base\"\n\t\t\t\n\t\t>\n<div class=\"siteorigin-widget-tinymce textwidget\">\n\t<div class=\"secciones-destacadas\"><a href=\"\/en\/grammar-resources\/\" title=\"Spanish grammar resources\">Spanish grammar resources<\/a><\/div>\n<\/div>\n<\/div><\/div><\/div><\/div><div id=\"pgc-1827-1-2\"  class=\"panel-grid-cell\" ><div id=\"panel-1827-1-2-0\" class=\"so-panel widget widget_sow-editor panel-first-child panel-last-child\" data-index=\"3\" ><div class=\"panel-widget-style panel-widget-style-for-1827-1-2-0\" ><div\n\t\t\t\n\t\t\tclass=\"so-widget-sow-editor so-widget-sow-editor-base\"\n\t\t\t\n\t\t>\n<div class=\"siteorigin-widget-tinymce textwidget\">\n\t<div class=\"secciones-destacadas\"><a href=\"\/en\/spanish-exercises\/\" title=\"Spanish exercises\">Spanish exercises<\/a><\/div>\n<\/div>\n<\/div><\/div><\/div><\/div><\/div><\/div><div id=\"pg-1827-2\"  class=\"panel-grid panel-has-style\" ><div class=\"siteorigin-panels-stretch panel-row-style panel-row-style-for-1827-2\" id=\"blog-home\" data-stretch-type=\"full\" ><div id=\"pgc-1827-2-0\"  class=\"panel-grid-cell\" ><div id=\"panel-1827-2-0-0\" class=\"widget_text so-panel widget widget_custom_html panel-first-child\" data-index=\"4\" ><div class=\"textwidget custom-html-widget\"><h3 class=\"titulo-blog-home\">\n\t\u00daltimas noticias\n<\/h3><\/div><\/div><div id=\"panel-1827-2-0-1\" class=\"so-panel widget widget_widget_ultent widget_ultent\" data-index=\"5\" ><div class=\"entradas-recientes-blog-home panel-widget-style panel-widget-style-for-1827-2-0-1\" >\n                \n                <div class=\"item one-third first\">\n                  <div class=\"time\">\n                    <time datetime=\"November 27th, 2019\" pubdate>\n                    27\/11\/2019                    <\/time>\n                  <\/div>\n                \n                 <div class=\"title\">\n                     <h3 class=\"widget-title\"><a href=\"https:\/\/ele.inmsol.com\/en\/blog-en\/updates-of-the-spanish-language-academy\/\" rel=\"bookmark\" title=\"Updates of the Spanish Language Academy\">Updates of the Spanish Language Academy<\/a><\/h3><p>On this occasion, we share a post about the updates announced by the Royal Academy of the Spanish Language (RAE). As every year, the SAR makes a dent in the language to new words rather than accepted in the colloquial language. As teachers of Spanish we must keep up to date with these modifications to make them known to our&#8230;<\/p>\n                 <\/div>\n              \n                <\/div>\n                    \n                <div class=\"item one-third\">\n                  <div class=\"time\">\n                    <time datetime=\"November 26th, 2019\" pubdate>\n                    26\/11\/2019                    <\/time>\n                  <\/div>\n                \n                 <div class=\"title\">\n                     <h3 class=\"widget-title\"><a href=\"https:\/\/ele.inmsol.com\/en\/blog-en\/we-open-enrollment-in-the-2020-ele-training-courses\/\" rel=\"bookmark\" title=\"We open enrollment in the 2020 ELE training courses\">We open enrollment in the 2020 ELE training courses<\/a><\/h3><p>From this moment we open enrollment in the ELE teacher training courses for 2020 that Instituto Mediterr\u00e1neo Sol carries out.<\/p>\n                 <\/div>\n              \n                <\/div>\n                    \n                <div class=\"item one-third\">\n                  <div class=\"time\">\n                    <time datetime=\"April 24th, 2018\" pubdate>\n                    24\/04\/2018                    <\/time>\n                  <\/div>\n                \n                 <div class=\"title\">\n                     <h3 class=\"widget-title\"><a href=\"https:\/\/ele.inmsol.com\/en\/blog\/training-course-teachers-spanish-ele\/\" rel=\"bookmark\" title=\"Training course for teachers of Spanish as a foreign language (ELE)\">Training course for teachers of Spanish as a foreign language (ELE)<\/a><\/h3><p>iNMSOL offers a Training course for teachers of ELE (Spanish as a foreign language), addressed to those who are interested in the teaching of Spanish. It is made up of 2 modules divided into a theoretical\/practical part and another practical part of tutored class. 15% discount for May 2018.<\/p>\n                 <\/div>\n              \n                <\/div>\n            <\/div><\/div><div id=\"panel-1827-2-0-2\" class=\"so-panel widget widget_ctatext widget_cta panel-last-child\" data-index=\"6\" >\n\t\t\t<div class=\"ctabutton\">\n\t\t\t\t<a class=\"button\n\t\t\t\t acceso-blog-home\t\t\t\t\" href=\"\/en\/category\/blog-en\/\" \n\t\t\t\t target=\"_self\"\t\t\t\t>Acceder al Blog<\/a>\n\t\t\t<\/div>\n\t\t<\/div><\/div><\/div><\/div><\/div>","protected":false},"excerpt":{"rendered":"<p>Frequently Asked Questions Spanish grammar resources Spanish exercises<\/p>\n","protected":false},"author":8,"featured_media":0,"parent":0,"menu_order":0,"comment_status":"closed","ping_status":"closed","template":"","meta":{"inline_featured_image":false,"_monsterinsights_skip_tracking":false,"_monsterinsights_sitenote_active":false,"_monsterinsights_sitenote_note":"","_monsterinsights_sitenote_category":0,"_genesis_hide_title":false,"_genesis_hide_breadcrumbs":false,"_genesis_hide_singular_image":false,"_genesis_hide_footer_widgets":false,"_genesis_custom_body_class":"","_genesis_custom_post_class":"","_genesis_layout":"","footnotes":""},"class_list":{"0":"post-1827","1":"page","2":"type-page","3":"status-publish","5":"entry"},"yoast_head":"<!-- This site is optimized with the Yoast SEO plugin v27.4 - https:\/\/yoast.com\/product\/yoast-seo-wordpress\/ -->\n<title>Cursos de Espa\u00f1ol para Profesores ELE en Granada<\/title>\n<meta name=\"description\" content=\"Nuestra escuela est\u00e1 certificada seg\u00fan el Instituto Cervantes. Garant\u00eda de Calidad y profesionalidad. Aprende espa\u00f1ol en un entorno como Granada.\" \/>\n<meta name=\"robots\" content=\"index, follow, max-snippet:-1, max-image-preview:large, max-video-preview:-1\" \/>\n<link rel=\"canonical\" href=\"https:\/\/ele.inmsol.com\/en\/\" \/>\n<meta property=\"og:locale\" content=\"en_US\" \/>\n<meta property=\"og:type\" content=\"article\" \/>\n<meta property=\"og:title\" content=\"Cursos de Espa\u00f1ol para Profesores ELE en Granada\" \/>\n<meta property=\"og:description\" content=\"Nuestra escuela est\u00e1 certificada seg\u00fan el Instituto Cervantes. Garant\u00eda de Calidad y profesionalidad. Aprende espa\u00f1ol en un entorno como Granada.\" \/>\n<meta property=\"og:url\" content=\"https:\/\/ele.inmsol.com\/en\/\" \/>\n<meta property=\"og:site_name\" content=\"iNMSOL ELE\" \/>\n<meta property=\"article:publisher\" content=\"https:\/\/www.facebook.com\/spanishcourses\" \/>\n<meta property=\"article:modified_time\" content=\"2019-10-22T23:39:52+00:00\" \/>\n<meta name=\"twitter:card\" content=\"summary_large_image\" \/>\n<meta name=\"twitter:site\" content=\"@StudyInGranada\" \/>\n<script type=\"application\/ld+json\" class=\"yoast-schema-graph\">{\"@context\":\"https:\\\/\\\/schema.org\",\"@graph\":[{\"@type\":\"WebPage\",\"@id\":\"https:\\\/\\\/ele.inmsol.com\\\/en\\\/\",\"url\":\"https:\\\/\\\/ele.inmsol.com\\\/en\\\/\",\"name\":\"Cursos de Espa\u00f1ol para Profesores ELE en Granada\",\"isPartOf\":{\"@id\":\"https:\\\/\\\/ele.inmsol.com\\\/en\\\/#website\"},\"datePublished\":\"2017-04-19T07:03:19+00:00\",\"dateModified\":\"2019-10-22T23:39:52+00:00\",\"description\":\"Nuestra escuela est\u00e1 certificada seg\u00fan el Instituto Cervantes. Garant\u00eda de Calidad y profesionalidad. Aprende espa\u00f1ol en un entorno como Granada.\",\"breadcrumb\":{\"@id\":\"https:\\\/\\\/ele.inmsol.com\\\/en\\\/#breadcrumb\"},\"inLanguage\":\"en-US\",\"potentialAction\":[{\"@type\":\"ReadAction\",\"target\":[\"https:\\\/\\\/ele.inmsol.com\\\/en\\\/\"]}]},{\"@type\":\"BreadcrumbList\",\"@id\":\"https:\\\/\\\/ele.inmsol.com\\\/en\\\/#breadcrumb\",\"itemListElement\":[{\"@type\":\"ListItem\",\"position\":1,\"name\":\"Portada\",\"item\":\"https:\\\/\\\/ele.inmsol.com\\\/en\\\/\"},{\"@type\":\"ListItem\",\"position\":2,\"name\":\"Inicio\"}]},{\"@type\":\"WebSite\",\"@id\":\"https:\\\/\\\/ele.inmsol.com\\\/en\\\/#website\",\"url\":\"https:\\\/\\\/ele.inmsol.com\\\/en\\\/\",\"name\":\"iNMSOL ELE\",\"description\":\"Cursos Profesores Espa\u00f1ol ELE\",\"potentialAction\":[{\"@type\":\"SearchAction\",\"target\":{\"@type\":\"EntryPoint\",\"urlTemplate\":\"https:\\\/\\\/ele.inmsol.com\\\/en\\\/?s={search_term_string}\"},\"query-input\":{\"@type\":\"PropertyValueSpecification\",\"valueRequired\":true,\"valueName\":\"search_term_string\"}}],\"inLanguage\":\"en-US\"}]}<\/script>\n<!-- \/ Yoast SEO plugin. -->","yoast_head_json":{"title":"Cursos de Espa\u00f1ol para Profesores ELE en Granada","description":"Nuestra escuela est\u00e1 certificada seg\u00fan el Instituto Cervantes. Garant\u00eda de Calidad y profesionalidad. Aprende espa\u00f1ol en un entorno como Granada.","robots":{"index":"index","follow":"follow","max-snippet":"max-snippet:-1","max-image-preview":"max-image-preview:large","max-video-preview":"max-video-preview:-1"},"canonical":"https:\/\/ele.inmsol.com\/en\/","og_locale":"en_US","og_type":"article","og_title":"Cursos de Espa\u00f1ol para Profesores ELE en Granada","og_description":"Nuestra escuela est\u00e1 certificada seg\u00fan el Instituto Cervantes. Garant\u00eda de Calidad y profesionalidad. Aprende espa\u00f1ol en un entorno como Granada.","og_url":"https:\/\/ele.inmsol.com\/en\/","og_site_name":"iNMSOL ELE","article_publisher":"https:\/\/www.facebook.com\/spanishcourses","article_modified_time":"2019-10-22T23:39:52+00:00","twitter_card":"summary_large_image","twitter_site":"@StudyInGranada","schema":{"@context":"https:\/\/schema.org","@graph":[{"@type":"WebPage","@id":"https:\/\/ele.inmsol.com\/en\/","url":"https:\/\/ele.inmsol.com\/en\/","name":"Cursos de Espa\u00f1ol para Profesores ELE en Granada","isPartOf":{"@id":"https:\/\/ele.inmsol.com\/en\/#website"},"datePublished":"2017-04-19T07:03:19+00:00","dateModified":"2019-10-22T23:39:52+00:00","description":"Nuestra escuela est\u00e1 certificada seg\u00fan el Instituto Cervantes. Garant\u00eda de Calidad y profesionalidad. Aprende espa\u00f1ol en un entorno como Granada.","breadcrumb":{"@id":"https:\/\/ele.inmsol.com\/en\/#breadcrumb"},"inLanguage":"en-US","potentialAction":[{"@type":"ReadAction","target":["https:\/\/ele.inmsol.com\/en\/"]}]},{"@type":"BreadcrumbList","@id":"https:\/\/ele.inmsol.com\/en\/#breadcrumb","itemListElement":[{"@type":"ListItem","position":1,"name":"Portada","item":"https:\/\/ele.inmsol.com\/en\/"},{"@type":"ListItem","position":2,"name":"Inicio"}]},{"@type":"WebSite","@id":"https:\/\/ele.inmsol.com\/en\/#website","url":"https:\/\/ele.inmsol.com\/en\/","name":"iNMSOL ELE","description":"Cursos Profesores Espa\u00f1ol ELE","potentialAction":[{"@type":"SearchAction","target":{"@type":"EntryPoint","urlTemplate":"https:\/\/ele.inmsol.com\/en\/?s={search_term_string}"},"query-input":{"@type":"PropertyValueSpecification","valueRequired":true,"valueName":"search_term_string"}}],"inLanguage":"en-US"}]}},"_links":{"self":[{"href":"https:\/\/ele.inmsol.com\/en\/wp-json\/wp\/v2\/pages\/1827","targetHints":{"allow":["GET"]}}],"collection":[{"href":"https:\/\/ele.inmsol.com\/en\/wp-json\/wp\/v2\/pages"}],"about":[{"href":"https:\/\/ele.inmsol.com\/en\/wp-json\/wp\/v2\/types\/page"}],"author":[{"embeddable":true,"href":"https:\/\/ele.inmsol.com\/en\/wp-json\/wp\/v2\/users\/8"}],"replies":[{"embeddable":true,"href":"https:\/\/ele.inmsol.com\/en\/wp-json\/wp\/v2\/comments?post=1827"}],"version-history":[{"count":0,"href":"https:\/\/ele.inmsol.com\/en\/wp-json\/wp\/v2\/pages\/1827\/revisions"}],"wp:attachment":[{"href":"https:\/\/ele.inmsol.com\/en\/wp-json\/wp\/v2\/media?parent=1827"}],"curies":[{"name":"wp","href":"https:\/\/api.w.org\/{rel}","templated":true}]}}