{"id":497,"date":"2017-05-31T09:17:36","date_gmt":"2017-05-31T07:17:36","guid":{"rendered":"https:\/\/ele.inmsol.com\/?page_id=497\/"},"modified":"2021-07-14T12:43:56","modified_gmt":"2021-07-14T10:43:56","slug":"497-2","status":"publish","type":"page","link":"https:\/\/ele.inmsol.com\/en\/497-2\/","title":{"rendered":"Granada"},"content":{"rendered":"<div id=\"pl-497\"  class=\"panel-layout\" ><div id=\"pg-497-0\"  class=\"panel-grid panel-has-style\" ><div class=\"siteorigin-panels-stretch panel-row-style panel-row-style-for-497-0\" data-stretch-type=\"full\" ><div id=\"pgc-497-0-0\"  class=\"panel-grid-cell\" ><div id=\"panel-497-0-0-0\" class=\"so-panel widget widget_sow-image panel-first-child panel-last-child\" data-index=\"0\" ><div\n\t\t\t\n\t\t\tclass=\"so-widget-sow-image so-widget-sow-image-default-dbf295114b96-497\"\n\t\t\t\n\t\t>\n<div class=\"sow-image-container\">\n\t\t<img \n\tsrc=\"https:\/\/ele.inmsol.com\/wp-content\/uploads\/2017\/04\/granada-spain-learn-spanish-01.jpg\" width=\"1024\" height=\"677\" srcset=\"https:\/\/ele.inmsol.com\/wp-content\/uploads\/2017\/04\/granada-spain-learn-spanish-01.jpg 1024w, https:\/\/ele.inmsol.com\/wp-content\/uploads\/2017\/04\/granada-spain-learn-spanish-01-600x397.jpg 600w, https:\/\/ele.inmsol.com\/wp-content\/uploads\/2017\/04\/granada-spain-learn-spanish-01-768x508.jpg 768w\" sizes=\"(max-width: 1024px) 100vw, 1024px\" title=\"Patio de los Leones\" alt=\"\" \t\tclass=\"so-widget-image\"\/>\n\t<\/div>\n\n<\/div><\/div><\/div><\/div><\/div><div id=\"pg-497-1\"  class=\"panel-grid panel-no-style\" ><div id=\"pgc-497-1-0\"  class=\"panel-grid-cell\" ><div id=\"panel-497-1-0-0\" class=\"so-panel widget widget_sow-editor panel-first-child panel-last-child\" data-index=\"1\" ><div\n\t\t\t\n\t\t\tclass=\"so-widget-sow-editor so-widget-sow-editor-base\"\n\t\t\t\n\t\t>\n<div class=\"siteorigin-widget-tinymce textwidget\">\n\t<h4>GRANADA<\/h4>\n<section><\/section>\n<section class=\"post-entry\">Granada is a town situated at the South-East part of <strong>Andalusia<\/strong>, with 280.000 inhabitants. Thanks to its geographic situation and its orography, <strong>Sierra Nevada <\/strong>(3.480) ski slopes are at 30 Km distance to the city centre. This is considered one of the most atractive place in Europe for enjoying winter sports.Moreover, Granada is only 75 km far away from the famous <strong>Tropical Coast<\/strong>.<b>There are many sides to the town:<\/b><\/p>\n<h2>A Moorish town<\/h2>\n<p>It was the last kingdom to be reconquered by the Christians from the Moors. Its Moorishness is evident throughout the town, but especially in the <strong>Alhambra Palace and Generalife<\/strong>, one of the most visited monuments in the world, and, on the opposite hill, the Albaic\u00edn, the ancient moorish quarter with its narrow cobbled lanes and squares and traditional houses.<\/p>\n<h2>A Renaissance and modernist town<\/h2>\n<p>Renaissance because of the large amount of buildings in this style of architecture, particularly religious buildings, which were built at the time of the Christians arrival in the 16th century. Modernist since the beginning of the 20th century because of the modernist style borrowed from Catalonia after the creation of the Granadan sugar refining industry.<\/p>\n<p><b>A centre for Flamenco<\/b>, centred on the district of <strong>Sacromonte<\/strong>, inhabited by gypsies who have become singers, dancers and guitarists. They have spread their art throughout the world.<\/p>\n<p><strong>A university town<\/strong>, with one of the oldest universities in Spain (over 500 years old) and one of the biggest ones, with about 60,000 students coming from all over the world. Walking on the streets and going to the tapas\u2019 bars you will find a young environment, that gives to Granada a typically Spanish character.<\/p>\n<p><b>A cultural town:<\/b> apart from <strong>Semana Santa (Easter) and Fiestas del Corpus<\/strong>, other events stand out: jazz festival (autumn), international festival of theatre (spring) and international festival of music and dance (spring). As well as these events theatrical representations, concerts and flamenco shows, etc., occur throughout the year at the Manuel de Falla cultural centre, the Palacio de Congresos and in various other centres created for these purposes.<\/p>\n<p>Thanks to all that, Granada has become a world reference for what referes to cultural life, traditions and tolleration.<\/p>\n<h3>Special events:<\/h3>\n<p>Semana Santa (Easter), \u201cSpring\u201d Party, D\u00eda de la Cruz, Corpus Christie ( Feria de Granada), International Festival of Music and Dance (Summertime), Festival Flamenco, Flamenco Joven, Certamen Internacional De Guitarra, Fiesta de San Cecilio, Festival de Cortometraje, Jazz Festival, Zaid\u00edn quarter Festival, International Tango Festival (March), Summer inthe Corral del Carb\u00f3n (theatre and Flamenco), etc.<\/p>\n<h3>Monuments and Places to visit<\/h3>\n<p>Alhambra and Generalife Gardens, Cathedral, Royal Chapel, Madraza, La Virgen de las Angustias Church, San Juan de Dios Church, Santa Ana Church, San Pedro Church,Colegiata del Salvador, Carmen de los M\u00e1rtires, la Cartuja Monastery, Archeological Museum, los Pisa\u2019s House, la Zambra Flamenco Museum, Albayzin, Sacromonte and Realejo Quarters, Corral del Carb\u00f3n, Huerta de San Vicente, Arts and popular customs Museum, Dar Al Horra Palace, Max Moreau House-Museum, G\u00f3mez Moreno Museum, Cuarto Real de Santo Domingo, Fine Arts Museum, Carmen-Museum Rodr\u00edguez Acosta, Manuel de Falla House-Museum, San Jer\u00f3nimo Monastery, Sciences Park, Contemporary Arts Centre, Jose Guerrero Museum, Plaza Nueva, Plaza de la Trinidad, Plaza de Bib-Rambla, Plaza del Carmen (City Hold), Winter Park \u201cLlano de la Perdiz\u201d, Garc\u00eda Lorca Park (Huerta de San Vicente), La Alpujarra, Natural Park of \u201cSierra Nevada\u201d, etc.<\/p>\n<ul>\n<li>Metherologic Information: <a href=\"http:\/\/www.aemet.es\/es\/eltiempo\/prediccion\/espana\" target=\"_blank\" rel=\"noopener\"><strong>http:\/\/www.aemet.es\/es\/eltiempo\/prediccion\/espana<\/strong><\/a><\/li>\n<\/ul>\n<h4 class=\"rtecenter\"><a class=\"btn btn- btn-default \" title=\"\" href=\"https:\/\/www.inmsol.com\/about-granada\/\" target=\"_blank\" rel=\"nofollow noopener\">Granada Book Guide<\/a><\/h4>\n<p>&nbsp;<\/p>\n<\/section>\n<\/div>\n<\/div><\/div><\/div><\/div><\/div>","protected":false},"excerpt":{"rendered":"<p>GRANADA Granada is a town situated at the South-East part of Andalusia, with 280.000 inhabitants. Thanks to its geographic situation and its orography, Sierra Nevada (3.480) ski slopes are at 30 Km distance to the city centre. This is considered one of the most atractive place in Europe for enjoying winter sports.Moreover, Granada is only 75 km far away from&#8230;<\/p>\n","protected":false},"author":8,"featured_media":3394,"parent":0,"menu_order":0,"comment_status":"closed","ping_status":"closed","template":"","meta":{"inline_featured_image":false,"_monsterinsights_skip_tracking":false,"_monsterinsights_sitenote_active":false,"_monsterinsights_sitenote_note":"","_monsterinsights_sitenote_category":0,"_genesis_hide_title":false,"_genesis_hide_breadcrumbs":false,"_genesis_hide_singular_image":false,"_genesis_hide_footer_widgets":false,"_genesis_custom_body_class":"","_genesis_custom_post_class":"","_genesis_layout":"","footnotes":""},"class_list":{"0":"post-497","1":"page","2":"type-page","3":"status-publish","4":"has-post-thumbnail","6":"entry"},"yoast_head":"<!-- This site is optimized with the Yoast SEO plugin v27.4 - https:\/\/yoast.com\/product\/yoast-seo-wordpress\/ -->\n<title>Granada | iNMSOL ELE<\/title>\n<meta name=\"description\" content=\"Studying in Granada (Spain) and getting to know our city will surprise you! Granada is a charming city, full of culture and leisure plans.\" \/>\n<meta name=\"robots\" content=\"index, follow, max-snippet:-1, max-image-preview:large, max-video-preview:-1\" \/>\n<link rel=\"canonical\" href=\"https:\/\/ele.inmsol.com\/en\/497-2\/\" \/>\n<meta property=\"og:locale\" content=\"en_US\" \/>\n<meta property=\"og:type\" content=\"article\" \/>\n<meta property=\"og:title\" content=\"Granada | iNMSOL ELE\" \/>\n<meta property=\"og:description\" content=\"Studying in Granada (Spain) and getting to know our city will surprise you! Granada is a charming city, full of culture and leisure plans.\" \/>\n<meta property=\"og:url\" content=\"https:\/\/ele.inmsol.com\/en\/497-2\/\" \/>\n<meta property=\"og:site_name\" content=\"iNMSOL ELE\" \/>\n<meta property=\"article:publisher\" content=\"https:\/\/www.facebook.com\/spanishcourses\" \/>\n<meta property=\"article:modified_time\" content=\"2021-07-14T10:43:56+00:00\" \/>\n<meta property=\"og:image\" content=\"https:\/\/ele.inmsol.com\/wp-content\/uploads\/2021\/07\/Alhambra-con-vistas.jpg\" \/>\n\t<meta property=\"og:image:width\" content=\"980\" \/>\n\t<meta property=\"og:image:height\" content=\"599\" \/>\n\t<meta property=\"og:image:type\" content=\"image\/jpeg\" \/>\n<meta name=\"twitter:card\" content=\"summary_large_image\" \/>\n<meta name=\"twitter:site\" content=\"@StudyInGranada\" \/>\n<meta name=\"twitter:label1\" content=\"Est. reading time\" \/>\n\t<meta name=\"twitter:data1\" content=\"3 minutes\" \/>\n<script type=\"application\/ld+json\" class=\"yoast-schema-graph\">{\"@context\":\"https:\\\/\\\/schema.org\",\"@graph\":[{\"@type\":\"WebPage\",\"@id\":\"https:\\\/\\\/ele.inmsol.com\\\/en\\\/497-2\\\/\",\"url\":\"https:\\\/\\\/ele.inmsol.com\\\/en\\\/497-2\\\/\",\"name\":\"Granada | iNMSOL ELE\",\"isPartOf\":{\"@id\":\"https:\\\/\\\/ele.inmsol.com\\\/en\\\/#website\"},\"primaryImageOfPage\":{\"@id\":\"https:\\\/\\\/ele.inmsol.com\\\/en\\\/497-2\\\/#primaryimage\"},\"image\":{\"@id\":\"https:\\\/\\\/ele.inmsol.com\\\/en\\\/497-2\\\/#primaryimage\"},\"thumbnailUrl\":\"https:\\\/\\\/ele.inmsol.com\\\/wp-content\\\/uploads\\\/2021\\\/07\\\/Alhambra-con-vistas.jpg\",\"datePublished\":\"2017-05-31T07:17:36+00:00\",\"dateModified\":\"2021-07-14T10:43:56+00:00\",\"description\":\"Studying in Granada (Spain) and getting to know our city will surprise you! Granada is a charming city, full of culture and leisure plans.\",\"breadcrumb\":{\"@id\":\"https:\\\/\\\/ele.inmsol.com\\\/en\\\/497-2\\\/#breadcrumb\"},\"inLanguage\":\"en-US\",\"potentialAction\":[{\"@type\":\"ReadAction\",\"target\":[\"https:\\\/\\\/ele.inmsol.com\\\/en\\\/497-2\\\/\"]}]},{\"@type\":\"ImageObject\",\"inLanguage\":\"en-US\",\"@id\":\"https:\\\/\\\/ele.inmsol.com\\\/en\\\/497-2\\\/#primaryimage\",\"url\":\"https:\\\/\\\/ele.inmsol.com\\\/wp-content\\\/uploads\\\/2021\\\/07\\\/Alhambra-con-vistas.jpg\",\"contentUrl\":\"https:\\\/\\\/ele.inmsol.com\\\/wp-content\\\/uploads\\\/2021\\\/07\\\/Alhambra-con-vistas.jpg\",\"width\":980,\"height\":599,\"caption\":\"Granada\"},{\"@type\":\"BreadcrumbList\",\"@id\":\"https:\\\/\\\/ele.inmsol.com\\\/en\\\/497-2\\\/#breadcrumb\",\"itemListElement\":[{\"@type\":\"ListItem\",\"position\":1,\"name\":\"Portada\",\"item\":\"https:\\\/\\\/ele.inmsol.com\\\/en\\\/\"},{\"@type\":\"ListItem\",\"position\":2,\"name\":\"Granada\"}]},{\"@type\":\"WebSite\",\"@id\":\"https:\\\/\\\/ele.inmsol.com\\\/en\\\/#website\",\"url\":\"https:\\\/\\\/ele.inmsol.com\\\/en\\\/\",\"name\":\"iNMSOL ELE\",\"description\":\"Cursos Profesores Espa\u00f1ol ELE\",\"potentialAction\":[{\"@type\":\"SearchAction\",\"target\":{\"@type\":\"EntryPoint\",\"urlTemplate\":\"https:\\\/\\\/ele.inmsol.com\\\/en\\\/?s={search_term_string}\"},\"query-input\":{\"@type\":\"PropertyValueSpecification\",\"valueRequired\":true,\"valueName\":\"search_term_string\"}}],\"inLanguage\":\"en-US\"}]}<\/script>\n<!-- \/ Yoast SEO plugin. -->","yoast_head_json":{"title":"Granada | iNMSOL ELE","description":"Studying in Granada (Spain) and getting to know our city will surprise you! Granada is a charming city, full of culture and leisure plans.","robots":{"index":"index","follow":"follow","max-snippet":"max-snippet:-1","max-image-preview":"max-image-preview:large","max-video-preview":"max-video-preview:-1"},"canonical":"https:\/\/ele.inmsol.com\/en\/497-2\/","og_locale":"en_US","og_type":"article","og_title":"Granada | iNMSOL ELE","og_description":"Studying in Granada (Spain) and getting to know our city will surprise you! Granada is a charming city, full of culture and leisure plans.","og_url":"https:\/\/ele.inmsol.com\/en\/497-2\/","og_site_name":"iNMSOL ELE","article_publisher":"https:\/\/www.facebook.com\/spanishcourses","article_modified_time":"2021-07-14T10:43:56+00:00","og_image":[{"width":980,"height":599,"url":"https:\/\/ele.inmsol.com\/wp-content\/uploads\/2021\/07\/Alhambra-con-vistas.jpg","type":"image\/jpeg"}],"twitter_card":"summary_large_image","twitter_site":"@StudyInGranada","twitter_misc":{"Est. reading time":"3 minutes"},"schema":{"@context":"https:\/\/schema.org","@graph":[{"@type":"WebPage","@id":"https:\/\/ele.inmsol.com\/en\/497-2\/","url":"https:\/\/ele.inmsol.com\/en\/497-2\/","name":"Granada | iNMSOL ELE","isPartOf":{"@id":"https:\/\/ele.inmsol.com\/en\/#website"},"primaryImageOfPage":{"@id":"https:\/\/ele.inmsol.com\/en\/497-2\/#primaryimage"},"image":{"@id":"https:\/\/ele.inmsol.com\/en\/497-2\/#primaryimage"},"thumbnailUrl":"https:\/\/ele.inmsol.com\/wp-content\/uploads\/2021\/07\/Alhambra-con-vistas.jpg","datePublished":"2017-05-31T07:17:36+00:00","dateModified":"2021-07-14T10:43:56+00:00","description":"Studying in Granada (Spain) and getting to know our city will surprise you! Granada is a charming city, full of culture and leisure plans.","breadcrumb":{"@id":"https:\/\/ele.inmsol.com\/en\/497-2\/#breadcrumb"},"inLanguage":"en-US","potentialAction":[{"@type":"ReadAction","target":["https:\/\/ele.inmsol.com\/en\/497-2\/"]}]},{"@type":"ImageObject","inLanguage":"en-US","@id":"https:\/\/ele.inmsol.com\/en\/497-2\/#primaryimage","url":"https:\/\/ele.inmsol.com\/wp-content\/uploads\/2021\/07\/Alhambra-con-vistas.jpg","contentUrl":"https:\/\/ele.inmsol.com\/wp-content\/uploads\/2021\/07\/Alhambra-con-vistas.jpg","width":980,"height":599,"caption":"Granada"},{"@type":"BreadcrumbList","@id":"https:\/\/ele.inmsol.com\/en\/497-2\/#breadcrumb","itemListElement":[{"@type":"ListItem","position":1,"name":"Portada","item":"https:\/\/ele.inmsol.com\/en\/"},{"@type":"ListItem","position":2,"name":"Granada"}]},{"@type":"WebSite","@id":"https:\/\/ele.inmsol.com\/en\/#website","url":"https:\/\/ele.inmsol.com\/en\/","name":"iNMSOL ELE","description":"Cursos Profesores Espa\u00f1ol ELE","potentialAction":[{"@type":"SearchAction","target":{"@type":"EntryPoint","urlTemplate":"https:\/\/ele.inmsol.com\/en\/?s={search_term_string}"},"query-input":{"@type":"PropertyValueSpecification","valueRequired":true,"valueName":"search_term_string"}}],"inLanguage":"en-US"}]}},"_links":{"self":[{"href":"https:\/\/ele.inmsol.com\/en\/wp-json\/wp\/v2\/pages\/497","targetHints":{"allow":["GET"]}}],"collection":[{"href":"https:\/\/ele.inmsol.com\/en\/wp-json\/wp\/v2\/pages"}],"about":[{"href":"https:\/\/ele.inmsol.com\/en\/wp-json\/wp\/v2\/types\/page"}],"author":[{"embeddable":true,"href":"https:\/\/ele.inmsol.com\/en\/wp-json\/wp\/v2\/users\/8"}],"replies":[{"embeddable":true,"href":"https:\/\/ele.inmsol.com\/en\/wp-json\/wp\/v2\/comments?post=497"}],"version-history":[{"count":0,"href":"https:\/\/ele.inmsol.com\/en\/wp-json\/wp\/v2\/pages\/497\/revisions"}],"wp:featuredmedia":[{"embeddable":true,"href":"https:\/\/ele.inmsol.com\/en\/wp-json\/wp\/v2\/media\/3394"}],"wp:attachment":[{"href":"https:\/\/ele.inmsol.com\/en\/wp-json\/wp\/v2\/media?parent=497"}],"curies":[{"name":"wp","href":"https:\/\/api.w.org\/{rel}","templated":true}]}}