{"id":502,"date":"2017-05-31T09:23:48","date_gmt":"2017-05-31T07:23:48","guid":{"rendered":"https:\/\/ele.inmsol.com\/?page_id=502\/"},"modified":"2021-07-14T12:46:20","modified_gmt":"2021-07-14T10:46:20","slug":"grenade","status":"publish","type":"page","link":"https:\/\/ele.inmsol.com\/fr\/grenade\/","title":{"rendered":"Granada"},"content":{"rendered":"<div id=\"pl-502\"  class=\"panel-layout\" ><div id=\"pg-502-0\"  class=\"panel-grid panel-has-style\" ><div class=\"siteorigin-panels-stretch panel-row-style panel-row-style-for-502-0\" data-stretch-type=\"full\" ><div id=\"pgc-502-0-0\"  class=\"panel-grid-cell\" ><div id=\"panel-502-0-0-0\" class=\"so-panel widget widget_sow-image panel-first-child panel-last-child\" data-index=\"0\" ><div\n\t\t\t\n\t\t\tclass=\"so-widget-sow-image so-widget-sow-image-default-dbf295114b96-502\"\n\t\t\t\n\t\t>\n<div class=\"sow-image-container\">\n\t\t<img \n\tsrc=\"https:\/\/ele.inmsol.com\/wp-content\/uploads\/2017\/04\/granada-spain-learn-spanish-01.jpg\" width=\"1024\" height=\"677\" srcset=\"https:\/\/ele.inmsol.com\/wp-content\/uploads\/2017\/04\/granada-spain-learn-spanish-01.jpg 1024w, https:\/\/ele.inmsol.com\/wp-content\/uploads\/2017\/04\/granada-spain-learn-spanish-01-600x397.jpg 600w, https:\/\/ele.inmsol.com\/wp-content\/uploads\/2017\/04\/granada-spain-learn-spanish-01-768x508.jpg 768w\" sizes=\"(max-width: 1024px) 100vw, 1024px\" title=\"Patio de los Leones\" alt=\"\" \t\tclass=\"so-widget-image\"\/>\n\t<\/div>\n\n<\/div><\/div><\/div><\/div><\/div><div id=\"pg-502-1\"  class=\"panel-grid panel-no-style\" ><div id=\"pgc-502-1-0\"  class=\"panel-grid-cell\" ><div id=\"panel-502-1-0-0\" class=\"so-panel widget widget_sow-editor panel-first-child panel-last-child\" data-index=\"1\" ><div\n\t\t\t\n\t\t\tclass=\"so-widget-sow-editor so-widget-sow-editor-base\"\n\t\t\t\n\t\t>\n<div class=\"siteorigin-widget-tinymce textwidget\">\n\t<section class=\"post-entry\">\n<h4 class=\"rtecenter\">GRANADA<\/h4>\n<p class=\"rteleft\">La ville est situ\u00e9e au sud-ouest de l\u2019<strong>Andalousie<\/strong>, avec 280.000 habitants. Sa situation g\u00e9ographique fait que les pistes de ski de la <strong>Sierra Nevada<\/strong> (3480 m) se trouvent seulement \u00e0 30 Km du centre ville. Cette proximit\u00e9 fait de Grenade un des lieux les plus attractifs d\u2019Europe pour les sports d\u2019hiver.<\/p>\n<p>De plus, la c\u00e9l\u00e8bre <b>Costa Tropical\u00a0<\/b>n\u2019est qu\u2019\u00e0 75 Km de Grenade.<\/p>\n<p><strong><span style=\"text-decoration: underline;\">Sa particularit\u00e9 provient de plusieurs \u00e9l\u00e9ments:<\/span><\/strong><\/p>\n<p><b>Granada, ville arabe: <\/b><\/p>\n<p>Granada a \u00e9t\u00e9 le dernier royaume musulman de la p\u00e9ninsule Ib\u00e9rique, conquis par les Rois Catholiques. Des traces de ce glorieux pass\u00e9 sont aujourd\u2019hui visibles avec d\u2019un c\u00f4t\u00e9 le Palacio de la <strong>Alhambra et le Generalife<\/strong>, qui font partie des merveilles du monde, et de l\u2019autre, le quartier de l\u2019<strong>Albaycin<\/strong>, o\u00f9 la magie du romantisme et du pass\u00e9 musulman, est encore pr\u00e9sente dans ses rues et ses maisons particuli\u00e8res.<\/p>\n<p><b>Granada: ville de la Renaissance:<\/b><\/p>\n<p>Ses nombreux <strong>monuments du XVe<\/strong> si\u00e8cle font de la ville un des lieux principaux de ce style architectural en Espagne.<\/p>\n<p><b>Granada, ville du Flamenco:<\/b><\/p>\n<p>Le centre n\u00e9vralgique se trouve dans le quartier du <strong>Sacromonte<\/strong>, essentiellement habit\u00e9 par des <strong>Gitans<\/strong>. Les meilleurs chanteurs, danseurs et guitaristes ont fait conna\u00eetre cet art dans le monde entier en partant de ce quartier si particulier.<\/p>\n<p><b>Granada, ville universitaire:<\/b><\/p>\n<p>La ville accueille une des plus grandes et des plus anciennes universit\u00e9s d\u2019Espagne, avec environ <strong>60 000 \u00e9tudiants<\/strong>. Les \u00e9tudiants qui inondent les rues, les nombreux bars de tapas et les pubs, donnent \u00e0 la ville une ambiance jeune et dynamique. Ce qui fait de Granada une des villes les plus sympathiques d\u2019Espagne. La pr\u00e9sence de l\u2019universit\u00e9 fait que Granada est l\u2019une des villes qui compte le plus grand nombre d\u2019offres culturelles et touristiques de notre pays.<\/p>\n<p><b>L\u2019offre culturelle de Granada:<\/b><\/p>\n<p>Parmi tous ces \u00e9v\u00e9nements culturels : <strong>Les Processions de la Semaine Sainte, La F\u00eate du Corpus Christi<\/strong> (une semaine de f\u00eates de la ville), ses festivals de musique connus dans le monde entier tels que le Festival de Musique et de Danse pendant les mois de juin et de juillet, le Festival de Jazz en automne, le Festival de Th\u00e9\u00e2tre au printemps, et les nombreux concerts de musique classique, pop rock, etc.<\/p>\n<p>C\u2019est pour cela que Granada est l\u2019une des villes avec le plus grand nombre d\u2019offres culturelles et touristiques. Cette derni\u00e8re est une r\u00e9f\u00e9rence mondial, en ce qui concerne les diff\u00e9rences culturelles, les traditions et la tol\u00e9rance.<\/p>\n<p><b>\u00c9v\u00e9nements sp\u00e9ciaux:<\/b><\/p>\n<p>Semaine Sainte, F\u00eate du Printemps, Jour de la Croix, Corpus Christi (Foire de Grenade), Festival International de Musique et de Dance, Festival de Flamenco, Flamenco Jeune, Concours International de Guitare, F\u00eate de San Cecilio, Festival de Court-m\u00e9trage, Festival de Jazz, Festival du Zaid\u00edn, Les \u00e9t\u00e9s de la Cour, etc.<\/p>\n<p><b>Monuments et lieux d\u2019int\u00e9r\u00eat touristique:<\/b><\/p>\n<p>Alhambra et Generalife, Cath\u00e9drale, Chapelle Royale, Madraza, \u00c9glise de La Virgen de las Angustias, \u00c9glise de San Juan de Dios, \u00c9glise de Santa Ana, \u00c9glise de San Pedro, Coll\u00e8ge du Salvador, Carmen de los M\u00e1rtires, Monast\u00e8re de la Cartuja, Mus\u00e9e Arch\u00e9ologique, Maison des Pisa, Mus\u00e9e de la Zambra (Flamenco), Quartiers de l\u2019Albaic\u00edn et Realejo, Quartier du Sacromonte, Corral del Carb\u00f3n, Huerta de San Vicente, Mus\u00e9e des Arts et Coutumes Populaires, Palais de Dar Al Horra, Maison \u2013 Mus\u00e9e Max Moreau, Mus\u00e9e G\u00f3mez Moreno, Cuarto Real de Santo Domingo, Mus\u00e9e des Beaux Arts, Carmen \u2013 Mus\u00e9e Rodr\u00edguez Acosta, Maison \u2013 Mus\u00e9e Manuel de Falla, Monast\u00e8re de San Jer\u00f3nimo, Parc des Sciences, Centre d\u2019Art Contemporain, Mus\u00e9e Jose Guerrero, Plaza Nueva, Plaza de la Trinidad, Plaza Bib-Rambla, Plaza del Carmen (Mairie), Bois de la Alhambra, Parc de Invierno, Parc Garc\u00eda Lorca (Huerta de San Vicente), La Alpujarra, Parc Naturel de la Sierra Nevada, etc.<\/p>\n<p class=\"rteleft\">Information M\u00e9t\u00e9orologique: <a href=\"http:\/\/www.aemet.es\/es\/eltiempo\/prediccion\/espana\" target=\"_blank\" rel=\"noopener\"><strong>www.aemet.es\/es\/eltiempo\/prediccion\/espana<\/strong><\/a><\/p>\n<h4 class=\"rtecenter\"><a href=\"https:\/\/www.inmsol.com\/fr\/granada\/\" target=\"_blank\" rel=\"noopener\">Guide de Granada<\/a><\/h4>\n<\/section>\n<\/div>\n<\/div><\/div><\/div><\/div><\/div>","protected":false},"excerpt":{"rendered":"<p>GRANADA La ville est situ\u00e9e au sud-ouest de l\u2019Andalousie, avec 280.000 habitants. Sa situation g\u00e9ographique fait que les pistes de ski de la Sierra Nevada (3480 m) se trouvent seulement \u00e0 30 Km du centre ville. Cette proximit\u00e9 fait de Grenade un des lieux les plus attractifs d\u2019Europe pour les sports d\u2019hiver. De plus, la c\u00e9l\u00e8bre Costa Tropical\u00a0n\u2019est qu\u2019\u00e0 75&#8230;<\/p>\n","protected":false},"author":8,"featured_media":3395,"parent":0,"menu_order":0,"comment_status":"closed","ping_status":"closed","template":"","meta":{"inline_featured_image":false,"_monsterinsights_skip_tracking":false,"_monsterinsights_sitenote_active":false,"_monsterinsights_sitenote_note":"","_monsterinsights_sitenote_category":0,"_genesis_hide_title":false,"_genesis_hide_breadcrumbs":false,"_genesis_hide_singular_image":false,"_genesis_hide_footer_widgets":false,"_genesis_custom_body_class":"","_genesis_custom_post_class":"","_genesis_layout":"","footnotes":""},"class_list":{"0":"post-502","1":"page","2":"type-page","3":"status-publish","4":"has-post-thumbnail","6":"entry"},"yoast_head":"<!-- This site is optimized with the Yoast SEO plugin v27.4 - https:\/\/yoast.com\/product\/yoast-seo-wordpress\/ -->\n<title>Granada | iNMSOL ELE<\/title>\n<meta name=\"description\" content=\"\u00c9tudier \u00e0 Granada et d\u00e9couvrir notre ville vous surprendra ! Granada est une ville charmante, pleine de projets culturels et de loisirs.\" \/>\n<meta name=\"robots\" content=\"index, follow, max-snippet:-1, max-image-preview:large, max-video-preview:-1\" \/>\n<link rel=\"canonical\" href=\"https:\/\/ele.inmsol.com\/fr\/grenade\/\" \/>\n<meta property=\"og:locale\" content=\"fr_FR\" \/>\n<meta property=\"og:type\" content=\"article\" \/>\n<meta property=\"og:title\" content=\"Granada | iNMSOL ELE\" \/>\n<meta property=\"og:description\" content=\"\u00c9tudier \u00e0 Granada et d\u00e9couvrir notre ville vous surprendra ! Granada est une ville charmante, pleine de projets culturels et de loisirs.\" \/>\n<meta property=\"og:url\" content=\"https:\/\/ele.inmsol.com\/fr\/grenade\/\" \/>\n<meta property=\"og:site_name\" content=\"iNMSOL ELE\" \/>\n<meta property=\"article:publisher\" content=\"https:\/\/www.facebook.com\/spanishcourses\" \/>\n<meta property=\"article:modified_time\" content=\"2021-07-14T10:46:20+00:00\" \/>\n<meta property=\"og:image\" content=\"https:\/\/ele.inmsol.com\/wp-content\/uploads\/2021\/07\/Alhambra-con-vistas.jpg\" \/>\n\t<meta property=\"og:image:width\" content=\"980\" \/>\n\t<meta property=\"og:image:height\" content=\"599\" \/>\n\t<meta property=\"og:image:type\" content=\"image\/jpeg\" \/>\n<meta name=\"twitter:card\" content=\"summary_large_image\" \/>\n<meta name=\"twitter:site\" content=\"@StudyInGranada\" \/>\n<meta name=\"twitter:label1\" content=\"Dur\u00e9e de lecture estim\u00e9e\" \/>\n\t<meta name=\"twitter:data1\" content=\"3 minutes\" \/>\n<script type=\"application\/ld+json\" class=\"yoast-schema-graph\">{\"@context\":\"https:\\\/\\\/schema.org\",\"@graph\":[{\"@type\":\"WebPage\",\"@id\":\"https:\\\/\\\/ele.inmsol.com\\\/fr\\\/grenade\\\/\",\"url\":\"https:\\\/\\\/ele.inmsol.com\\\/fr\\\/grenade\\\/\",\"name\":\"Granada | iNMSOL ELE\",\"isPartOf\":{\"@id\":\"https:\\\/\\\/ele.inmsol.com\\\/en\\\/#website\"},\"primaryImageOfPage\":{\"@id\":\"https:\\\/\\\/ele.inmsol.com\\\/fr\\\/grenade\\\/#primaryimage\"},\"image\":{\"@id\":\"https:\\\/\\\/ele.inmsol.com\\\/fr\\\/grenade\\\/#primaryimage\"},\"thumbnailUrl\":\"https:\\\/\\\/ele.inmsol.com\\\/wp-content\\\/uploads\\\/2021\\\/07\\\/Alhambra-con-vistas.jpg\",\"datePublished\":\"2017-05-31T07:23:48+00:00\",\"dateModified\":\"2021-07-14T10:46:20+00:00\",\"description\":\"\u00c9tudier \u00e0 Granada et d\u00e9couvrir notre ville vous surprendra ! Granada est une ville charmante, pleine de projets culturels et de loisirs.\",\"breadcrumb\":{\"@id\":\"https:\\\/\\\/ele.inmsol.com\\\/fr\\\/grenade\\\/#breadcrumb\"},\"inLanguage\":\"fr-FR\",\"potentialAction\":[{\"@type\":\"ReadAction\",\"target\":[\"https:\\\/\\\/ele.inmsol.com\\\/fr\\\/grenade\\\/\"]}]},{\"@type\":\"ImageObject\",\"inLanguage\":\"fr-FR\",\"@id\":\"https:\\\/\\\/ele.inmsol.com\\\/fr\\\/grenade\\\/#primaryimage\",\"url\":\"https:\\\/\\\/ele.inmsol.com\\\/wp-content\\\/uploads\\\/2021\\\/07\\\/Alhambra-con-vistas.jpg\",\"contentUrl\":\"https:\\\/\\\/ele.inmsol.com\\\/wp-content\\\/uploads\\\/2021\\\/07\\\/Alhambra-con-vistas.jpg\",\"width\":980,\"height\":599,\"caption\":\"Granada\"},{\"@type\":\"BreadcrumbList\",\"@id\":\"https:\\\/\\\/ele.inmsol.com\\\/fr\\\/grenade\\\/#breadcrumb\",\"itemListElement\":[{\"@type\":\"ListItem\",\"position\":1,\"name\":\"Portada\",\"item\":\"https:\\\/\\\/ele.inmsol.com\\\/fr\\\/\"},{\"@type\":\"ListItem\",\"position\":2,\"name\":\"Granada\"}]},{\"@type\":\"WebSite\",\"@id\":\"https:\\\/\\\/ele.inmsol.com\\\/en\\\/#website\",\"url\":\"https:\\\/\\\/ele.inmsol.com\\\/en\\\/\",\"name\":\"iNMSOL ELE\",\"description\":\"Cursos Profesores Espa\u00f1ol ELE\",\"potentialAction\":[{\"@type\":\"SearchAction\",\"target\":{\"@type\":\"EntryPoint\",\"urlTemplate\":\"https:\\\/\\\/ele.inmsol.com\\\/en\\\/?s={search_term_string}\"},\"query-input\":{\"@type\":\"PropertyValueSpecification\",\"valueRequired\":true,\"valueName\":\"search_term_string\"}}],\"inLanguage\":\"fr-FR\"}]}<\/script>\n<!-- \/ Yoast SEO plugin. -->","yoast_head_json":{"title":"Granada | iNMSOL ELE","description":"\u00c9tudier \u00e0 Granada et d\u00e9couvrir notre ville vous surprendra ! Granada est une ville charmante, pleine de projets culturels et de loisirs.","robots":{"index":"index","follow":"follow","max-snippet":"max-snippet:-1","max-image-preview":"max-image-preview:large","max-video-preview":"max-video-preview:-1"},"canonical":"https:\/\/ele.inmsol.com\/fr\/grenade\/","og_locale":"fr_FR","og_type":"article","og_title":"Granada | iNMSOL ELE","og_description":"\u00c9tudier \u00e0 Granada et d\u00e9couvrir notre ville vous surprendra ! Granada est une ville charmante, pleine de projets culturels et de loisirs.","og_url":"https:\/\/ele.inmsol.com\/fr\/grenade\/","og_site_name":"iNMSOL ELE","article_publisher":"https:\/\/www.facebook.com\/spanishcourses","article_modified_time":"2021-07-14T10:46:20+00:00","og_image":[{"width":980,"height":599,"url":"https:\/\/ele.inmsol.com\/wp-content\/uploads\/2021\/07\/Alhambra-con-vistas.jpg","type":"image\/jpeg"}],"twitter_card":"summary_large_image","twitter_site":"@StudyInGranada","twitter_misc":{"Dur\u00e9e de lecture estim\u00e9e":"3 minutes"},"schema":{"@context":"https:\/\/schema.org","@graph":[{"@type":"WebPage","@id":"https:\/\/ele.inmsol.com\/fr\/grenade\/","url":"https:\/\/ele.inmsol.com\/fr\/grenade\/","name":"Granada | iNMSOL ELE","isPartOf":{"@id":"https:\/\/ele.inmsol.com\/en\/#website"},"primaryImageOfPage":{"@id":"https:\/\/ele.inmsol.com\/fr\/grenade\/#primaryimage"},"image":{"@id":"https:\/\/ele.inmsol.com\/fr\/grenade\/#primaryimage"},"thumbnailUrl":"https:\/\/ele.inmsol.com\/wp-content\/uploads\/2021\/07\/Alhambra-con-vistas.jpg","datePublished":"2017-05-31T07:23:48+00:00","dateModified":"2021-07-14T10:46:20+00:00","description":"\u00c9tudier \u00e0 Granada et d\u00e9couvrir notre ville vous surprendra ! Granada est une ville charmante, pleine de projets culturels et de loisirs.","breadcrumb":{"@id":"https:\/\/ele.inmsol.com\/fr\/grenade\/#breadcrumb"},"inLanguage":"fr-FR","potentialAction":[{"@type":"ReadAction","target":["https:\/\/ele.inmsol.com\/fr\/grenade\/"]}]},{"@type":"ImageObject","inLanguage":"fr-FR","@id":"https:\/\/ele.inmsol.com\/fr\/grenade\/#primaryimage","url":"https:\/\/ele.inmsol.com\/wp-content\/uploads\/2021\/07\/Alhambra-con-vistas.jpg","contentUrl":"https:\/\/ele.inmsol.com\/wp-content\/uploads\/2021\/07\/Alhambra-con-vistas.jpg","width":980,"height":599,"caption":"Granada"},{"@type":"BreadcrumbList","@id":"https:\/\/ele.inmsol.com\/fr\/grenade\/#breadcrumb","itemListElement":[{"@type":"ListItem","position":1,"name":"Portada","item":"https:\/\/ele.inmsol.com\/fr\/"},{"@type":"ListItem","position":2,"name":"Granada"}]},{"@type":"WebSite","@id":"https:\/\/ele.inmsol.com\/en\/#website","url":"https:\/\/ele.inmsol.com\/en\/","name":"iNMSOL ELE","description":"Cursos Profesores Espa\u00f1ol ELE","potentialAction":[{"@type":"SearchAction","target":{"@type":"EntryPoint","urlTemplate":"https:\/\/ele.inmsol.com\/en\/?s={search_term_string}"},"query-input":{"@type":"PropertyValueSpecification","valueRequired":true,"valueName":"search_term_string"}}],"inLanguage":"fr-FR"}]}},"_links":{"self":[{"href":"https:\/\/ele.inmsol.com\/fr\/wp-json\/wp\/v2\/pages\/502","targetHints":{"allow":["GET"]}}],"collection":[{"href":"https:\/\/ele.inmsol.com\/fr\/wp-json\/wp\/v2\/pages"}],"about":[{"href":"https:\/\/ele.inmsol.com\/fr\/wp-json\/wp\/v2\/types\/page"}],"author":[{"embeddable":true,"href":"https:\/\/ele.inmsol.com\/fr\/wp-json\/wp\/v2\/users\/8"}],"replies":[{"embeddable":true,"href":"https:\/\/ele.inmsol.com\/fr\/wp-json\/wp\/v2\/comments?post=502"}],"version-history":[{"count":0,"href":"https:\/\/ele.inmsol.com\/fr\/wp-json\/wp\/v2\/pages\/502\/revisions"}],"wp:featuredmedia":[{"embeddable":true,"href":"https:\/\/ele.inmsol.com\/fr\/wp-json\/wp\/v2\/media\/3395"}],"wp:attachment":[{"href":"https:\/\/ele.inmsol.com\/fr\/wp-json\/wp\/v2\/media?parent=502"}],"curies":[{"name":"wp","href":"https:\/\/api.w.org\/{rel}","templated":true}]}}