{"id":880,"date":"2017-06-02T12:39:35","date_gmt":"2017-06-02T10:39:35","guid":{"rendered":"https:\/\/ele.inmsol.com\/?page_id=880\/"},"modified":"2024-03-27T09:46:48","modified_gmt":"2024-03-27T08:46:48","slug":"accreditations","status":"publish","type":"page","link":"https:\/\/ele.inmsol.com\/fr\/inmsol\/accreditations\/","title":{"rendered":"Accr\u00e9ditations"},"content":{"rendered":"<table style=\"height: 884px;\" border=\"0\" width=\"582\" cellspacing=\"0\" cellpadding=\"2\" align=\"center\">\n<tbody>\n<tr bgcolor=\"#ffffff\">\n<td align=\"center\"><a href=\"https:\/\/ele.inmsol.com\/wp-content\/uploads\/2017\/06\/Acredita2pq.jpg\"><img decoding=\"async\" class=\"wp-image-14873 aligncenter\" src=\"https:\/\/ele.inmsol.com\/wp-content\/uploads\/2017\/06\/Acredita2pq.jpg\" alt=\"Acredita2pq\" width=\"176\" height=\"146\" \/><\/a><\/td>\n<td style=\"padding-left: 30px;\">\n<div>Instituto Mediterr\u00e1neo Sol a obtenu l\u2019agr\u00e9ment de l\u2019<strong>Instituto Cervantes<\/strong>, ce qui signifie qu\u2019il\u00a0r\u00e9pond aux exigences du Syst\u00e8me d\u2019agr\u00e9ment des centres de l&rsquo;Instituto Cervantes depuis 2002. Cet agr\u00e9ment\u00a0est le seul \u00e0 l\u2019\u00e9chelle internationale visant exclusivement l\u2019enseignement de l\u2019espagnol\u00a0comme langue \u00e9trang\u00e8re.<\/div>\n<\/td>\n<\/tr>\n<tr bgcolor=\"#ffffff\">\n<td align=\"center\"><\/td>\n<td style=\"padding-left: 30px;\"><strong>Association des \u00c9coles d\u00b4Espagnol de Granada<\/strong><strong>.<\/strong><\/td>\n<\/tr>\n<tr bgcolor=\"#ffffff\">\n<td align=\"center\"><img decoding=\"async\" class=\"alignleft size-medium wp-image-25037\" src=\"https:\/\/ele.inmsol.com\/wp-content\/uploads\/2017\/06\/Logo_Esp_Ver_Bla-03-04-04-300x300.jpg\" alt=\"Fedele\" width=\"300\" height=\"300\" \/><\/td>\n<td style=\"padding-left: 30px;\"><strong>FEDELE<\/strong> (F\u00e9d\u00e9ration des \u00c9coles d&rsquo;Espagnol en tant que Langue \u00c9trang\u00e8re).<\/td>\n<\/tr>\n<tr bgcolor=\"#ffffff\">\n<td align=\"center\">\u00a0<a href=\"https:\/\/ele.inmsol.com\/wp-content\/uploads\/2017\/06\/logo-bildungsurlaub-.png\"><img decoding=\"async\" class=\"alignnone wp-image-20737 size-full\" src=\"https:\/\/ele.inmsol.com\/wp-content\/uploads\/2017\/06\/logo-bildungsurlaub-.png\" alt=\"\" width=\"240\" height=\"120\" \/><\/a><\/td>\n<td style=\"padding-left: 30px;\">Nous sommes autoris\u00e9s aussi par Berlin, Brandembourgue, Hambourgue et Schleswig-Holstein, \u00e0 donner des <strong>Bildungsurlaub \u00e0 des membres des entreprises allemandes<\/strong>.<\/td>\n<\/tr>\n<tr bgcolor=\"#ffffff\">\n<td align=\"center\">\u00a0<a href=\"https:\/\/ele.inmsol.com\/wp-content\/uploads\/2017\/06\/camara-comercio-madrid.jpg\"><img decoding=\"async\" class=\"alignnone wp-image-4749\" src=\"https:\/\/ele.inmsol.com\/wp-content\/uploads\/2017\/06\/camara-comercio-madrid.jpg\" alt=\"camara comercio madrid\" width=\"155\" height=\"45\" \/><\/a><\/td>\n<td style=\"padding-left: 30px;\">Centre d&rsquo;examinations de la <strong>Chambre de Commerce de Madrid<\/strong>: Espagnol des Affaires, Espagnol M\u00e9dical et Espagnol pour le Tourisme.<\/td>\n<\/tr>\n<tr bgcolor=\"#ffffff\">\n<td align=\"center\">\u00a0<img decoding=\"async\" class=\"alignnone size-full wp-image-4775\" src=\"https:\/\/ele.inmsol.com\/wp-content\/uploads\/2017\/06\/ecabo.jpg\" alt=\"ecabo\" width=\"134\" height=\"43\" \/><\/td>\n<td style=\"padding-left: 30px;\">iNMSOL a eu l\u2019accr\u00e9ditation <strong>d\u2019ECABO<\/strong> pour accueillir des stagiaires n\u00e9erlandais.<\/td>\n<\/tr>\n<tr bgcolor=\"#ffffff\">\n<td align=\"center\"><a href=\"https:\/\/ele.inmsol.com\/wp-content\/uploads\/2017\/06\/Logo-DELE.jpg\"><img decoding=\"async\" class=\" wp-image-15367 aligncenter\" src=\"https:\/\/ele.inmsol.com\/wp-content\/uploads\/2017\/06\/Logo-DELE.jpg\" alt=\"Logo DELE\" width=\"154\" height=\"136\" \/><\/a><\/td>\n<td style=\"padding-left: 30px;\">Centre pour la pr\u00e9paration de <strong>dipl\u00f4mes d\u2019Espagnol comme langue \u00e9trang\u00e8re (DELE)<\/strong>. Instituto Mediterr\u00e1neo Sol FEDELE Grenade est l\u2019organisateur de dipl\u00f4mes en Espagnol DELE de l\u2019Instituto Cervantes de cette ville.<\/td>\n<\/tr>\n<tr bgcolor=\"#ffffff\">\n<td align=\"center\">\u00a0<a href=\"https:\/\/ele.inmsol.com\/wp-content\/uploads\/2017\/06\/calidad.gif\"><img decoding=\"async\" class=\"alignnone size-full wp-image-4736\" src=\"https:\/\/ele.inmsol.com\/wp-content\/uploads\/2017\/06\/calidad.gif\" alt=\"calidad\" width=\"108\" height=\"45\" \/><\/a><\/td>\n<td style=\"padding-left: 30px;\">La mairie de Granade reconna\u00eet \u00e0 iNMSOL la marque de <strong>\u00ab\u00a0Consommation Qualit\u00e9\u00a0\u00bb<\/strong> gr\u00e2ce \u00e0 l&rsquo;excellent travail d\u00e9roul\u00e9 en termes de Prestige et Qualit\u00e9. Il poss\u00e8de en effet toutes les conditions demand\u00e9es par \u00ab\u00a0Area de Medio Ambiente, Salud y Consumo\u00a0\u00bb (Secteur de l&rsquo;Environnement, de la Sant\u00e9, et de la Consommation).<\/td>\n<\/tr>\n<tr bgcolor=\"#ffffff\">\n<td align=\"center\"><a href=\"https:\/\/ele.inmsol.com\/wp-content\/uploads\/2017\/06\/EU-flag-Erasmus150x33.png\"><img decoding=\"async\" class=\"alignnone wp-image-20779 size-full\" src=\"https:\/\/ele.inmsol.com\/wp-content\/uploads\/2017\/06\/EU-flag-Erasmus150x33.png\" alt=\"\" width=\"150\" height=\"33\" \/><\/a><\/td>\n<td style=\"padding-left: 30px;\">iNMSOL <strong>\u00ab\u00a0Cours de formation p\u00e9dagogique\u00a0\u00bb<\/strong> est reconnu comme un Programme Erasmus Plus dedans la Commission Europ\u00e9enne. Les \u00e9tudiants peuvent obtenir une bourse pour y assister.<\/td>\n<\/tr>\n<tr bgcolor=\"#ffffff\">\n<td align=\"center\"><a href=\"https:\/\/www.inmsol.com\/wp-content\/uploads\/2014\/06\/logo-C.-examinador.jpg\"><img decoding=\"async\" class=\"alignnone size-thumbnail wp-image-7736\" src=\"https:\/\/ele.inmsol.com\/wp-content\/uploads\/2017\/06\/logo-C.-examinador-150x150.jpg\" alt=\"logo C. examinador\" width=\"150\" height=\"150\" \/><\/a><\/td>\n<td style=\"padding-left: 30px;\"><b>FIDESCU<\/b> (Fondation pour la Recherche et le D\u00e9veloppement de la Culture Espagnole).<\/td>\n<\/tr>\n<tr bgcolor=\"#ffffff\">\n<td align=\"center\"><a href=\"https:\/\/ele.inmsol.com\/wp-content\/uploads\/2017\/06\/logoaeea.jpg\"><img decoding=\"async\" class=\"alignnone wp-image-4965\" src=\"https:\/\/ele.inmsol.com\/wp-content\/uploads\/2017\/06\/logoaeea.jpg\" alt=\"logoaeea\" width=\"167\" height=\"138\" \/><\/a><\/td>\n<td style=\"padding-left: 30px;\"><b>AEEA<\/b> (Association des \u00c9coles d&rsquo;Espagnol de l&rsquo;Andalousie).<\/td>\n<\/tr>\n<tr bgcolor=\"#ffffff\">\n<td align=\"center\">\u00a0<a href=\"https:\/\/ele.inmsol.com\/wp-content\/uploads\/2017\/06\/CSN.gif\"><img decoding=\"async\" class=\"alignnone size-full wp-image-6867\" src=\"https:\/\/ele.inmsol.com\/wp-content\/uploads\/2017\/06\/CSN.gif\" alt=\"CSN\" width=\"332\" height=\"59\" \/><\/a><\/td>\n<td style=\"padding-left: 30px;\">Nos Centres et Programmes d&rsquo; \u00c9tudes sont autoris\u00e9s \u00e0 recevoir des \u00e9tudiants qui poss\u00e8dent des bourses de la <strong>Commission Centrale d&rsquo; Aide<\/strong> aux \u00e9tudes de la Su\u00e8de.<\/td>\n<\/tr>\n<tr bgcolor=\"#ffffff\">\n<td align=\"center\">\u00a0<a href=\"https:\/\/www.inmsol.com\/wp-content\/uploads\/2014\/08\/logo_cece2.jpg\"><img decoding=\"async\" class=\"alignnone wp-image-8521 size-thumbnail\" src=\"https:\/\/ele.inmsol.com\/wp-content\/uploads\/2017\/06\/logo_cece2-150x150.jpg\" alt=\"logo_cece[2]\" width=\"150\" height=\"150\" \/><\/a><\/td>\n<td style=\"padding-left: 30px;\"><strong>C.E.C.E.<\/strong> (Conf\u00e9d\u00e9ration Espagnole des Centres d\u2019\u00c9ducation).<\/td>\n<\/tr>\n<tr bgcolor=\"#ffffff\">\n<td align=\"center\"><a href=\"https:\/\/www.inmsol.com\/wp-content\/uploads\/2014\/08\/logoAFTIEimp.jpg\"><img decoding=\"async\" class=\"alignnone size-thumbnail wp-image-8507\" src=\"https:\/\/ele.inmsol.com\/wp-content\/uploads\/2017\/06\/logoAFTIEimp-150x150.jpg\" alt=\"logoAFTIEimp\" width=\"150\" height=\"150\" \/><\/a><\/td>\n<td style=\"padding-left: 30px;\"><strong>AFTIE<\/strong> (Association pour le D\u00e9veloppement du Tourisme Idiomatique en Espagne).<\/td>\n<\/tr>\n<\/tbody>\n<\/table>\n","protected":false},"excerpt":{"rendered":"<p>Instituto Mediterr\u00e1neo Sol a obtenu l\u2019agr\u00e9ment de l\u2019Instituto Cervantes, ce qui signifie qu\u2019il\u00a0r\u00e9pond aux exigences du Syst\u00e8me d\u2019agr\u00e9ment des centres de l&rsquo;Instituto Cervantes depuis 2002. Cet agr\u00e9ment\u00a0est le seul \u00e0 l\u2019\u00e9chelle internationale visant exclusivement l\u2019enseignement de l\u2019espagnol\u00a0comme langue \u00e9trang\u00e8re. Association des \u00c9coles d\u00b4Espagnol de Granada. FEDELE (F\u00e9d\u00e9ration des \u00c9coles d&rsquo;Espagnol en tant que Langue \u00c9trang\u00e8re). \u00a0 Nous sommes autoris\u00e9s aussi&#8230;<\/p>\n","protected":false},"author":8,"featured_media":0,"parent":860,"menu_order":0,"comment_status":"closed","ping_status":"closed","template":"","meta":{"inline_featured_image":false,"_monsterinsights_skip_tracking":false,"_monsterinsights_sitenote_active":false,"_monsterinsights_sitenote_note":"","_monsterinsights_sitenote_category":0,"_genesis_hide_title":false,"_genesis_hide_breadcrumbs":false,"_genesis_hide_singular_image":false,"_genesis_hide_footer_widgets":false,"_genesis_custom_body_class":"","_genesis_custom_post_class":"","_genesis_layout":"","footnotes":""},"class_list":{"0":"post-880","1":"page","2":"type-page","3":"status-publish","5":"entry"},"yoast_head":"<!-- This site is optimized with the Yoast SEO plugin v27.4 - https:\/\/yoast.com\/product\/yoast-seo-wordpress\/ -->\n<title>Accr\u00e9ditations - iNMSOL ELE<\/title>\n<meta name=\"robots\" content=\"index, follow, max-snippet:-1, max-image-preview:large, max-video-preview:-1\" \/>\n<link rel=\"canonical\" href=\"https:\/\/ele.inmsol.com\/inmsol\/acreditaciones\/\" \/>\n<meta property=\"og:locale\" content=\"fr_FR\" \/>\n<meta property=\"og:type\" content=\"article\" \/>\n<meta property=\"og:title\" content=\"Accr\u00e9ditations - iNMSOL ELE\" \/>\n<meta property=\"og:description\" content=\"Instituto Mediterr\u00e1neo Sol a obtenu l\u2019agr\u00e9ment de l\u2019Instituto Cervantes, ce qui signifie qu\u2019il\u00a0r\u00e9pond aux exigences du Syst\u00e8me d\u2019agr\u00e9ment des centres de l&rsquo;Instituto Cervantes depuis 2002. Cet agr\u00e9ment\u00a0est le seul \u00e0 l\u2019\u00e9chelle internationale visant exclusivement l\u2019enseignement de l\u2019espagnol\u00a0comme langue \u00e9trang\u00e8re. Association des \u00c9coles d\u00b4Espagnol de Granada. FEDELE (F\u00e9d\u00e9ration des \u00c9coles d&rsquo;Espagnol en tant que Langue \u00c9trang\u00e8re). \u00a0 Nous sommes autoris\u00e9s aussi...\" \/>\n<meta property=\"og:url\" content=\"https:\/\/ele.inmsol.com\/inmsol\/acreditaciones\/\" \/>\n<meta property=\"og:site_name\" content=\"iNMSOL ELE\" \/>\n<meta property=\"article:publisher\" content=\"https:\/\/www.facebook.com\/spanishcourses\" \/>\n<meta property=\"article:modified_time\" content=\"2024-03-27T08:46:48+00:00\" \/>\n<meta property=\"og:image\" content=\"https:\/\/ele.inmsol.com\/wp-content\/uploads\/2017\/06\/Acredita2pq.jpg\" \/>\n<meta name=\"twitter:card\" content=\"summary_large_image\" \/>\n<meta name=\"twitter:site\" content=\"@StudyInGranada\" \/>\n<meta name=\"twitter:label1\" content=\"Dur\u00e9e de lecture estim\u00e9e\" \/>\n\t<meta name=\"twitter:data1\" content=\"2 minutes\" \/>\n<script type=\"application\/ld+json\" class=\"yoast-schema-graph\">{\"@context\":\"https:\\\/\\\/schema.org\",\"@graph\":[{\"@type\":\"WebPage\",\"@id\":\"https:\\\/\\\/ele.inmsol.com\\\/inmsol\\\/acreditaciones\\\/\",\"url\":\"https:\\\/\\\/ele.inmsol.com\\\/inmsol\\\/acreditaciones\\\/\",\"name\":\"Accr\u00e9ditations - iNMSOL ELE\",\"isPartOf\":{\"@id\":\"https:\\\/\\\/ele.inmsol.com\\\/en\\\/#website\"},\"primaryImageOfPage\":{\"@id\":\"https:\\\/\\\/ele.inmsol.com\\\/inmsol\\\/acreditaciones\\\/#primaryimage\"},\"image\":{\"@id\":\"https:\\\/\\\/ele.inmsol.com\\\/inmsol\\\/acreditaciones\\\/#primaryimage\"},\"thumbnailUrl\":\"https:\\\/\\\/ele.inmsol.com\\\/wp-content\\\/uploads\\\/2017\\\/06\\\/Acredita2pq.jpg\",\"datePublished\":\"2017-06-02T10:39:35+00:00\",\"dateModified\":\"2024-03-27T08:46:48+00:00\",\"breadcrumb\":{\"@id\":\"https:\\\/\\\/ele.inmsol.com\\\/inmsol\\\/acreditaciones\\\/#breadcrumb\"},\"inLanguage\":\"fr-FR\",\"potentialAction\":[{\"@type\":\"ReadAction\",\"target\":[\"https:\\\/\\\/ele.inmsol.com\\\/inmsol\\\/acreditaciones\\\/\"]}]},{\"@type\":\"ImageObject\",\"inLanguage\":\"fr-FR\",\"@id\":\"https:\\\/\\\/ele.inmsol.com\\\/inmsol\\\/acreditaciones\\\/#primaryimage\",\"url\":\"https:\\\/\\\/ele.inmsol.com\\\/wp-content\\\/uploads\\\/2017\\\/06\\\/Acredita2pq.jpg\",\"contentUrl\":\"https:\\\/\\\/ele.inmsol.com\\\/wp-content\\\/uploads\\\/2017\\\/06\\\/Acredita2pq.jpg\"},{\"@type\":\"BreadcrumbList\",\"@id\":\"https:\\\/\\\/ele.inmsol.com\\\/inmsol\\\/acreditaciones\\\/#breadcrumb\",\"itemListElement\":[{\"@type\":\"ListItem\",\"position\":1,\"name\":\"Portada\",\"item\":\"https:\\\/\\\/ele.inmsol.com\\\/fr\\\/\"},{\"@type\":\"ListItem\",\"position\":2,\"name\":\"iNMSOL\",\"item\":\"https:\\\/\\\/ele.inmsol.com\\\/fr\\\/inmsol\\\/\"},{\"@type\":\"ListItem\",\"position\":3,\"name\":\"Accr\u00e9ditations\"}]},{\"@type\":\"WebSite\",\"@id\":\"https:\\\/\\\/ele.inmsol.com\\\/en\\\/#website\",\"url\":\"https:\\\/\\\/ele.inmsol.com\\\/en\\\/\",\"name\":\"iNMSOL ELE\",\"description\":\"Cursos Profesores Espa\u00f1ol ELE\",\"potentialAction\":[{\"@type\":\"SearchAction\",\"target\":{\"@type\":\"EntryPoint\",\"urlTemplate\":\"https:\\\/\\\/ele.inmsol.com\\\/en\\\/?s={search_term_string}\"},\"query-input\":{\"@type\":\"PropertyValueSpecification\",\"valueRequired\":true,\"valueName\":\"search_term_string\"}}],\"inLanguage\":\"fr-FR\"}]}<\/script>\n<!-- \/ Yoast SEO plugin. -->","yoast_head_json":{"title":"Accr\u00e9ditations - iNMSOL ELE","robots":{"index":"index","follow":"follow","max-snippet":"max-snippet:-1","max-image-preview":"max-image-preview:large","max-video-preview":"max-video-preview:-1"},"canonical":"https:\/\/ele.inmsol.com\/inmsol\/acreditaciones\/","og_locale":"fr_FR","og_type":"article","og_title":"Accr\u00e9ditations - iNMSOL ELE","og_description":"Instituto Mediterr\u00e1neo Sol a obtenu l\u2019agr\u00e9ment de l\u2019Instituto Cervantes, ce qui signifie qu\u2019il\u00a0r\u00e9pond aux exigences du Syst\u00e8me d\u2019agr\u00e9ment des centres de l&rsquo;Instituto Cervantes depuis 2002. Cet agr\u00e9ment\u00a0est le seul \u00e0 l\u2019\u00e9chelle internationale visant exclusivement l\u2019enseignement de l\u2019espagnol\u00a0comme langue \u00e9trang\u00e8re. Association des \u00c9coles d\u00b4Espagnol de Granada. FEDELE (F\u00e9d\u00e9ration des \u00c9coles d&rsquo;Espagnol en tant que Langue \u00c9trang\u00e8re). \u00a0 Nous sommes autoris\u00e9s aussi...","og_url":"https:\/\/ele.inmsol.com\/inmsol\/acreditaciones\/","og_site_name":"iNMSOL ELE","article_publisher":"https:\/\/www.facebook.com\/spanishcourses","article_modified_time":"2024-03-27T08:46:48+00:00","og_image":[{"url":"https:\/\/ele.inmsol.com\/wp-content\/uploads\/2017\/06\/Acredita2pq.jpg","type":"","width":"","height":""}],"twitter_card":"summary_large_image","twitter_site":"@StudyInGranada","twitter_misc":{"Dur\u00e9e de lecture estim\u00e9e":"2 minutes"},"schema":{"@context":"https:\/\/schema.org","@graph":[{"@type":"WebPage","@id":"https:\/\/ele.inmsol.com\/inmsol\/acreditaciones\/","url":"https:\/\/ele.inmsol.com\/inmsol\/acreditaciones\/","name":"Accr\u00e9ditations - iNMSOL ELE","isPartOf":{"@id":"https:\/\/ele.inmsol.com\/en\/#website"},"primaryImageOfPage":{"@id":"https:\/\/ele.inmsol.com\/inmsol\/acreditaciones\/#primaryimage"},"image":{"@id":"https:\/\/ele.inmsol.com\/inmsol\/acreditaciones\/#primaryimage"},"thumbnailUrl":"https:\/\/ele.inmsol.com\/wp-content\/uploads\/2017\/06\/Acredita2pq.jpg","datePublished":"2017-06-02T10:39:35+00:00","dateModified":"2024-03-27T08:46:48+00:00","breadcrumb":{"@id":"https:\/\/ele.inmsol.com\/inmsol\/acreditaciones\/#breadcrumb"},"inLanguage":"fr-FR","potentialAction":[{"@type":"ReadAction","target":["https:\/\/ele.inmsol.com\/inmsol\/acreditaciones\/"]}]},{"@type":"ImageObject","inLanguage":"fr-FR","@id":"https:\/\/ele.inmsol.com\/inmsol\/acreditaciones\/#primaryimage","url":"https:\/\/ele.inmsol.com\/wp-content\/uploads\/2017\/06\/Acredita2pq.jpg","contentUrl":"https:\/\/ele.inmsol.com\/wp-content\/uploads\/2017\/06\/Acredita2pq.jpg"},{"@type":"BreadcrumbList","@id":"https:\/\/ele.inmsol.com\/inmsol\/acreditaciones\/#breadcrumb","itemListElement":[{"@type":"ListItem","position":1,"name":"Portada","item":"https:\/\/ele.inmsol.com\/fr\/"},{"@type":"ListItem","position":2,"name":"iNMSOL","item":"https:\/\/ele.inmsol.com\/fr\/inmsol\/"},{"@type":"ListItem","position":3,"name":"Accr\u00e9ditations"}]},{"@type":"WebSite","@id":"https:\/\/ele.inmsol.com\/en\/#website","url":"https:\/\/ele.inmsol.com\/en\/","name":"iNMSOL ELE","description":"Cursos Profesores Espa\u00f1ol ELE","potentialAction":[{"@type":"SearchAction","target":{"@type":"EntryPoint","urlTemplate":"https:\/\/ele.inmsol.com\/en\/?s={search_term_string}"},"query-input":{"@type":"PropertyValueSpecification","valueRequired":true,"valueName":"search_term_string"}}],"inLanguage":"fr-FR"}]}},"_links":{"self":[{"href":"https:\/\/ele.inmsol.com\/fr\/wp-json\/wp\/v2\/pages\/880","targetHints":{"allow":["GET"]}}],"collection":[{"href":"https:\/\/ele.inmsol.com\/fr\/wp-json\/wp\/v2\/pages"}],"about":[{"href":"https:\/\/ele.inmsol.com\/fr\/wp-json\/wp\/v2\/types\/page"}],"author":[{"embeddable":true,"href":"https:\/\/ele.inmsol.com\/fr\/wp-json\/wp\/v2\/users\/8"}],"replies":[{"embeddable":true,"href":"https:\/\/ele.inmsol.com\/fr\/wp-json\/wp\/v2\/comments?post=880"}],"version-history":[{"count":0,"href":"https:\/\/ele.inmsol.com\/fr\/wp-json\/wp\/v2\/pages\/880\/revisions"}],"up":[{"embeddable":true,"href":"https:\/\/ele.inmsol.com\/fr\/wp-json\/wp\/v2\/pages\/860"}],"wp:attachment":[{"href":"https:\/\/ele.inmsol.com\/fr\/wp-json\/wp\/v2\/media?parent=880"}],"curies":[{"name":"wp","href":"https:\/\/api.w.org\/{rel}","templated":true}]}}