{"id":513,"date":"2017-05-31T09:43:46","date_gmt":"2017-05-31T07:43:46","guid":{"rendered":"https:\/\/ele.inmsol.com\/?page_id=513\/"},"modified":"2021-07-14T12:50:09","modified_gmt":"2021-07-14T10:50:09","slug":"513-2","status":"publish","type":"page","link":"https:\/\/ele.inmsol.com\/it\/513-2\/","title":{"rendered":"Granada, Andalusia"},"content":{"rendered":"<div id=\"pl-513\"  class=\"panel-layout\" ><div id=\"pg-513-0\"  class=\"panel-grid panel-no-style\" ><div id=\"pgc-513-0-0\"  class=\"panel-grid-cell\" ><div id=\"panel-513-0-0-0\" class=\"so-panel widget widget_sow-image panel-first-child panel-last-child\" data-index=\"0\" ><div\n\t\t\t\n\t\t\tclass=\"so-widget-sow-image so-widget-sow-image-default-dbf295114b96-513\"\n\t\t\t\n\t\t>\n<div class=\"sow-image-container\">\n\t\t<img \n\tsrc=\"https:\/\/ele.inmsol.com\/wp-content\/uploads\/2017\/04\/granada-spain-learn-spanish-01.jpg\" width=\"1024\" height=\"677\" srcset=\"https:\/\/ele.inmsol.com\/wp-content\/uploads\/2017\/04\/granada-spain-learn-spanish-01.jpg 1024w, https:\/\/ele.inmsol.com\/wp-content\/uploads\/2017\/04\/granada-spain-learn-spanish-01-600x397.jpg 600w, https:\/\/ele.inmsol.com\/wp-content\/uploads\/2017\/04\/granada-spain-learn-spanish-01-768x508.jpg 768w\" sizes=\"(max-width: 1024px) 100vw, 1024px\" title=\"Patio de los Leones\" alt=\"\" \t\tclass=\"so-widget-image\"\/>\n\t<\/div>\n\n<\/div><\/div><\/div><\/div><div id=\"pg-513-1\"  class=\"panel-grid panel-no-style\" ><div id=\"pgc-513-1-0\"  class=\"panel-grid-cell\" ><div id=\"panel-513-1-0-0\" class=\"so-panel widget widget_sow-editor panel-first-child panel-last-child\" data-index=\"1\" ><div\n\t\t\t\n\t\t\tclass=\"so-widget-sow-editor so-widget-sow-editor-base\"\n\t\t\t\n\t\t>\n<div class=\"siteorigin-widget-tinymce textwidget\">\n\t<h3>Granada<\/h3>\n<section class=\"post-entry\">Granada, Andalusia, \u00e8 una citt\u00e0 di 280.000 abitanti che si trova nella parte sud occidentale dell\u2019<strong>Andalusia<\/strong>. La sua posizione geografica e orografica rende le piste da sci della <strong>Sierra Nevada<\/strong> (3480 m), a soli 30 Km dal centro della citt\u00e0, uno dei luoghi pi\u00f9 attrattivi d\u2019Europa per praticare gli sport invernali. Parallelamente, Granada si trova a 75Km dalla famosa <strong>Costa Tropicale<\/strong>.<span style=\"text-decoration: underline;\"><strong>La sua particolarit\u00e0 deriva da un insieme di elementi:<\/strong><\/span><b>La citt\u00e0 araba:<\/b> Fu l\u2019ultimo regno musulmano conquistato dai Re Cattolici; il suo stile si riflette in tutta la citt\u00e0, specialmente nel <strong>Palazzo dell\u2019Alhambra e del Generalife<\/strong>, uno dei monumenti pi\u00f9 visitati del mondo e, nella collina opposta, l\u2019Albayz\u00edn, l\u2019antico quartiere moresco con i suoi stretti e ciottolosi vicoli, le sue piazze e le sue case tradizionali.<\/p>\n<p><b>La citt\u00e0 rinascimentale:<\/b> Un gran numero di edifici, particolarmente quelli religiosi, sono di stile rinascimentale e furono costruiti all\u2019epoca dell\u2019arrivo dei Cristiani nel XV secolo. Questi monumenti fanno di Granada una delle citt\u00e0 di riferimento per quanto riguarda questo stile in Spagna.<\/p>\n<p><b>La citt\u00e0 del flamenco:<\/b> Soprattutto nel quartiere del <strong>Sacromonte<\/strong>, abitato principalmente da gitani di gran tradizione artistica: culla di famosi chitarristi, cantaores e bailaores, che hanno diffuso lo loro arte nel mondo partendo da questo singolare quartiere di collina caratterizzato dalle sue numerose \u201ccase-grotte\u201d.<\/p>\n<p><b>La citt\u00e0 universitaria:<\/b> Una delle pi\u00f9 grandi e antiche di Spagna. Al momento conta pi\u00f9 di 60 mila studenti; l\u2019<strong>ambiente universitario<\/strong> e giovane popola le vie del centro e i numerosi bares de tapas e pub fanno di Granada una delle citt\u00e0 pi\u00f9 vivaci di Spagna.<\/p>\n<p><b>La citt\u00e0 degli eventi culturali:<\/b> Oltre alla <strong>Semana Santa<\/strong> (Pasqua) e alla festa del <strong>Corpus Domini<\/strong>, altri appuntamenti interessanti sono: il Jazz Festival in autunno, il Festival Internazionale di Teatro e il Festival di Musica e Danza in primavera, senza dimenticare i programmi del teatro Manuel de Falla e del Palazzo dei Congressi.<\/p>\n<p>Granada \u00e8 una citt\u00e0 moderna che non ha perso il colore e il sapore della Spagna e la bellezza dell\u2019antica Andalusia.<\/p>\n<p>Grazie a tutto questo, Granada si \u00e8 convertita in un punto di riferimento mondiale per quanto riguarda la vita culturale, le tradizioni e la tolleranza.<\/p>\n<p><b>Eventi speciali:<\/b><\/p>\n<p>Semana Santa, Fiesta de la Primavera, D\u00eda de La Cruz, Corpus Christi ( Fiera di Granada), Festival Internacional de M\u00fasica y Danza, Festival Flamenco, Flamenco Joven, Certamen Internacional De Guitarra, Fiesta de San Cecilio, Festival de Cortometraje, Festival de Jazz, Festival del Zaid\u00edn, Los veranos del Corral, ecc.<\/p>\n<p><b>Monumenti e luoghi d\u2019interesse:<\/b><\/p>\n<p>Alhambra y Generalife, Catedral, Capilla Real, Madraza, Iglesia de La Virgen de las Angustias, Iglesia de San Juan de Dios, Iglesia de Santa Ana, Iglesia de San Pedro,Colegiata del Salvador, Carmen de los M\u00e1rtires, Monasterio de la Cartuja, Museo Arqueol\u00f3gico, Casa de los Pisa, Museo de la Zambra (Flamenco), Barrios del Albayzin y Realejo, Barrio del Sacromonte, Corral del Carb\u00f3n, Huerta de San Vicente, Museo de Artes y costumbres populares, Palacio de Dar Al Horra, Casa Museo Max Moreau, Museo Gomez Moreno, Cuarto Real de Santo Domingo, Museo de Bellas Artes, Carmen-Museo Rodr\u00edguez Acosta, Casa Museo Manuel de Falla, Monasterio de San Jer\u00f3nimo, Parque de las Ciencias, Centro de Arte Contempor\u00e1neo, Museo Jos\u00e9 Guerrero, Plaza Nueva, Plaza de la Trinidad, Plaza de Bib-Rambla, Plaza del Carmen (Municipio), Bosque de la Alhambra, Parque de Invierno, Parque Garc\u00eda Lorca (Tenuta di San Vicente), La Alpujarra, Parque Natural de Sierra Nevada, ecc.<\/p>\n<ul>\n<li>Informazioni Meteorologiche: <a href=\"http:\/\/www.aemet.es\/es\/eltiempo\/prediccion\/espana\" target=\"_blank\" rel=\"noopener\"><strong>www.aemet.es\/es\/eltiempo\/prediccion\/espana<\/strong><\/a><\/li>\n<\/ul>\n<h4><a class=\"btn btn- btn-default \" title=\"\" href=\"https:\/\/www.inmsol.com\/it\/granada-andalusia\/\" target=\"_blank\" rel=\"nofollow noopener\">Guida di Granada<\/a><\/h4>\n<p>&nbsp;<\/p>\n<\/section>\n<\/div>\n<\/div><\/div><\/div><\/div><\/div>","protected":false},"excerpt":{"rendered":"<p>Granada Granada, Andalusia, \u00e8 una citt\u00e0 di 280.000 abitanti che si trova nella parte sud occidentale dell\u2019Andalusia. La sua posizione geografica e orografica rende le piste da sci della Sierra Nevada (3480 m), a soli 30 Km dal centro della citt\u00e0, uno dei luoghi pi\u00f9 attrattivi d\u2019Europa per praticare gli sport invernali. Parallelamente, Granada si trova a 75Km dalla famosa&#8230;<\/p>\n","protected":false},"author":8,"featured_media":3397,"parent":0,"menu_order":0,"comment_status":"closed","ping_status":"closed","template":"","meta":{"inline_featured_image":false,"_monsterinsights_skip_tracking":false,"_monsterinsights_sitenote_active":false,"_monsterinsights_sitenote_note":"","_monsterinsights_sitenote_category":0,"_genesis_hide_title":false,"_genesis_hide_breadcrumbs":false,"_genesis_hide_singular_image":false,"_genesis_hide_footer_widgets":false,"_genesis_custom_body_class":"","_genesis_custom_post_class":"","_genesis_layout":"","footnotes":""},"class_list":{"0":"post-513","1":"page","2":"type-page","3":"status-publish","4":"has-post-thumbnail","6":"entry"},"yoast_head":"<!-- This site is optimized with the Yoast SEO plugin v27.4 - https:\/\/yoast.com\/product\/yoast-seo-wordpress\/ -->\n<title>Granada, Andalusia | iNMSOL ELE<\/title>\n<meta name=\"description\" content=\"Studiare a Granada e conoscere la nostra citt\u00e0 ti sorprender\u00e0! Granada \u00e8 una citt\u00e0 affascinante, ricca di cultura e programmi per il tempo libero.\" \/>\n<meta name=\"robots\" content=\"index, follow, max-snippet:-1, max-image-preview:large, max-video-preview:-1\" \/>\n<link rel=\"canonical\" href=\"https:\/\/ele.inmsol.com\/it\/513-2\/\" \/>\n<meta property=\"og:locale\" content=\"it_IT\" \/>\n<meta property=\"og:type\" content=\"article\" \/>\n<meta property=\"og:title\" content=\"Granada, Andalusia | iNMSOL ELE\" \/>\n<meta property=\"og:description\" content=\"Studiare a Granada e conoscere la nostra citt\u00e0 ti sorprender\u00e0! Granada \u00e8 una citt\u00e0 affascinante, ricca di cultura e programmi per il tempo libero.\" \/>\n<meta property=\"og:url\" content=\"https:\/\/ele.inmsol.com\/it\/513-2\/\" \/>\n<meta property=\"og:site_name\" content=\"iNMSOL ELE\" \/>\n<meta property=\"article:publisher\" content=\"https:\/\/www.facebook.com\/spanishcourses\" \/>\n<meta property=\"article:modified_time\" content=\"2021-07-14T10:50:09+00:00\" \/>\n<meta property=\"og:image\" content=\"https:\/\/ele.inmsol.com\/wp-content\/uploads\/2021\/07\/Alhambra-con-vistas.jpg\" \/>\n\t<meta property=\"og:image:width\" content=\"980\" \/>\n\t<meta property=\"og:image:height\" content=\"599\" \/>\n\t<meta property=\"og:image:type\" content=\"image\/jpeg\" \/>\n<meta name=\"twitter:card\" content=\"summary_large_image\" \/>\n<meta name=\"twitter:site\" content=\"@StudyInGranada\" \/>\n<meta name=\"twitter:label1\" content=\"Tempo di lettura stimato\" \/>\n\t<meta name=\"twitter:data1\" content=\"3 minuti\" \/>\n<script type=\"application\/ld+json\" class=\"yoast-schema-graph\">{\"@context\":\"https:\\\/\\\/schema.org\",\"@graph\":[{\"@type\":\"WebPage\",\"@id\":\"https:\\\/\\\/ele.inmsol.com\\\/it\\\/513-2\\\/\",\"url\":\"https:\\\/\\\/ele.inmsol.com\\\/it\\\/513-2\\\/\",\"name\":\"Granada, Andalusia | iNMSOL ELE\",\"isPartOf\":{\"@id\":\"https:\\\/\\\/ele.inmsol.com\\\/en\\\/#website\"},\"primaryImageOfPage\":{\"@id\":\"https:\\\/\\\/ele.inmsol.com\\\/it\\\/513-2\\\/#primaryimage\"},\"image\":{\"@id\":\"https:\\\/\\\/ele.inmsol.com\\\/it\\\/513-2\\\/#primaryimage\"},\"thumbnailUrl\":\"https:\\\/\\\/ele.inmsol.com\\\/wp-content\\\/uploads\\\/2021\\\/07\\\/Alhambra-con-vistas.jpg\",\"datePublished\":\"2017-05-31T07:43:46+00:00\",\"dateModified\":\"2021-07-14T10:50:09+00:00\",\"description\":\"Studiare a Granada e conoscere la nostra citt\u00e0 ti sorprender\u00e0! Granada \u00e8 una citt\u00e0 affascinante, ricca di cultura e programmi per il tempo libero.\",\"breadcrumb\":{\"@id\":\"https:\\\/\\\/ele.inmsol.com\\\/it\\\/513-2\\\/#breadcrumb\"},\"inLanguage\":\"it-IT\",\"potentialAction\":[{\"@type\":\"ReadAction\",\"target\":[\"https:\\\/\\\/ele.inmsol.com\\\/it\\\/513-2\\\/\"]}]},{\"@type\":\"ImageObject\",\"inLanguage\":\"it-IT\",\"@id\":\"https:\\\/\\\/ele.inmsol.com\\\/it\\\/513-2\\\/#primaryimage\",\"url\":\"https:\\\/\\\/ele.inmsol.com\\\/wp-content\\\/uploads\\\/2021\\\/07\\\/Alhambra-con-vistas.jpg\",\"contentUrl\":\"https:\\\/\\\/ele.inmsol.com\\\/wp-content\\\/uploads\\\/2021\\\/07\\\/Alhambra-con-vistas.jpg\",\"width\":980,\"height\":599,\"caption\":\"Granada\"},{\"@type\":\"BreadcrumbList\",\"@id\":\"https:\\\/\\\/ele.inmsol.com\\\/it\\\/513-2\\\/#breadcrumb\",\"itemListElement\":[{\"@type\":\"ListItem\",\"position\":1,\"name\":\"Portada\",\"item\":\"https:\\\/\\\/ele.inmsol.com\\\/it\\\/\"},{\"@type\":\"ListItem\",\"position\":2,\"name\":\"Granada, Andalusia\"}]},{\"@type\":\"WebSite\",\"@id\":\"https:\\\/\\\/ele.inmsol.com\\\/en\\\/#website\",\"url\":\"https:\\\/\\\/ele.inmsol.com\\\/en\\\/\",\"name\":\"iNMSOL ELE\",\"description\":\"Cursos Profesores Espa\u00f1ol ELE\",\"potentialAction\":[{\"@type\":\"SearchAction\",\"target\":{\"@type\":\"EntryPoint\",\"urlTemplate\":\"https:\\\/\\\/ele.inmsol.com\\\/en\\\/?s={search_term_string}\"},\"query-input\":{\"@type\":\"PropertyValueSpecification\",\"valueRequired\":true,\"valueName\":\"search_term_string\"}}],\"inLanguage\":\"it-IT\"}]}<\/script>\n<!-- \/ Yoast SEO plugin. -->","yoast_head_json":{"title":"Granada, Andalusia | iNMSOL ELE","description":"Studiare a Granada e conoscere la nostra citt\u00e0 ti sorprender\u00e0! Granada \u00e8 una citt\u00e0 affascinante, ricca di cultura e programmi per il tempo libero.","robots":{"index":"index","follow":"follow","max-snippet":"max-snippet:-1","max-image-preview":"max-image-preview:large","max-video-preview":"max-video-preview:-1"},"canonical":"https:\/\/ele.inmsol.com\/it\/513-2\/","og_locale":"it_IT","og_type":"article","og_title":"Granada, Andalusia | iNMSOL ELE","og_description":"Studiare a Granada e conoscere la nostra citt\u00e0 ti sorprender\u00e0! Granada \u00e8 una citt\u00e0 affascinante, ricca di cultura e programmi per il tempo libero.","og_url":"https:\/\/ele.inmsol.com\/it\/513-2\/","og_site_name":"iNMSOL ELE","article_publisher":"https:\/\/www.facebook.com\/spanishcourses","article_modified_time":"2021-07-14T10:50:09+00:00","og_image":[{"width":980,"height":599,"url":"https:\/\/ele.inmsol.com\/wp-content\/uploads\/2021\/07\/Alhambra-con-vistas.jpg","type":"image\/jpeg"}],"twitter_card":"summary_large_image","twitter_site":"@StudyInGranada","twitter_misc":{"Tempo di lettura stimato":"3 minuti"},"schema":{"@context":"https:\/\/schema.org","@graph":[{"@type":"WebPage","@id":"https:\/\/ele.inmsol.com\/it\/513-2\/","url":"https:\/\/ele.inmsol.com\/it\/513-2\/","name":"Granada, Andalusia | iNMSOL ELE","isPartOf":{"@id":"https:\/\/ele.inmsol.com\/en\/#website"},"primaryImageOfPage":{"@id":"https:\/\/ele.inmsol.com\/it\/513-2\/#primaryimage"},"image":{"@id":"https:\/\/ele.inmsol.com\/it\/513-2\/#primaryimage"},"thumbnailUrl":"https:\/\/ele.inmsol.com\/wp-content\/uploads\/2021\/07\/Alhambra-con-vistas.jpg","datePublished":"2017-05-31T07:43:46+00:00","dateModified":"2021-07-14T10:50:09+00:00","description":"Studiare a Granada e conoscere la nostra citt\u00e0 ti sorprender\u00e0! Granada \u00e8 una citt\u00e0 affascinante, ricca di cultura e programmi per il tempo libero.","breadcrumb":{"@id":"https:\/\/ele.inmsol.com\/it\/513-2\/#breadcrumb"},"inLanguage":"it-IT","potentialAction":[{"@type":"ReadAction","target":["https:\/\/ele.inmsol.com\/it\/513-2\/"]}]},{"@type":"ImageObject","inLanguage":"it-IT","@id":"https:\/\/ele.inmsol.com\/it\/513-2\/#primaryimage","url":"https:\/\/ele.inmsol.com\/wp-content\/uploads\/2021\/07\/Alhambra-con-vistas.jpg","contentUrl":"https:\/\/ele.inmsol.com\/wp-content\/uploads\/2021\/07\/Alhambra-con-vistas.jpg","width":980,"height":599,"caption":"Granada"},{"@type":"BreadcrumbList","@id":"https:\/\/ele.inmsol.com\/it\/513-2\/#breadcrumb","itemListElement":[{"@type":"ListItem","position":1,"name":"Portada","item":"https:\/\/ele.inmsol.com\/it\/"},{"@type":"ListItem","position":2,"name":"Granada, Andalusia"}]},{"@type":"WebSite","@id":"https:\/\/ele.inmsol.com\/en\/#website","url":"https:\/\/ele.inmsol.com\/en\/","name":"iNMSOL ELE","description":"Cursos Profesores Espa\u00f1ol ELE","potentialAction":[{"@type":"SearchAction","target":{"@type":"EntryPoint","urlTemplate":"https:\/\/ele.inmsol.com\/en\/?s={search_term_string}"},"query-input":{"@type":"PropertyValueSpecification","valueRequired":true,"valueName":"search_term_string"}}],"inLanguage":"it-IT"}]}},"_links":{"self":[{"href":"https:\/\/ele.inmsol.com\/it\/wp-json\/wp\/v2\/pages\/513","targetHints":{"allow":["GET"]}}],"collection":[{"href":"https:\/\/ele.inmsol.com\/it\/wp-json\/wp\/v2\/pages"}],"about":[{"href":"https:\/\/ele.inmsol.com\/it\/wp-json\/wp\/v2\/types\/page"}],"author":[{"embeddable":true,"href":"https:\/\/ele.inmsol.com\/it\/wp-json\/wp\/v2\/users\/8"}],"replies":[{"embeddable":true,"href":"https:\/\/ele.inmsol.com\/it\/wp-json\/wp\/v2\/comments?post=513"}],"version-history":[{"count":0,"href":"https:\/\/ele.inmsol.com\/it\/wp-json\/wp\/v2\/pages\/513\/revisions"}],"wp:featuredmedia":[{"embeddable":true,"href":"https:\/\/ele.inmsol.com\/it\/wp-json\/wp\/v2\/media\/3397"}],"wp:attachment":[{"href":"https:\/\/ele.inmsol.com\/it\/wp-json\/wp\/v2\/media?parent=513"}],"curies":[{"name":"wp","href":"https:\/\/api.w.org\/{rel}","templated":true}]}}