{"id":722,"date":"2017-05-31T13:55:02","date_gmt":"2017-05-31T11:55:02","guid":{"rendered":"https:\/\/ele.inmsol.com\/?page_id=722\/"},"modified":"2019-10-23T01:20:56","modified_gmt":"2019-10-22T23:20:56","slug":"home","status":"publish","type":"page","link":"https:\/\/ele.inmsol.com\/it\/","title":{"rendered":"home"},"content":{"rendered":"<div id=\"pl-722\"  class=\"panel-layout\" ><div id=\"pg-722-0\"  class=\"panel-grid panel-has-style\" ><div class=\"siteorigin-panels-stretch panel-row-style panel-row-style-for-722-0\" data-stretch-type=\"full\" ><div id=\"pgc-722-0-0\"  class=\"panel-grid-cell\" ><div id=\"panel-722-0-0-0\" class=\"so-panel widget widget_widget_cur widget_cur panel-first-child panel-last-child\" data-index=\"0\" ><div class=\"wrap\">                \n                <div class=\"item first impar\">\n                    <div class=\"texto\">\n                        <p class=\"num\">02<\/p>\n                        <p class=\"letter\">Professori non nativi<\/p>\n                        <p>Il corso per insegnanti di spagnolo come lingua straniera (E\/LE) ha una durata di due settimane e consiste in 4 lezioni al giorno (20 lezioni\/settimana); \u00e8 pensato non solo per i professori, ma anche per studenti che vogliano diventarlo.<\/p>\n                        \n                        <a class=\"button\" href=\"https:\/\/ele.inmsol.com\/it\/cursos-espanol\/professori-non-nativi\/\">Vedere corso<\/a>\n                    <\/div>\n\n                    <div class=\"image\">\n                        <img decoding=\"async\" width=\"672\" height=\"460\" src=\"https:\/\/ele.inmsol.com\/wp-content\/uploads\/2017\/05\/profesor-nativo-clase-672x460.png\" class=\"attachment-curso_destacado size-curso_destacado wp-post-image\" alt=\"\" srcset=\"https:\/\/ele.inmsol.com\/wp-content\/uploads\/2017\/05\/profesor-nativo-clase-672x460.png 672w, https:\/\/ele.inmsol.com\/wp-content\/uploads\/2017\/05\/profesor-nativo-clase-600x411.png 600w, https:\/\/ele.inmsol.com\/wp-content\/uploads\/2017\/05\/profesor-nativo-clase.png 754w\" sizes=\"(max-width: 672px) 100vw, 672px\" \/>                    <\/div>\n                    \n                <\/div>\n            <\/div><\/div><\/div><\/div><\/div><div id=\"pg-722-1\"  class=\"panel-grid panel-has-style\" ><div class=\"text-color panel-row-style panel-row-style-for-722-1\" id=\"secciones-destacadas\" ><div id=\"pgc-722-1-0\"  class=\"panel-grid-cell\" ><div id=\"panel-722-1-0-0\" class=\"so-panel widget widget_sow-editor panel-first-child panel-last-child\" data-index=\"1\" ><div class=\"panel-widget-style panel-widget-style-for-722-1-0-0\" ><div\n\t\t\t\n\t\t\tclass=\"so-widget-sow-editor so-widget-sow-editor-base\"\n\t\t\t\n\t\t>\n<div class=\"siteorigin-widget-tinymce textwidget\">\n\t<div class=\"secciones-destacadas\"><a href=\"\/it\/faq\/\" title=\"Domande frequenti\">Domande frequenti<\/a><\/div>\n<\/div>\n<\/div><\/div><\/div><\/div><div id=\"pgc-722-1-1\"  class=\"panel-grid-cell\" ><div id=\"panel-722-1-1-0\" class=\"so-panel widget widget_sow-editor panel-first-child panel-last-child\" data-index=\"2\" ><div class=\"panel-widget-style panel-widget-style-for-722-1-1-0\" ><div\n\t\t\t\n\t\t\tclass=\"so-widget-sow-editor so-widget-sow-editor-base\"\n\t\t\t\n\t\t>\n<div class=\"siteorigin-widget-tinymce textwidget\">\n\t<div class=\"secciones-destacadas\"><a href=\"\/it\/grammatica-spagnola\/\" title=\"Grammatica spagnola\">Grammatica spagnola<\/a><\/div>\n<\/div>\n<\/div><\/div><\/div><\/div><div id=\"pgc-722-1-2\"  class=\"panel-grid-cell\" ><div id=\"panel-722-1-2-0\" class=\"so-panel widget widget_sow-editor panel-first-child panel-last-child\" data-index=\"3\" ><div class=\"panel-widget-style panel-widget-style-for-722-1-2-0\" ><div\n\t\t\t\n\t\t\tclass=\"so-widget-sow-editor so-widget-sow-editor-base\"\n\t\t\t\n\t\t>\n<div class=\"siteorigin-widget-tinymce textwidget\">\n\t<div class=\"secciones-destacadas\"><a href=\"\/it\/esercizi-spagnoli\/\" title=\"Esercizi spagnoli\">Esercizi spagnoli<\/a><\/div>\n<\/div>\n<\/div><\/div><\/div><\/div><\/div><\/div><div id=\"pg-722-2\"  class=\"panel-grid panel-has-style\" ><div class=\"siteorigin-panels-stretch panel-row-style panel-row-style-for-722-2\" id=\"blog-home\" data-stretch-type=\"full\" ><div id=\"pgc-722-2-0\"  class=\"panel-grid-cell\" ><div id=\"panel-722-2-0-0\" class=\"widget_text so-panel widget widget_custom_html panel-first-child\" data-index=\"4\" ><div class=\"textwidget custom-html-widget\"><h3 class=\"titulo-blog-home\">\n\t\u00daltimas noticias\n<\/h3><\/div><\/div><div id=\"panel-722-2-0-1\" class=\"so-panel widget widget_widget_ultent widget_ultent\" data-index=\"5\" ><div class=\"entradas-recientes-blog-home panel-widget-style panel-widget-style-for-722-2-0-1\" >\n                \n                <div class=\"item one-third first\">\n                  <div class=\"time\">\n                    <time datetime=\"Novembre 27th, 2019\" pubdate>\n                    27\/11\/2019                    <\/time>\n                  <\/div>\n                \n                 <div class=\"title\">\n                     <h3 class=\"widget-title\"><a href=\"https:\/\/ele.inmsol.com\/it\/blog-it\/aggiornamenti-della-spanish-language-academy\/\" rel=\"bookmark\" title=\"Aggiornamenti della Spanish Language Academy\">Aggiornamenti della Spanish Language Academy<\/a><\/h3><p>In questa occasione, condividiamo un post sugli aggiornamenti annunciati dalla Reale Accademia della lingua Spagnola (RAE). Come ogni anno, la SAR fa intaccare la lingua con nuove parole piuttosto che accettarla nella lingua colloquiale. Come insegnanti di spagnolo dobbiamo tenerci aggiornati su queste modifiche per farle conoscere ai nostri studenti durante le lezioni. Pertanto, i nostri corsi di formazione per&#8230;<\/p>\n                 <\/div>\n              \n                <\/div>\n                    \n                <div class=\"item one-third\">\n                  <div class=\"time\">\n                    <time datetime=\"Novembre 26th, 2019\" pubdate>\n                    26\/11\/2019                    <\/time>\n                  <\/div>\n                \n                 <div class=\"title\">\n                     <h3 class=\"widget-title\"><a href=\"https:\/\/ele.inmsol.com\/it\/blog-it\/apriamo-le-iscrizioni-ai-corsi-di-formazione-ele-2020\/\" rel=\"bookmark\" title=\"Apriamo le iscrizioni ai corsi di formazione ELE 2020\">Apriamo le iscrizioni ai corsi di formazione ELE 2020<\/a><\/h3><p>Da questo momento apriamo le iscrizioni ai corsi di formazione per insegnanti ELE per il 2020 che l&#8217;Instituto Mediterr\u00e1neo Sol svolge.<\/p>\n                 <\/div>\n              \n                <\/div>\n                    \n                <div class=\"item one-third\">\n                  <div class=\"time\">\n                    <time datetime=\"Novembre 15th, 2019\" pubdate>\n                    15\/11\/2019                    <\/time>\n                  <\/div>\n                \n                 <div class=\"title\">\n                     <h3 class=\"widget-title\"><a href=\"https:\/\/ele.inmsol.com\/it\/blog-it\/corsi-per-professori-di-spagnolo-a-granada\/\" rel=\"bookmark\" title=\"Corsi per professori di Spagnolo a Granada\">Corsi per professori di Spagnolo a Granada<\/a><\/h3><p>Instituto Mediterr\u00e1neo Sol (iNMSOL) \u00e9 un centro dedicato all&#8217;insegnamento dello spagnolo come lingua straniera e la realizzazione di corsi di formazione di professori di spagnolo come lingua straniera a Granada. Le conclusioni tratte dopo la recente celebrazione del XVI Congresso ASALE hanno confermato che la nostra linea di lavoro \u00e8 corretta. Cio\u00e8, offrire\u00a0lo spagnolo come veicolo di accesso alla ricchezza&#8230;<\/p>\n                 <\/div>\n              \n                <\/div>\n            <\/div><\/div><div id=\"panel-722-2-0-2\" class=\"so-panel widget widget_ctatext widget_cta panel-last-child\" data-index=\"6\" >\n\t\t\t<div class=\"ctabutton\">\n\t\t\t\t<a class=\"button\n\t\t\t\t acceso-blog-home\t\t\t\t\" href=\"\/it\/category\/blog-it\/\" \n\t\t\t\t target=\"_self\"\t\t\t\t>Acceder al Blog<\/a>\n\t\t\t<\/div>\n\t\t<\/div><\/div><\/div><\/div><\/div>","protected":false},"excerpt":{"rendered":"<p>Domande frequenti Grammatica spagnola Esercizi spagnoli<\/p>\n","protected":false},"author":8,"featured_media":0,"parent":0,"menu_order":0,"comment_status":"closed","ping_status":"closed","template":"","meta":{"inline_featured_image":false,"_monsterinsights_skip_tracking":false,"_monsterinsights_sitenote_active":false,"_monsterinsights_sitenote_note":"","_monsterinsights_sitenote_category":0,"_genesis_hide_title":false,"_genesis_hide_breadcrumbs":false,"_genesis_hide_singular_image":false,"_genesis_hide_footer_widgets":false,"_genesis_custom_body_class":"","_genesis_custom_post_class":"","_genesis_layout":"","footnotes":""},"class_list":{"0":"post-722","1":"page","2":"type-page","3":"status-publish","5":"entry"},"yoast_head":"<!-- This site is optimized with the Yoast SEO plugin v27.4 - https:\/\/yoast.com\/product\/yoast-seo-wordpress\/ -->\n<title>Cursos de Espa\u00f1ol para Profesores ELE en Granada<\/title>\n<meta name=\"description\" content=\"Nuestra escuela est\u00e1 certificada seg\u00fan el Instituto Cervantes. Garant\u00eda de Calidad y profesionalidad. Aprende espa\u00f1ol en un entorno como Granada.\" \/>\n<meta name=\"robots\" content=\"index, follow, max-snippet:-1, max-image-preview:large, max-video-preview:-1\" \/>\n<link rel=\"canonical\" href=\"https:\/\/ele.inmsol.com\/it\/\" \/>\n<meta property=\"og:locale\" content=\"it_IT\" \/>\n<meta property=\"og:type\" content=\"article\" \/>\n<meta property=\"og:title\" content=\"Cursos de Espa\u00f1ol para Profesores ELE en Granada\" \/>\n<meta property=\"og:description\" content=\"Nuestra escuela est\u00e1 certificada seg\u00fan el Instituto Cervantes. Garant\u00eda de Calidad y profesionalidad. Aprende espa\u00f1ol en un entorno como Granada.\" \/>\n<meta property=\"og:url\" content=\"https:\/\/ele.inmsol.com\/it\/\" \/>\n<meta property=\"og:site_name\" content=\"iNMSOL ELE\" \/>\n<meta property=\"article:publisher\" content=\"https:\/\/www.facebook.com\/spanishcourses\" \/>\n<meta property=\"article:modified_time\" content=\"2019-10-22T23:20:56+00:00\" \/>\n<meta name=\"twitter:card\" content=\"summary_large_image\" \/>\n<meta name=\"twitter:site\" content=\"@StudyInGranada\" \/>\n<script type=\"application\/ld+json\" class=\"yoast-schema-graph\">{\"@context\":\"https:\\\/\\\/schema.org\",\"@graph\":[{\"@type\":\"WebPage\",\"@id\":\"https:\\\/\\\/ele.inmsol.com\\\/it\\\/\",\"url\":\"https:\\\/\\\/ele.inmsol.com\\\/it\\\/\",\"name\":\"Cursos de Espa\u00f1ol para Profesores ELE en Granada\",\"isPartOf\":{\"@id\":\"https:\\\/\\\/ele.inmsol.com\\\/en\\\/#website\"},\"datePublished\":\"2017-05-31T11:55:02+00:00\",\"dateModified\":\"2019-10-22T23:20:56+00:00\",\"description\":\"Nuestra escuela est\u00e1 certificada seg\u00fan el Instituto Cervantes. Garant\u00eda de Calidad y profesionalidad. Aprende espa\u00f1ol en un entorno como Granada.\",\"breadcrumb\":{\"@id\":\"https:\\\/\\\/ele.inmsol.com\\\/it\\\/#breadcrumb\"},\"inLanguage\":\"it-IT\",\"potentialAction\":[{\"@type\":\"ReadAction\",\"target\":[\"https:\\\/\\\/ele.inmsol.com\\\/it\\\/\"]}]},{\"@type\":\"BreadcrumbList\",\"@id\":\"https:\\\/\\\/ele.inmsol.com\\\/it\\\/#breadcrumb\",\"itemListElement\":[{\"@type\":\"ListItem\",\"position\":1,\"name\":\"Portada\",\"item\":\"https:\\\/\\\/ele.inmsol.com\\\/it\\\/\"},{\"@type\":\"ListItem\",\"position\":2,\"name\":\"home\"}]},{\"@type\":\"WebSite\",\"@id\":\"https:\\\/\\\/ele.inmsol.com\\\/en\\\/#website\",\"url\":\"https:\\\/\\\/ele.inmsol.com\\\/en\\\/\",\"name\":\"iNMSOL ELE\",\"description\":\"Cursos Profesores Espa\u00f1ol ELE\",\"potentialAction\":[{\"@type\":\"SearchAction\",\"target\":{\"@type\":\"EntryPoint\",\"urlTemplate\":\"https:\\\/\\\/ele.inmsol.com\\\/en\\\/?s={search_term_string}\"},\"query-input\":{\"@type\":\"PropertyValueSpecification\",\"valueRequired\":true,\"valueName\":\"search_term_string\"}}],\"inLanguage\":\"it-IT\"}]}<\/script>\n<!-- \/ Yoast SEO plugin. -->","yoast_head_json":{"title":"Cursos de Espa\u00f1ol para Profesores ELE en Granada","description":"Nuestra escuela est\u00e1 certificada seg\u00fan el Instituto Cervantes. Garant\u00eda de Calidad y profesionalidad. Aprende espa\u00f1ol en un entorno como Granada.","robots":{"index":"index","follow":"follow","max-snippet":"max-snippet:-1","max-image-preview":"max-image-preview:large","max-video-preview":"max-video-preview:-1"},"canonical":"https:\/\/ele.inmsol.com\/it\/","og_locale":"it_IT","og_type":"article","og_title":"Cursos de Espa\u00f1ol para Profesores ELE en Granada","og_description":"Nuestra escuela est\u00e1 certificada seg\u00fan el Instituto Cervantes. Garant\u00eda de Calidad y profesionalidad. Aprende espa\u00f1ol en un entorno como Granada.","og_url":"https:\/\/ele.inmsol.com\/it\/","og_site_name":"iNMSOL ELE","article_publisher":"https:\/\/www.facebook.com\/spanishcourses","article_modified_time":"2019-10-22T23:20:56+00:00","twitter_card":"summary_large_image","twitter_site":"@StudyInGranada","schema":{"@context":"https:\/\/schema.org","@graph":[{"@type":"WebPage","@id":"https:\/\/ele.inmsol.com\/it\/","url":"https:\/\/ele.inmsol.com\/it\/","name":"Cursos de Espa\u00f1ol para Profesores ELE en Granada","isPartOf":{"@id":"https:\/\/ele.inmsol.com\/en\/#website"},"datePublished":"2017-05-31T11:55:02+00:00","dateModified":"2019-10-22T23:20:56+00:00","description":"Nuestra escuela est\u00e1 certificada seg\u00fan el Instituto Cervantes. Garant\u00eda de Calidad y profesionalidad. Aprende espa\u00f1ol en un entorno como Granada.","breadcrumb":{"@id":"https:\/\/ele.inmsol.com\/it\/#breadcrumb"},"inLanguage":"it-IT","potentialAction":[{"@type":"ReadAction","target":["https:\/\/ele.inmsol.com\/it\/"]}]},{"@type":"BreadcrumbList","@id":"https:\/\/ele.inmsol.com\/it\/#breadcrumb","itemListElement":[{"@type":"ListItem","position":1,"name":"Portada","item":"https:\/\/ele.inmsol.com\/it\/"},{"@type":"ListItem","position":2,"name":"home"}]},{"@type":"WebSite","@id":"https:\/\/ele.inmsol.com\/en\/#website","url":"https:\/\/ele.inmsol.com\/en\/","name":"iNMSOL ELE","description":"Cursos Profesores Espa\u00f1ol ELE","potentialAction":[{"@type":"SearchAction","target":{"@type":"EntryPoint","urlTemplate":"https:\/\/ele.inmsol.com\/en\/?s={search_term_string}"},"query-input":{"@type":"PropertyValueSpecification","valueRequired":true,"valueName":"search_term_string"}}],"inLanguage":"it-IT"}]}},"_links":{"self":[{"href":"https:\/\/ele.inmsol.com\/it\/wp-json\/wp\/v2\/pages\/722","targetHints":{"allow":["GET"]}}],"collection":[{"href":"https:\/\/ele.inmsol.com\/it\/wp-json\/wp\/v2\/pages"}],"about":[{"href":"https:\/\/ele.inmsol.com\/it\/wp-json\/wp\/v2\/types\/page"}],"author":[{"embeddable":true,"href":"https:\/\/ele.inmsol.com\/it\/wp-json\/wp\/v2\/users\/8"}],"replies":[{"embeddable":true,"href":"https:\/\/ele.inmsol.com\/it\/wp-json\/wp\/v2\/comments?post=722"}],"version-history":[{"count":0,"href":"https:\/\/ele.inmsol.com\/it\/wp-json\/wp\/v2\/pages\/722\/revisions"}],"wp:attachment":[{"href":"https:\/\/ele.inmsol.com\/it\/wp-json\/wp\/v2\/media?parent=722"}],"curies":[{"name":"wp","href":"https:\/\/api.w.org\/{rel}","templated":true}]}}